{"id":168,"date":"2018-08-20T19:25:09","date_gmt":"2018-08-20T19:25:09","guid":{"rendered":"http:\/\/blogs.acatlan.unam.mx\/selita\/?page_id=168"},"modified":"2023-02-03T21:16:49","modified_gmt":"2023-02-03T21:16:49","slug":"inicio","status":"publish","type":"page","link":"https:\/\/blogs.acatlan.unam.mx\/selita\/","title":{"rendered":"Inicio"},"content":{"rendered":"<p><strong>\u00bfQu\u00e9 es el SELITA?<\/strong><\/p>\n<p style=\"text-align: justify\">El Seminario de Ling\u00fc\u00edstica Te\u00f3rica y\u00a0 Aplicada es un espacio de reflexi\u00f3n acad\u00e9mica y de promoci\u00f3n de la investigaci\u00f3n que tiene entre sus objetivos principales la producci\u00f3n de conocimiento en el \u00e1rea de la Ling\u00fc\u00edstica te\u00f3rica y aplicada, as\u00ed como la formaci\u00f3n, actualizaci\u00f3n y mejoramiento profesional de los profesores del Centro de Ense\u00f1anza de Idiomas (CEI) de la FES Acatl\u00e1n.<\/p>\n<p><strong>Prop\u00f3sito<\/strong><\/p>\n<p>Promover, desarrollar y difundir los proyectos de investigaci\u00f3n y de docencia que realizan los acad\u00e9micos del Centro de Ense\u00f1anza de Idiomas.<\/p>\n<p style=\"text-align: justify\">El SELITA al ser un espacio para la superacion acad\u00e9mica, la innovaci\u00f3n en la docencia y el desarrollo de la investigaci\u00f3n en el CEI, invita a\u00a0 los profesores de carrera, los profesores de asignatura y los tecnicos acad\u00e9micos a participar en las actividades de alguna de sus \u00e1reas. Trabajemos juntos para mejorar la calidad de nuestra oferta educativa.<\/p>\n<p>Las cuatro <strong>\u00e1reas<\/strong> que conforman el SELITA son:<\/p>\n<p><strong>LENGUA, SOCIEDAD Y CULTURA,\u00a0<\/strong>objetivo:<\/p>\n<p>Generar, promover y profundizar conocimiento, tanto te\u00f3rico como aplicado en los campos de\u00a0la lengua -materna, segunda o extranjera-, la cultura y la sociedad.<\/p>\n<p><strong>FORMACI\u00d3N DOCENTE<\/strong>, objetivo:<\/p>\n<p style=\"text-align: justify\">Desarrollar un esquema de formaci\u00f3n continua que vincule las tareas que realizan los docentes, con actividades de autoevaluaci\u00f3n y mejoramiento de su pr\u00e1ctica profesional.<\/p>\n<p><strong>ENSE\u00d1ANZA-APRENDIZAJE DE LENGUAS-CULTURAS<\/strong>, objetivo:<\/p>\n<p style=\"text-align: justify\">Promover la investigacidn te\u00f3rica y aplicada relativa a los procesos de ense\u00f1anza-aprendizeje de lenguas, a fin de mejorar, enriquecer, sistematizar y proyectar el ejercicio profesional del docente de idiomas.<\/p>\n<p><strong>EDUCACI\u00d3N A DISTANCIA Y TECNOPEDAGOG\u00cdA<\/strong>, objetivo:<\/p>\n<p>Fomentar la formaci\u00f3n continua de los profesores de\u00a0lenguas, as\u00ed como la promoci\u00f3n y difusi\u00f3n del conocimiento y\u00a0 las pr\u00e1cticas exitosas en educaci\u00f3n a distancia e h\u00edbrida, con base en la tecnopedagog\u00eda aplicada a la ense\u00f1anza y el aprendizaje de lenguas.<\/p>\n<p>&nbsp;<\/p>\n<p><strong>Representantes:<\/strong><\/p>\n<p>Coordinadora: Viviana P\u00e1ez<\/p>\n<p>Secretaria Acad\u00e9mica: Gloria de la Garza<\/p>\n<p style=\"text-align: justify\">Lengua, Sociedad y Cultura: Jafreth Espinosa<\/p>\n<p style=\"text-align: justify\">Formaci\u00f3n Docente: Jos\u00e9 Francisco Castillo<\/p>\n<p style=\"text-align: justify\">Ense\u00f1anza-Aprendizaje de Lenguas-Culturas: Edgar Cruz<\/p>\n<p style=\"text-align: justify\">Educaci\u00f3n a Distancia y Tecnopedagog\u00eda: Arturo Rojas<\/p>\n<p>Vocales:<br \/>\nSigfried Boehm, vocal del Departamento de Alem\u00e1n<br \/>\nPilar Cerdeira, vocal del Departamento de Espa\u00f1ol para extranjeros y lenguas no indoeuropeas<br \/>\nYolanda Guillermina L\u00f3pez Franco, vocal del Departamento de Franc\u00e9s<br \/>\nEmma Navarrete, vocal del Departamento de Ingl\u00e9s<br \/>\nMartha Palacios, vocal del Departamento de Portugu\u00e9s<\/p>\n<p>&nbsp;<\/p>\n","protected":false},"excerpt":{"rendered":"<p>\u00bfQu\u00e9 es el SELITA? El Seminario de Ling\u00fc\u00edstica Te\u00f3rica y\u00a0 Aplicada es un espacio de reflexi\u00f3n acad\u00e9mica y de promoci\u00f3n de la investigaci\u00f3n que tiene entre sus objetivos principales la producci\u00f3n de conocimiento en el \u00e1rea de la Ling\u00fc\u00edstica te\u00f3rica y aplicada, as\u00ed como la formaci\u00f3n, actualizaci\u00f3n y mejoramiento profesional de los profesores del Centro [&hellip;]<\/p>\n","protected":false},"author":1,"featured_media":0,"parent":0,"menu_order":0,"comment_status":"closed","ping_status":"closed","template":"","meta":{"_exactmetrics_skip_tracking":false,"_exactmetrics_sitenote_active":false,"_exactmetrics_sitenote_note":"","_exactmetrics_sitenote_category":0,"footnotes":""},"class_list":["post-168","page","type-page","status-publish","hentry"],"yoast_head":"<!-- This site is optimized with the Yoast SEO plugin v24.7 - https:\/\/yoast.com\/wordpress\/plugins\/seo\/ -->\n<title>Inicio - Seminario de Ling\u00fc\u00edstica Te\u00f3rica y Aplicada<\/title>\n<meta name=\"robots\" content=\"index, follow, max-snippet:-1, max-image-preview:large, max-video-preview:-1\" \/>\n<link rel=\"canonical\" href=\"https:\/\/blogs.acatlan.unam.mx\/selita\/\" \/>\n<meta property=\"og:locale\" content=\"es_ES\" \/>\n<meta property=\"og:type\" content=\"article\" \/>\n<meta property=\"og:title\" content=\"Inicio - Seminario de Ling\u00fc\u00edstica Te\u00f3rica y Aplicada\" \/>\n<meta property=\"og:description\" content=\"\u00bfQu\u00e9 es el SELITA? El Seminario de Ling\u00fc\u00edstica Te\u00f3rica y\u00a0 Aplicada es un espacio de reflexi\u00f3n acad\u00e9mica y de promoci\u00f3n de la investigaci\u00f3n que tiene entre sus objetivos principales la producci\u00f3n de conocimiento en el \u00e1rea de la Ling\u00fc\u00edstica te\u00f3rica y aplicada, as\u00ed como la formaci\u00f3n, actualizaci\u00f3n y mejoramiento profesional de los profesores del Centro [&hellip;]\" \/>\n<meta property=\"og:url\" content=\"https:\/\/blogs.acatlan.unam.mx\/selita\/\" \/>\n<meta property=\"og:site_name\" content=\"Seminario de Ling\u00fc\u00edstica Te\u00f3rica y Aplicada\" \/>\n<meta property=\"article:modified_time\" content=\"2023-02-03T21:16:49+00:00\" \/>\n<meta name=\"twitter:card\" content=\"summary_large_image\" \/>\n<meta name=\"twitter:label1\" content=\"Tiempo de lectura\" \/>\n\t<meta name=\"twitter:data1\" content=\"2 minutos\" \/>\n<script type=\"application\/ld+json\" class=\"yoast-schema-graph\">{\"@context\":\"https:\/\/schema.org\",\"@graph\":[{\"@type\":\"WebPage\",\"@id\":\"https:\/\/blogs.acatlan.unam.mx\/selita\/\",\"url\":\"https:\/\/blogs.acatlan.unam.mx\/selita\/\",\"name\":\"Inicio - Seminario de Ling\u00fc\u00edstica Te\u00f3rica y Aplicada\",\"isPartOf\":{\"@id\":\"https:\/\/blogs.acatlan.unam.mx\/selita\/#website\"},\"datePublished\":\"2018-08-20T19:25:09+00:00\",\"dateModified\":\"2023-02-03T21:16:49+00:00\",\"breadcrumb\":{\"@id\":\"https:\/\/blogs.acatlan.unam.mx\/selita\/#breadcrumb\"},\"inLanguage\":\"es\",\"potentialAction\":[{\"@type\":\"ReadAction\",\"target\":[\"https:\/\/blogs.acatlan.unam.mx\/selita\/\"]}]},{\"@type\":\"BreadcrumbList\",\"@id\":\"https:\/\/blogs.acatlan.unam.mx\/selita\/#breadcrumb\",\"itemListElement\":[{\"@type\":\"ListItem\",\"position\":1,\"name\":\"Portada\",\"item\":\"https:\/\/blogs.acatlan.unam.mx\/selita\/\"},{\"@type\":\"ListItem\",\"position\":2,\"name\":\"Inicio\"}]},{\"@type\":\"WebSite\",\"@id\":\"https:\/\/blogs.acatlan.unam.mx\/selita\/#website\",\"url\":\"https:\/\/blogs.acatlan.unam.mx\/selita\/\",\"name\":\"Seminario de Ling\u00fc\u00edstica Te\u00f3rica y Aplicada\",\"description\":\"Otro sitio m\u00e1s de Blogs de la FES Acatl\u00e1n\",\"potentialAction\":[{\"@type\":\"SearchAction\",\"target\":{\"@type\":\"EntryPoint\",\"urlTemplate\":\"https:\/\/blogs.acatlan.unam.mx\/selita\/?s={search_term_string}\"},\"query-input\":{\"@type\":\"PropertyValueSpecification\",\"valueRequired\":true,\"valueName\":\"search_term_string\"}}],\"inLanguage\":\"es\"}]}<\/script>\n<!-- \/ Yoast SEO plugin. -->","yoast_head_json":{"title":"Inicio - Seminario de Ling\u00fc\u00edstica Te\u00f3rica y Aplicada","robots":{"index":"index","follow":"follow","max-snippet":"max-snippet:-1","max-image-preview":"max-image-preview:large","max-video-preview":"max-video-preview:-1"},"canonical":"https:\/\/blogs.acatlan.unam.mx\/selita\/","og_locale":"es_ES","og_type":"article","og_title":"Inicio - Seminario de Ling\u00fc\u00edstica Te\u00f3rica y Aplicada","og_description":"\u00bfQu\u00e9 es el SELITA? El Seminario de Ling\u00fc\u00edstica Te\u00f3rica y\u00a0 Aplicada es un espacio de reflexi\u00f3n acad\u00e9mica y de promoci\u00f3n de la investigaci\u00f3n que tiene entre sus objetivos principales la producci\u00f3n de conocimiento en el \u00e1rea de la Ling\u00fc\u00edstica te\u00f3rica y aplicada, as\u00ed como la formaci\u00f3n, actualizaci\u00f3n y mejoramiento profesional de los profesores del Centro [&hellip;]","og_url":"https:\/\/blogs.acatlan.unam.mx\/selita\/","og_site_name":"Seminario de Ling\u00fc\u00edstica Te\u00f3rica y Aplicada","article_modified_time":"2023-02-03T21:16:49+00:00","twitter_card":"summary_large_image","twitter_misc":{"Tiempo de lectura":"2 minutos"},"schema":{"@context":"https:\/\/schema.org","@graph":[{"@type":"WebPage","@id":"https:\/\/blogs.acatlan.unam.mx\/selita\/","url":"https:\/\/blogs.acatlan.unam.mx\/selita\/","name":"Inicio - Seminario de Ling\u00fc\u00edstica Te\u00f3rica y Aplicada","isPartOf":{"@id":"https:\/\/blogs.acatlan.unam.mx\/selita\/#website"},"datePublished":"2018-08-20T19:25:09+00:00","dateModified":"2023-02-03T21:16:49+00:00","breadcrumb":{"@id":"https:\/\/blogs.acatlan.unam.mx\/selita\/#breadcrumb"},"inLanguage":"es","potentialAction":[{"@type":"ReadAction","target":["https:\/\/blogs.acatlan.unam.mx\/selita\/"]}]},{"@type":"BreadcrumbList","@id":"https:\/\/blogs.acatlan.unam.mx\/selita\/#breadcrumb","itemListElement":[{"@type":"ListItem","position":1,"name":"Portada","item":"https:\/\/blogs.acatlan.unam.mx\/selita\/"},{"@type":"ListItem","position":2,"name":"Inicio"}]},{"@type":"WebSite","@id":"https:\/\/blogs.acatlan.unam.mx\/selita\/#website","url":"https:\/\/blogs.acatlan.unam.mx\/selita\/","name":"Seminario de Ling\u00fc\u00edstica Te\u00f3rica y Aplicada","description":"Otro sitio m\u00e1s de Blogs de la FES Acatl\u00e1n","potentialAction":[{"@type":"SearchAction","target":{"@type":"EntryPoint","urlTemplate":"https:\/\/blogs.acatlan.unam.mx\/selita\/?s={search_term_string}"},"query-input":{"@type":"PropertyValueSpecification","valueRequired":true,"valueName":"search_term_string"}}],"inLanguage":"es"}]}},"_links":{"self":[{"href":"https:\/\/blogs.acatlan.unam.mx\/selita\/wp-json\/wp\/v2\/pages\/168","targetHints":{"allow":["GET"]}}],"collection":[{"href":"https:\/\/blogs.acatlan.unam.mx\/selita\/wp-json\/wp\/v2\/pages"}],"about":[{"href":"https:\/\/blogs.acatlan.unam.mx\/selita\/wp-json\/wp\/v2\/types\/page"}],"author":[{"embeddable":true,"href":"https:\/\/blogs.acatlan.unam.mx\/selita\/wp-json\/wp\/v2\/users\/1"}],"replies":[{"embeddable":true,"href":"https:\/\/blogs.acatlan.unam.mx\/selita\/wp-json\/wp\/v2\/comments?post=168"}],"version-history":[{"count":14,"href":"https:\/\/blogs.acatlan.unam.mx\/selita\/wp-json\/wp\/v2\/pages\/168\/revisions"}],"predecessor-version":[{"id":496,"href":"https:\/\/blogs.acatlan.unam.mx\/selita\/wp-json\/wp\/v2\/pages\/168\/revisions\/496"}],"wp:attachment":[{"href":"https:\/\/blogs.acatlan.unam.mx\/selita\/wp-json\/wp\/v2\/media?parent=168"}],"curies":[{"name":"wp","href":"https:\/\/api.w.org\/{rel}","templated":true}]}}