{"id":156,"date":"2015-12-10T21:02:57","date_gmt":"2015-12-10T21:02:57","guid":{"rendered":"http:\/\/blogs.acatlan.unam.mx\/sefa\/?page_id=156"},"modified":"2016-09-01T14:25:00","modified_gmt":"2016-09-01T14:25:00","slug":"acerca-del-seminario-2","status":"publish","type":"page","link":"https:\/\/blogs.acatlan.unam.mx\/sefa\/acerca-del-seminario-2\/","title":{"rendered":"Acerca del Seminario"},"content":{"rendered":"<p>El blog <em>Seminario de Econom\u00eda Financiera Acatl\u00e1n<\/em> es un espacio de informaci\u00f3n, cr\u00edtica y debate acad\u00e9mico constituido\u00a0con el prop\u00f3sito de reflexionar acerca de temas de inter\u00e9s y actualidad para nuestra comunidad, tanto estudiantes como profesores.<\/p>\n<p>En \u00faltima instancia, su intenci\u00f3n es crear un foro en el que alumnos y profesor expresen libremente sus ideas sobre los temas propuestos, de modo que se vaya conformando un conglomerado de interlocuci\u00f3n acad\u00e9mica relacionada con la econom\u00eda financiera.<\/p>\n<p>Peri\u00f3dicamente\u00a0el profesor\u00a0 propondr\u00e1 un tema que ser\u00e1 analizado y comentado por los alumnos de Mercados Financieros\u00a0mediante colaboraciones individuales o grupales; podr\u00e1n participar tambi\u00e9n\u00a0otros alumnos, profesores e investigadores interesados. Los comentarios de los alumnos de la asignatura\u00a0ser\u00e1n publicados y, si es necesario,\u00a0comentados por el profesor. El resto de los comentarios ser\u00e1n, en la medida de los posible,\u00a0atendidos y contestados.<\/p>\n<p>&nbsp;<\/p>\n<p>Atentamente<\/p>\n<p>Profesor Gabriel G\u00f3mez<\/p>\n<p>&nbsp;<\/p>\n","protected":false},"excerpt":{"rendered":"<p>El blog Seminario de Econom\u00eda Financiera Acatl\u00e1n es un espacio de informaci\u00f3n, cr\u00edtica y debate acad\u00e9mico constituido\u00a0con el prop\u00f3sito de reflexionar acerca de temas de inter\u00e9s y actualidad para nuestra comunidad, tanto estudiantes como profesores. En \u00faltima instancia, su intenci\u00f3n es crear un foro en el que alumnos y profesor expresen libremente sus ideas sobre [&hellip;]<\/p>\n","protected":false},"author":38,"featured_media":0,"parent":0,"menu_order":0,"comment_status":"open","ping_status":"open","template":"","meta":{"_exactmetrics_skip_tracking":false,"_exactmetrics_sitenote_active":false,"_exactmetrics_sitenote_note":"","_exactmetrics_sitenote_category":0,"footnotes":""},"class_list":["post-156","page","type-page","status-publish","hentry"],"yoast_head":"<!-- This site is optimized with the Yoast SEO plugin v24.7 - https:\/\/yoast.com\/wordpress\/plugins\/seo\/ -->\n<title>Acerca del Seminario - Seminario de Econom\u00eda Financiera Acatl\u00e1n<\/title>\n<meta name=\"robots\" content=\"index, follow, max-snippet:-1, max-image-preview:large, max-video-preview:-1\" \/>\n<link rel=\"canonical\" href=\"https:\/\/blogs.acatlan.unam.mx\/sefa\/acerca-del-seminario-2\/\" \/>\n<meta property=\"og:locale\" content=\"es_ES\" \/>\n<meta property=\"og:type\" content=\"article\" \/>\n<meta property=\"og:title\" content=\"Acerca del Seminario - Seminario de Econom\u00eda Financiera Acatl\u00e1n\" \/>\n<meta property=\"og:description\" content=\"El blog Seminario de Econom\u00eda Financiera Acatl\u00e1n es un espacio de informaci\u00f3n, cr\u00edtica y debate acad\u00e9mico constituido\u00a0con el prop\u00f3sito de reflexionar acerca de temas de inter\u00e9s y actualidad para nuestra comunidad, tanto estudiantes como profesores. En \u00faltima instancia, su intenci\u00f3n es crear un foro en el que alumnos y profesor expresen libremente sus ideas sobre [&hellip;]\" \/>\n<meta property=\"og:url\" content=\"https:\/\/blogs.acatlan.unam.mx\/sefa\/acerca-del-seminario-2\/\" \/>\n<meta property=\"og:site_name\" content=\"Seminario de Econom\u00eda Financiera Acatl\u00e1n\" \/>\n<meta property=\"article:modified_time\" content=\"2016-09-01T14:25:00+00:00\" \/>\n<meta name=\"twitter:card\" content=\"summary_large_image\" \/>\n<meta name=\"twitter:label1\" content=\"Tiempo de lectura\" \/>\n\t<meta name=\"twitter:data1\" content=\"1 minuto\" \/>\n<script type=\"application\/ld+json\" class=\"yoast-schema-graph\">{\"@context\":\"https:\/\/schema.org\",\"@graph\":[{\"@type\":\"WebPage\",\"@id\":\"https:\/\/blogs.acatlan.unam.mx\/sefa\/acerca-del-seminario-2\/\",\"url\":\"https:\/\/blogs.acatlan.unam.mx\/sefa\/acerca-del-seminario-2\/\",\"name\":\"Acerca del Seminario - Seminario de Econom\u00eda Financiera Acatl\u00e1n\",\"isPartOf\":{\"@id\":\"https:\/\/blogs.acatlan.unam.mx\/sefa\/#website\"},\"datePublished\":\"2015-12-10T21:02:57+00:00\",\"dateModified\":\"2016-09-01T14:25:00+00:00\",\"breadcrumb\":{\"@id\":\"https:\/\/blogs.acatlan.unam.mx\/sefa\/acerca-del-seminario-2\/#breadcrumb\"},\"inLanguage\":\"es\",\"potentialAction\":[{\"@type\":\"ReadAction\",\"target\":[\"https:\/\/blogs.acatlan.unam.mx\/sefa\/acerca-del-seminario-2\/\"]}]},{\"@type\":\"BreadcrumbList\",\"@id\":\"https:\/\/blogs.acatlan.unam.mx\/sefa\/acerca-del-seminario-2\/#breadcrumb\",\"itemListElement\":[{\"@type\":\"ListItem\",\"position\":1,\"name\":\"Portada\",\"item\":\"https:\/\/blogs.acatlan.unam.mx\/sefa\/\"},{\"@type\":\"ListItem\",\"position\":2,\"name\":\"Acerca del Seminario\"}]},{\"@type\":\"WebSite\",\"@id\":\"https:\/\/blogs.acatlan.unam.mx\/sefa\/#website\",\"url\":\"https:\/\/blogs.acatlan.unam.mx\/sefa\/\",\"name\":\"Seminario de Econom\u00eda Financiera Acatl\u00e1n\",\"description\":\"Sitio de debate acad\u00e9mico sobre temas financieros.\",\"potentialAction\":[{\"@type\":\"SearchAction\",\"target\":{\"@type\":\"EntryPoint\",\"urlTemplate\":\"https:\/\/blogs.acatlan.unam.mx\/sefa\/?s={search_term_string}\"},\"query-input\":{\"@type\":\"PropertyValueSpecification\",\"valueRequired\":true,\"valueName\":\"search_term_string\"}}],\"inLanguage\":\"es\"}]}<\/script>\n<!-- \/ Yoast SEO plugin. -->","yoast_head_json":{"title":"Acerca del Seminario - Seminario de Econom\u00eda Financiera Acatl\u00e1n","robots":{"index":"index","follow":"follow","max-snippet":"max-snippet:-1","max-image-preview":"max-image-preview:large","max-video-preview":"max-video-preview:-1"},"canonical":"https:\/\/blogs.acatlan.unam.mx\/sefa\/acerca-del-seminario-2\/","og_locale":"es_ES","og_type":"article","og_title":"Acerca del Seminario - Seminario de Econom\u00eda Financiera Acatl\u00e1n","og_description":"El blog Seminario de Econom\u00eda Financiera Acatl\u00e1n es un espacio de informaci\u00f3n, cr\u00edtica y debate acad\u00e9mico constituido\u00a0con el prop\u00f3sito de reflexionar acerca de temas de inter\u00e9s y actualidad para nuestra comunidad, tanto estudiantes como profesores. En \u00faltima instancia, su intenci\u00f3n es crear un foro en el que alumnos y profesor expresen libremente sus ideas sobre [&hellip;]","og_url":"https:\/\/blogs.acatlan.unam.mx\/sefa\/acerca-del-seminario-2\/","og_site_name":"Seminario de Econom\u00eda Financiera Acatl\u00e1n","article_modified_time":"2016-09-01T14:25:00+00:00","twitter_card":"summary_large_image","twitter_misc":{"Tiempo de lectura":"1 minuto"},"schema":{"@context":"https:\/\/schema.org","@graph":[{"@type":"WebPage","@id":"https:\/\/blogs.acatlan.unam.mx\/sefa\/acerca-del-seminario-2\/","url":"https:\/\/blogs.acatlan.unam.mx\/sefa\/acerca-del-seminario-2\/","name":"Acerca del Seminario - Seminario de Econom\u00eda Financiera Acatl\u00e1n","isPartOf":{"@id":"https:\/\/blogs.acatlan.unam.mx\/sefa\/#website"},"datePublished":"2015-12-10T21:02:57+00:00","dateModified":"2016-09-01T14:25:00+00:00","breadcrumb":{"@id":"https:\/\/blogs.acatlan.unam.mx\/sefa\/acerca-del-seminario-2\/#breadcrumb"},"inLanguage":"es","potentialAction":[{"@type":"ReadAction","target":["https:\/\/blogs.acatlan.unam.mx\/sefa\/acerca-del-seminario-2\/"]}]},{"@type":"BreadcrumbList","@id":"https:\/\/blogs.acatlan.unam.mx\/sefa\/acerca-del-seminario-2\/#breadcrumb","itemListElement":[{"@type":"ListItem","position":1,"name":"Portada","item":"https:\/\/blogs.acatlan.unam.mx\/sefa\/"},{"@type":"ListItem","position":2,"name":"Acerca del Seminario"}]},{"@type":"WebSite","@id":"https:\/\/blogs.acatlan.unam.mx\/sefa\/#website","url":"https:\/\/blogs.acatlan.unam.mx\/sefa\/","name":"Seminario de Econom\u00eda Financiera Acatl\u00e1n","description":"Sitio de debate acad\u00e9mico sobre temas financieros.","potentialAction":[{"@type":"SearchAction","target":{"@type":"EntryPoint","urlTemplate":"https:\/\/blogs.acatlan.unam.mx\/sefa\/?s={search_term_string}"},"query-input":{"@type":"PropertyValueSpecification","valueRequired":true,"valueName":"search_term_string"}}],"inLanguage":"es"}]}},"_links":{"self":[{"href":"https:\/\/blogs.acatlan.unam.mx\/sefa\/wp-json\/wp\/v2\/pages\/156","targetHints":{"allow":["GET"]}}],"collection":[{"href":"https:\/\/blogs.acatlan.unam.mx\/sefa\/wp-json\/wp\/v2\/pages"}],"about":[{"href":"https:\/\/blogs.acatlan.unam.mx\/sefa\/wp-json\/wp\/v2\/types\/page"}],"author":[{"embeddable":true,"href":"https:\/\/blogs.acatlan.unam.mx\/sefa\/wp-json\/wp\/v2\/users\/38"}],"replies":[{"embeddable":true,"href":"https:\/\/blogs.acatlan.unam.mx\/sefa\/wp-json\/wp\/v2\/comments?post=156"}],"version-history":[{"count":6,"href":"https:\/\/blogs.acatlan.unam.mx\/sefa\/wp-json\/wp\/v2\/pages\/156\/revisions"}],"predecessor-version":[{"id":324,"href":"https:\/\/blogs.acatlan.unam.mx\/sefa\/wp-json\/wp\/v2\/pages\/156\/revisions\/324"}],"wp:attachment":[{"href":"https:\/\/blogs.acatlan.unam.mx\/sefa\/wp-json\/wp\/v2\/media?parent=156"}],"curies":[{"name":"wp","href":"https:\/\/api.w.org\/{rel}","templated":true}]}}