{"id":92,"date":"2015-01-23T18:54:09","date_gmt":"2015-01-23T18:54:09","guid":{"rendered":"http:\/\/blogs.acatlan.unam.mx\/scronicas\/?page_id=92"},"modified":"2023-09-21T02:15:25","modified_gmt":"2023-09-21T02:15:25","slug":"info2","status":"publish","type":"page","link":"https:\/\/blogs.acatlan.unam.mx\/scronicas\/notitle\/info2\/","title":{"rendered":"Los Dioses Solares"},"content":{"rendered":"<p>Algunas consideraciones sobre las deidades de tipo solar.<\/p>\n<p><a href=\"http:\/\/blogs.acatlan.unam.mx\/scronicas\/files\/2015\/01\/seminario-prueba-031.jpg\"><img loading=\"lazy\" decoding=\"async\" src=\"data:image\/gif;base64,R0lGODlhAQABAIAAAAAAAP\/\/\/ywAAAAAAQABAAACAUwAOw==\" fifu-lazy=\"1\" fifu-data-sizes=\"auto\" fifu-data-srcset=\"https:\/\/i3.wp.com\/blogs.acatlan.unam.mx\/scronicas\/files\/2015\/01\/seminario-prueba-031.jpg?ssl=1&w=75&resize=75&ssl=1 75w, https:\/\/i3.wp.com\/blogs.acatlan.unam.mx\/scronicas\/files\/2015\/01\/seminario-prueba-031.jpg?ssl=1&w=100&resize=100&ssl=1 100w, https:\/\/i3.wp.com\/blogs.acatlan.unam.mx\/scronicas\/files\/2015\/01\/seminario-prueba-031.jpg?ssl=1&w=150&resize=150&ssl=1 150w, https:\/\/i3.wp.com\/blogs.acatlan.unam.mx\/scronicas\/files\/2015\/01\/seminario-prueba-031.jpg?ssl=1&w=240&resize=240&ssl=1 240w, https:\/\/i3.wp.com\/blogs.acatlan.unam.mx\/scronicas\/files\/2015\/01\/seminario-prueba-031.jpg?ssl=1&w=320&resize=320&ssl=1 320w, https:\/\/i3.wp.com\/blogs.acatlan.unam.mx\/scronicas\/files\/2015\/01\/seminario-prueba-031.jpg?ssl=1&w=500&resize=500&ssl=1 500w, https:\/\/i3.wp.com\/blogs.acatlan.unam.mx\/scronicas\/files\/2015\/01\/seminario-prueba-031.jpg?ssl=1&w=640&resize=640&ssl=1 640w, https:\/\/i3.wp.com\/blogs.acatlan.unam.mx\/scronicas\/files\/2015\/01\/seminario-prueba-031.jpg?ssl=1&w=800&resize=800&ssl=1 800w, https:\/\/i3.wp.com\/blogs.acatlan.unam.mx\/scronicas\/files\/2015\/01\/seminario-prueba-031.jpg?ssl=1&w=1024&resize=1024&ssl=1 1024w, https:\/\/i3.wp.com\/blogs.acatlan.unam.mx\/scronicas\/files\/2015\/01\/seminario-prueba-031.jpg?ssl=1&w=1280&resize=1280&ssl=1 1280w, https:\/\/i3.wp.com\/blogs.acatlan.unam.mx\/scronicas\/files\/2015\/01\/seminario-prueba-031.jpg?ssl=1&w=1600&resize=1600&ssl=1 1600w\" class=\"aligncenter size-full wp-image-124\" fifu-data-src=\"https:\/\/i3.wp.com\/blogs.acatlan.unam.mx\/scronicas\/files\/2015\/01\/seminario-prueba-031.jpg?ssl=1\" alt=\"seminario prueba-03(1)\" width=\"534\" height=\"1120\" \/><\/a><\/p>\n","protected":false},"excerpt":{"rendered":"<p>Algunas consideraciones sobre las deidades de tipo solar.<\/p>\n","protected":false},"author":28,"featured_media":0,"parent":83,"menu_order":0,"comment_status":"closed","ping_status":"open","template":"","meta":{"_exactmetrics_skip_tracking":false,"_exactmetrics_sitenote_active":false,"_exactmetrics_sitenote_note":"","_exactmetrics_sitenote_category":0,"footnotes":""},"class_list":["post-92","page","type-page","status-publish","hentry"],"yoast_head":"<!-- This site is optimized with the Yoast SEO plugin v24.7 - https:\/\/yoast.com\/wordpress\/plugins\/seo\/ -->\n<title>Los Dioses Solares - Seminario Cr\u00f3nicas y fuentes de origen ind\u00edgena del siglo XVI novohispano<\/title>\n<meta name=\"robots\" content=\"index, follow, max-snippet:-1, max-image-preview:large, max-video-preview:-1\" \/>\n<link rel=\"canonical\" href=\"https:\/\/blogs.acatlan.unam.mx\/scronicas\/notitle\/info2\/\" \/>\n<meta property=\"og:locale\" content=\"es_ES\" \/>\n<meta property=\"og:type\" content=\"article\" \/>\n<meta property=\"og:title\" content=\"Los Dioses Solares - Seminario Cr\u00f3nicas y fuentes de origen ind\u00edgena del siglo XVI novohispano\" \/>\n<meta property=\"og:description\" content=\"Algunas consideraciones sobre las deidades de tipo solar.\" \/>\n<meta property=\"og:url\" content=\"https:\/\/blogs.acatlan.unam.mx\/scronicas\/notitle\/info2\/\" \/>\n<meta property=\"og:site_name\" content=\"Seminario Cr\u00f3nicas y fuentes de origen ind\u00edgena del siglo XVI novohispano\" \/>\n<meta property=\"article:modified_time\" content=\"2023-09-21T02:15:25+00:00\" \/>\n<meta property=\"og:image\" content=\"http:\/\/blogs.acatlan.unam.mx\/scronicas\/files\/2015\/01\/seminario-prueba-031.jpg\" \/>\n<meta name=\"twitter:card\" content=\"summary_large_image\" \/>\n<script type=\"application\/ld+json\" class=\"yoast-schema-graph\">{\"@context\":\"https:\/\/schema.org\",\"@graph\":[{\"@type\":\"WebPage\",\"@id\":\"https:\/\/blogs.acatlan.unam.mx\/scronicas\/notitle\/info2\/\",\"url\":\"https:\/\/blogs.acatlan.unam.mx\/scronicas\/notitle\/info2\/\",\"name\":\"Los Dioses Solares - Seminario Cr\u00f3nicas y fuentes de origen ind\u00edgena del siglo XVI novohispano\",\"isPartOf\":{\"@id\":\"https:\/\/blogs.acatlan.unam.mx\/scronicas\/#website\"},\"primaryImageOfPage\":{\"@id\":\"https:\/\/blogs.acatlan.unam.mx\/scronicas\/notitle\/info2\/#primaryimage\"},\"image\":{\"@id\":\"https:\/\/blogs.acatlan.unam.mx\/scronicas\/notitle\/info2\/#primaryimage\"},\"thumbnailUrl\":\"http:\/\/blogs.acatlan.unam.mx\/scronicas\/files\/2015\/01\/seminario-prueba-031.jpg\",\"datePublished\":\"2015-01-23T18:54:09+00:00\",\"dateModified\":\"2023-09-21T02:15:25+00:00\",\"breadcrumb\":{\"@id\":\"https:\/\/blogs.acatlan.unam.mx\/scronicas\/notitle\/info2\/#breadcrumb\"},\"inLanguage\":\"es\",\"potentialAction\":[{\"@type\":\"ReadAction\",\"target\":[\"https:\/\/blogs.acatlan.unam.mx\/scronicas\/notitle\/info2\/\"]}]},{\"@type\":\"ImageObject\",\"inLanguage\":\"es\",\"@id\":\"https:\/\/blogs.acatlan.unam.mx\/scronicas\/notitle\/info2\/#primaryimage\",\"url\":\"https:\/\/blogs.acatlan.unam.mx\/scronicas\/files\/2015\/01\/seminario-prueba-031.jpg\",\"contentUrl\":\"https:\/\/blogs.acatlan.unam.mx\/scronicas\/files\/2015\/01\/seminario-prueba-031.jpg\",\"width\":534,\"height\":1120},{\"@type\":\"BreadcrumbList\",\"@id\":\"https:\/\/blogs.acatlan.unam.mx\/scronicas\/notitle\/info2\/#breadcrumb\",\"itemListElement\":[{\"@type\":\"ListItem\",\"position\":1,\"name\":\"Portada\",\"item\":\"https:\/\/blogs.acatlan.unam.mx\/scronicas\/\"},{\"@type\":\"ListItem\",\"position\":2,\"name\":\"Art\u00edculos del Seminario\",\"item\":\"https:\/\/blogs.acatlan.unam.mx\/scronicas\/notitle\/\"},{\"@type\":\"ListItem\",\"position\":3,\"name\":\"Los Dioses Solares\"}]},{\"@type\":\"WebSite\",\"@id\":\"https:\/\/blogs.acatlan.unam.mx\/scronicas\/#website\",\"url\":\"https:\/\/blogs.acatlan.unam.mx\/scronicas\/\",\"name\":\"Seminario Cr\u00f3nicas y fuentes de origen ind\u00edgena del siglo XVI novohispano\",\"description\":\"Proyecto PAPIME &quot;Dioses y hombres: sus relaciones a trav\u00e9s de la cosmovisi\u00f3n nahua mesoamericana&quot;. Clave: PE400414\",\"potentialAction\":[{\"@type\":\"SearchAction\",\"target\":{\"@type\":\"EntryPoint\",\"urlTemplate\":\"https:\/\/blogs.acatlan.unam.mx\/scronicas\/?s={search_term_string}\"},\"query-input\":{\"@type\":\"PropertyValueSpecification\",\"valueRequired\":true,\"valueName\":\"search_term_string\"}}],\"inLanguage\":\"es\"}]}<\/script>\n<!-- \/ Yoast SEO plugin. -->","yoast_head_json":{"title":"Los Dioses Solares - Seminario Cr\u00f3nicas y fuentes de origen ind\u00edgena del siglo XVI novohispano","robots":{"index":"index","follow":"follow","max-snippet":"max-snippet:-1","max-image-preview":"max-image-preview:large","max-video-preview":"max-video-preview:-1"},"canonical":"https:\/\/blogs.acatlan.unam.mx\/scronicas\/notitle\/info2\/","og_locale":"es_ES","og_type":"article","og_title":"Los Dioses Solares - Seminario Cr\u00f3nicas y fuentes de origen ind\u00edgena del siglo XVI novohispano","og_description":"Algunas consideraciones sobre las deidades de tipo solar.","og_url":"https:\/\/blogs.acatlan.unam.mx\/scronicas\/notitle\/info2\/","og_site_name":"Seminario Cr\u00f3nicas y fuentes de origen ind\u00edgena del siglo XVI novohispano","article_modified_time":"2023-09-21T02:15:25+00:00","og_image":[{"url":"http:\/\/blogs.acatlan.unam.mx\/scronicas\/files\/2015\/01\/seminario-prueba-031.jpg","type":"","width":"","height":""}],"twitter_card":"summary_large_image","schema":{"@context":"https:\/\/schema.org","@graph":[{"@type":"WebPage","@id":"https:\/\/blogs.acatlan.unam.mx\/scronicas\/notitle\/info2\/","url":"https:\/\/blogs.acatlan.unam.mx\/scronicas\/notitle\/info2\/","name":"Los Dioses Solares - Seminario Cr\u00f3nicas y fuentes de origen ind\u00edgena del siglo XVI novohispano","isPartOf":{"@id":"https:\/\/blogs.acatlan.unam.mx\/scronicas\/#website"},"primaryImageOfPage":{"@id":"https:\/\/blogs.acatlan.unam.mx\/scronicas\/notitle\/info2\/#primaryimage"},"image":{"@id":"https:\/\/blogs.acatlan.unam.mx\/scronicas\/notitle\/info2\/#primaryimage"},"thumbnailUrl":"http:\/\/blogs.acatlan.unam.mx\/scronicas\/files\/2015\/01\/seminario-prueba-031.jpg","datePublished":"2015-01-23T18:54:09+00:00","dateModified":"2023-09-21T02:15:25+00:00","breadcrumb":{"@id":"https:\/\/blogs.acatlan.unam.mx\/scronicas\/notitle\/info2\/#breadcrumb"},"inLanguage":"es","potentialAction":[{"@type":"ReadAction","target":["https:\/\/blogs.acatlan.unam.mx\/scronicas\/notitle\/info2\/"]}]},{"@type":"ImageObject","inLanguage":"es","@id":"https:\/\/blogs.acatlan.unam.mx\/scronicas\/notitle\/info2\/#primaryimage","url":"https:\/\/blogs.acatlan.unam.mx\/scronicas\/files\/2015\/01\/seminario-prueba-031.jpg","contentUrl":"https:\/\/blogs.acatlan.unam.mx\/scronicas\/files\/2015\/01\/seminario-prueba-031.jpg","width":534,"height":1120},{"@type":"BreadcrumbList","@id":"https:\/\/blogs.acatlan.unam.mx\/scronicas\/notitle\/info2\/#breadcrumb","itemListElement":[{"@type":"ListItem","position":1,"name":"Portada","item":"https:\/\/blogs.acatlan.unam.mx\/scronicas\/"},{"@type":"ListItem","position":2,"name":"Art\u00edculos del Seminario","item":"https:\/\/blogs.acatlan.unam.mx\/scronicas\/notitle\/"},{"@type":"ListItem","position":3,"name":"Los Dioses Solares"}]},{"@type":"WebSite","@id":"https:\/\/blogs.acatlan.unam.mx\/scronicas\/#website","url":"https:\/\/blogs.acatlan.unam.mx\/scronicas\/","name":"Seminario Cr\u00f3nicas y fuentes de origen ind\u00edgena del siglo XVI novohispano","description":"Proyecto PAPIME &quot;Dioses y hombres: sus relaciones a trav\u00e9s de la cosmovisi\u00f3n nahua mesoamericana&quot;. Clave: PE400414","potentialAction":[{"@type":"SearchAction","target":{"@type":"EntryPoint","urlTemplate":"https:\/\/blogs.acatlan.unam.mx\/scronicas\/?s={search_term_string}"},"query-input":{"@type":"PropertyValueSpecification","valueRequired":true,"valueName":"search_term_string"}}],"inLanguage":"es"}]}},"_links":{"self":[{"href":"https:\/\/blogs.acatlan.unam.mx\/scronicas\/wp-json\/wp\/v2\/pages\/92","targetHints":{"allow":["GET"]}}],"collection":[{"href":"https:\/\/blogs.acatlan.unam.mx\/scronicas\/wp-json\/wp\/v2\/pages"}],"about":[{"href":"https:\/\/blogs.acatlan.unam.mx\/scronicas\/wp-json\/wp\/v2\/types\/page"}],"author":[{"embeddable":true,"href":"https:\/\/blogs.acatlan.unam.mx\/scronicas\/wp-json\/wp\/v2\/users\/28"}],"replies":[{"embeddable":true,"href":"https:\/\/blogs.acatlan.unam.mx\/scronicas\/wp-json\/wp\/v2\/comments?post=92"}],"version-history":[{"count":7,"href":"https:\/\/blogs.acatlan.unam.mx\/scronicas\/wp-json\/wp\/v2\/pages\/92\/revisions"}],"predecessor-version":[{"id":125,"href":"https:\/\/blogs.acatlan.unam.mx\/scronicas\/wp-json\/wp\/v2\/pages\/92\/revisions\/125"}],"up":[{"embeddable":true,"href":"https:\/\/blogs.acatlan.unam.mx\/scronicas\/wp-json\/wp\/v2\/pages\/83"}],"wp:attachment":[{"href":"https:\/\/blogs.acatlan.unam.mx\/scronicas\/wp-json\/wp\/v2\/media?parent=92"}],"curies":[{"name":"wp","href":"https:\/\/api.w.org\/{rel}","templated":true}]}}