{"id":83,"date":"2015-01-23T18:39:27","date_gmt":"2015-01-23T18:39:27","guid":{"rendered":"http:\/\/blogs.acatlan.unam.mx\/scronicas\/?page_id=83"},"modified":"2023-09-21T02:15:23","modified_gmt":"2023-09-21T02:15:23","slug":"notitle","status":"publish","type":"page","link":"https:\/\/blogs.acatlan.unam.mx\/scronicas\/notitle\/","title":{"rendered":"Art\u00edculos del Seminario"},"content":{"rendered":"<p>Las Deidades Solares jugaron un papel sumamente importante en l avida religiosa del hombre mesoamericano, particularmente desde el apogeo de la cultura tolteca y posterior desarrollo de la nahua, cerca de 600 a\u00f1os antes de la llegada de los espa\u00f1oles a estas tierras.<\/p>\n<p>La veneraci\u00f3n de dichas deidades quienes pose\u00edan tambi\u00e9n el atributo de ser guerreras, cobra gran relevancia, a\u00fan entre los bien establecidos cultos de los dioses agr\u00edcolas y de la lluvia, debido, en gran medida, a que la actividad b\u00e9lica se convirti\u00f3 en el principal eje motriz de las sociedades del per\u00edodo Epicl\u00e1sico y Poscl\u00e1sico (900-1521 d. C.).<\/p>\n","protected":false},"excerpt":{"rendered":"<p>Las Deidades Solares jugaron un papel sumamente importante en l avida religiosa del hombre mesoamericano, particularmente desde el apogeo de la cultura tolteca y posterior desarrollo de la nahua, cerca de 600 a\u00f1os antes de la llegada de los espa\u00f1oles a estas tierras. La veneraci\u00f3n de dichas deidades quienes pose\u00edan tambi\u00e9n el atributo de ser &hellip; <a href=\"https:\/\/blogs.acatlan.unam.mx\/scronicas\/notitle\/\" class=\"more-link\">Seguir leyendo <span class=\"screen-reader-text\">Art\u00edculos del Seminario<\/span> <span class=\"meta-nav\">&rarr;<\/span><\/a><\/p>\n","protected":false},"author":28,"featured_media":0,"parent":0,"menu_order":2,"comment_status":"closed","ping_status":"closed","template":"","meta":{"_exactmetrics_skip_tracking":false,"_exactmetrics_sitenote_active":false,"_exactmetrics_sitenote_note":"","_exactmetrics_sitenote_category":0,"footnotes":""},"class_list":["post-83","page","type-page","status-publish","hentry"],"yoast_head":"<!-- This site is optimized with the Yoast SEO plugin v24.7 - https:\/\/yoast.com\/wordpress\/plugins\/seo\/ -->\n<title>Art\u00edculos del Seminario - Seminario Cr\u00f3nicas y fuentes de origen ind\u00edgena del siglo XVI novohispano<\/title>\n<meta name=\"robots\" content=\"index, follow, max-snippet:-1, max-image-preview:large, max-video-preview:-1\" \/>\n<link rel=\"canonical\" href=\"https:\/\/blogs.acatlan.unam.mx\/scronicas\/notitle\/\" \/>\n<meta property=\"og:locale\" content=\"es_ES\" \/>\n<meta property=\"og:type\" content=\"article\" \/>\n<meta property=\"og:title\" content=\"Art\u00edculos del Seminario - Seminario Cr\u00f3nicas y fuentes de origen ind\u00edgena del siglo XVI novohispano\" \/>\n<meta property=\"og:description\" content=\"Las Deidades Solares jugaron un papel sumamente importante en l avida religiosa del hombre mesoamericano, particularmente desde el apogeo de la cultura tolteca y posterior desarrollo de la nahua, cerca de 600 a\u00f1os antes de la llegada de los espa\u00f1oles a estas tierras. La veneraci\u00f3n de dichas deidades quienes pose\u00edan tambi\u00e9n el atributo de ser &hellip; Seguir leyendo Art\u00edculos del Seminario &rarr;\" \/>\n<meta property=\"og:url\" content=\"https:\/\/blogs.acatlan.unam.mx\/scronicas\/notitle\/\" \/>\n<meta property=\"og:site_name\" content=\"Seminario Cr\u00f3nicas y fuentes de origen ind\u00edgena del siglo XVI novohispano\" \/>\n<meta property=\"article:modified_time\" content=\"2023-09-21T02:15:23+00:00\" \/>\n<meta name=\"twitter:card\" content=\"summary_large_image\" \/>\n<meta name=\"twitter:label1\" content=\"Tiempo de lectura\" \/>\n\t<meta name=\"twitter:data1\" content=\"1 minuto\" \/>\n<script type=\"application\/ld+json\" class=\"yoast-schema-graph\">{\"@context\":\"https:\/\/schema.org\",\"@graph\":[{\"@type\":\"WebPage\",\"@id\":\"https:\/\/blogs.acatlan.unam.mx\/scronicas\/notitle\/\",\"url\":\"https:\/\/blogs.acatlan.unam.mx\/scronicas\/notitle\/\",\"name\":\"Art\u00edculos del Seminario - Seminario Cr\u00f3nicas y fuentes de origen ind\u00edgena del siglo XVI novohispano\",\"isPartOf\":{\"@id\":\"https:\/\/blogs.acatlan.unam.mx\/scronicas\/#website\"},\"datePublished\":\"2015-01-23T18:39:27+00:00\",\"dateModified\":\"2023-09-21T02:15:23+00:00\",\"breadcrumb\":{\"@id\":\"https:\/\/blogs.acatlan.unam.mx\/scronicas\/notitle\/#breadcrumb\"},\"inLanguage\":\"es\",\"potentialAction\":[{\"@type\":\"ReadAction\",\"target\":[\"https:\/\/blogs.acatlan.unam.mx\/scronicas\/notitle\/\"]}]},{\"@type\":\"BreadcrumbList\",\"@id\":\"https:\/\/blogs.acatlan.unam.mx\/scronicas\/notitle\/#breadcrumb\",\"itemListElement\":[{\"@type\":\"ListItem\",\"position\":1,\"name\":\"Portada\",\"item\":\"https:\/\/blogs.acatlan.unam.mx\/scronicas\/\"},{\"@type\":\"ListItem\",\"position\":2,\"name\":\"Art\u00edculos del Seminario\"}]},{\"@type\":\"WebSite\",\"@id\":\"https:\/\/blogs.acatlan.unam.mx\/scronicas\/#website\",\"url\":\"https:\/\/blogs.acatlan.unam.mx\/scronicas\/\",\"name\":\"Seminario Cr\u00f3nicas y fuentes de origen ind\u00edgena del siglo XVI novohispano\",\"description\":\"Proyecto PAPIME &quot;Dioses y hombres: sus relaciones a trav\u00e9s de la cosmovisi\u00f3n nahua mesoamericana&quot;. Clave: PE400414\",\"potentialAction\":[{\"@type\":\"SearchAction\",\"target\":{\"@type\":\"EntryPoint\",\"urlTemplate\":\"https:\/\/blogs.acatlan.unam.mx\/scronicas\/?s={search_term_string}\"},\"query-input\":{\"@type\":\"PropertyValueSpecification\",\"valueRequired\":true,\"valueName\":\"search_term_string\"}}],\"inLanguage\":\"es\"}]}<\/script>\n<!-- \/ Yoast SEO plugin. -->","yoast_head_json":{"title":"Art\u00edculos del Seminario - Seminario Cr\u00f3nicas y fuentes de origen ind\u00edgena del siglo XVI novohispano","robots":{"index":"index","follow":"follow","max-snippet":"max-snippet:-1","max-image-preview":"max-image-preview:large","max-video-preview":"max-video-preview:-1"},"canonical":"https:\/\/blogs.acatlan.unam.mx\/scronicas\/notitle\/","og_locale":"es_ES","og_type":"article","og_title":"Art\u00edculos del Seminario - Seminario Cr\u00f3nicas y fuentes de origen ind\u00edgena del siglo XVI novohispano","og_description":"Las Deidades Solares jugaron un papel sumamente importante en l avida religiosa del hombre mesoamericano, particularmente desde el apogeo de la cultura tolteca y posterior desarrollo de la nahua, cerca de 600 a\u00f1os antes de la llegada de los espa\u00f1oles a estas tierras. La veneraci\u00f3n de dichas deidades quienes pose\u00edan tambi\u00e9n el atributo de ser &hellip; Seguir leyendo Art\u00edculos del Seminario &rarr;","og_url":"https:\/\/blogs.acatlan.unam.mx\/scronicas\/notitle\/","og_site_name":"Seminario Cr\u00f3nicas y fuentes de origen ind\u00edgena del siglo XVI novohispano","article_modified_time":"2023-09-21T02:15:23+00:00","twitter_card":"summary_large_image","twitter_misc":{"Tiempo de lectura":"1 minuto"},"schema":{"@context":"https:\/\/schema.org","@graph":[{"@type":"WebPage","@id":"https:\/\/blogs.acatlan.unam.mx\/scronicas\/notitle\/","url":"https:\/\/blogs.acatlan.unam.mx\/scronicas\/notitle\/","name":"Art\u00edculos del Seminario - Seminario Cr\u00f3nicas y fuentes de origen ind\u00edgena del siglo XVI novohispano","isPartOf":{"@id":"https:\/\/blogs.acatlan.unam.mx\/scronicas\/#website"},"datePublished":"2015-01-23T18:39:27+00:00","dateModified":"2023-09-21T02:15:23+00:00","breadcrumb":{"@id":"https:\/\/blogs.acatlan.unam.mx\/scronicas\/notitle\/#breadcrumb"},"inLanguage":"es","potentialAction":[{"@type":"ReadAction","target":["https:\/\/blogs.acatlan.unam.mx\/scronicas\/notitle\/"]}]},{"@type":"BreadcrumbList","@id":"https:\/\/blogs.acatlan.unam.mx\/scronicas\/notitle\/#breadcrumb","itemListElement":[{"@type":"ListItem","position":1,"name":"Portada","item":"https:\/\/blogs.acatlan.unam.mx\/scronicas\/"},{"@type":"ListItem","position":2,"name":"Art\u00edculos del Seminario"}]},{"@type":"WebSite","@id":"https:\/\/blogs.acatlan.unam.mx\/scronicas\/#website","url":"https:\/\/blogs.acatlan.unam.mx\/scronicas\/","name":"Seminario Cr\u00f3nicas y fuentes de origen ind\u00edgena del siglo XVI novohispano","description":"Proyecto PAPIME &quot;Dioses y hombres: sus relaciones a trav\u00e9s de la cosmovisi\u00f3n nahua mesoamericana&quot;. Clave: PE400414","potentialAction":[{"@type":"SearchAction","target":{"@type":"EntryPoint","urlTemplate":"https:\/\/blogs.acatlan.unam.mx\/scronicas\/?s={search_term_string}"},"query-input":{"@type":"PropertyValueSpecification","valueRequired":true,"valueName":"search_term_string"}}],"inLanguage":"es"}]}},"_links":{"self":[{"href":"https:\/\/blogs.acatlan.unam.mx\/scronicas\/wp-json\/wp\/v2\/pages\/83","targetHints":{"allow":["GET"]}}],"collection":[{"href":"https:\/\/blogs.acatlan.unam.mx\/scronicas\/wp-json\/wp\/v2\/pages"}],"about":[{"href":"https:\/\/blogs.acatlan.unam.mx\/scronicas\/wp-json\/wp\/v2\/types\/page"}],"author":[{"embeddable":true,"href":"https:\/\/blogs.acatlan.unam.mx\/scronicas\/wp-json\/wp\/v2\/users\/28"}],"replies":[{"embeddable":true,"href":"https:\/\/blogs.acatlan.unam.mx\/scronicas\/wp-json\/wp\/v2\/comments?post=83"}],"version-history":[{"count":7,"href":"https:\/\/blogs.acatlan.unam.mx\/scronicas\/wp-json\/wp\/v2\/pages\/83\/revisions"}],"predecessor-version":[{"id":624,"href":"https:\/\/blogs.acatlan.unam.mx\/scronicas\/wp-json\/wp\/v2\/pages\/83\/revisions\/624"}],"wp:attachment":[{"href":"https:\/\/blogs.acatlan.unam.mx\/scronicas\/wp-json\/wp\/v2\/media?parent=83"}],"curies":[{"name":"wp","href":"https:\/\/api.w.org\/{rel}","templated":true}]}}