{"id":65,"date":"2014-05-28T01:02:11","date_gmt":"2014-05-28T01:02:11","guid":{"rendered":"http:\/\/blogs.acatlan.unam.mx\/scronicas\/?page_id=65"},"modified":"2023-09-21T02:15:26","modified_gmt":"2023-09-21T02:15:26","slug":"recursos","status":"publish","type":"page","link":"https:\/\/blogs.acatlan.unam.mx\/scronicas\/recursos\/","title":{"rendered":"Recursos"},"content":{"rendered":"<p>Por el momento tenemos dificultades para hecerles llegar nuestros recursos de investigaci\u00f3n, a la brevedad les haremos saber la nueva forma en que lo llevaremos a cabo.<\/p>\n","protected":false},"excerpt":{"rendered":"<p>Por el momento tenemos dificultades para hecerles llegar nuestros recursos de investigaci\u00f3n, a la brevedad les haremos saber la nueva forma en que lo llevaremos a cabo.<\/p>\n","protected":false},"author":28,"featured_media":0,"parent":0,"menu_order":3,"comment_status":"closed","ping_status":"closed","template":"","meta":{"_exactmetrics_skip_tracking":false,"_exactmetrics_sitenote_active":false,"_exactmetrics_sitenote_note":"","_exactmetrics_sitenote_category":0,"footnotes":""},"class_list":["post-65","page","type-page","status-publish","hentry"],"yoast_head":"<!-- This site is optimized with the Yoast SEO plugin v24.7 - https:\/\/yoast.com\/wordpress\/plugins\/seo\/ -->\n<title>Recursos - Seminario Cr\u00f3nicas y fuentes de origen ind\u00edgena del siglo XVI novohispano<\/title>\n<meta name=\"robots\" content=\"index, follow, max-snippet:-1, max-image-preview:large, max-video-preview:-1\" \/>\n<link rel=\"canonical\" href=\"https:\/\/blogs.acatlan.unam.mx\/scronicas\/recursos\/\" \/>\n<meta property=\"og:locale\" content=\"es_ES\" \/>\n<meta property=\"og:type\" content=\"article\" \/>\n<meta property=\"og:title\" content=\"Recursos - Seminario Cr\u00f3nicas y fuentes de origen ind\u00edgena del siglo XVI novohispano\" \/>\n<meta property=\"og:description\" content=\"Por el momento tenemos dificultades para hecerles llegar nuestros recursos de investigaci\u00f3n, a la brevedad les haremos saber la nueva forma en que lo llevaremos a cabo.\" \/>\n<meta property=\"og:url\" content=\"https:\/\/blogs.acatlan.unam.mx\/scronicas\/recursos\/\" \/>\n<meta property=\"og:site_name\" content=\"Seminario Cr\u00f3nicas y fuentes de origen ind\u00edgena del siglo XVI novohispano\" \/>\n<meta property=\"article:modified_time\" content=\"2023-09-21T02:15:26+00:00\" \/>\n<meta name=\"twitter:card\" content=\"summary_large_image\" \/>\n<script type=\"application\/ld+json\" class=\"yoast-schema-graph\">{\"@context\":\"https:\/\/schema.org\",\"@graph\":[{\"@type\":\"WebPage\",\"@id\":\"https:\/\/blogs.acatlan.unam.mx\/scronicas\/recursos\/\",\"url\":\"https:\/\/blogs.acatlan.unam.mx\/scronicas\/recursos\/\",\"name\":\"Recursos - Seminario Cr\u00f3nicas y fuentes de origen ind\u00edgena del siglo XVI novohispano\",\"isPartOf\":{\"@id\":\"https:\/\/blogs.acatlan.unam.mx\/scronicas\/#website\"},\"datePublished\":\"2014-05-28T01:02:11+00:00\",\"dateModified\":\"2023-09-21T02:15:26+00:00\",\"breadcrumb\":{\"@id\":\"https:\/\/blogs.acatlan.unam.mx\/scronicas\/recursos\/#breadcrumb\"},\"inLanguage\":\"es\",\"potentialAction\":[{\"@type\":\"ReadAction\",\"target\":[\"https:\/\/blogs.acatlan.unam.mx\/scronicas\/recursos\/\"]}]},{\"@type\":\"BreadcrumbList\",\"@id\":\"https:\/\/blogs.acatlan.unam.mx\/scronicas\/recursos\/#breadcrumb\",\"itemListElement\":[{\"@type\":\"ListItem\",\"position\":1,\"name\":\"Portada\",\"item\":\"https:\/\/blogs.acatlan.unam.mx\/scronicas\/\"},{\"@type\":\"ListItem\",\"position\":2,\"name\":\"Recursos\"}]},{\"@type\":\"WebSite\",\"@id\":\"https:\/\/blogs.acatlan.unam.mx\/scronicas\/#website\",\"url\":\"https:\/\/blogs.acatlan.unam.mx\/scronicas\/\",\"name\":\"Seminario Cr\u00f3nicas y fuentes de origen ind\u00edgena del siglo XVI novohispano\",\"description\":\"Proyecto PAPIME &quot;Dioses y hombres: sus relaciones a trav\u00e9s de la cosmovisi\u00f3n nahua mesoamericana&quot;. Clave: PE400414\",\"potentialAction\":[{\"@type\":\"SearchAction\",\"target\":{\"@type\":\"EntryPoint\",\"urlTemplate\":\"https:\/\/blogs.acatlan.unam.mx\/scronicas\/?s={search_term_string}\"},\"query-input\":{\"@type\":\"PropertyValueSpecification\",\"valueRequired\":true,\"valueName\":\"search_term_string\"}}],\"inLanguage\":\"es\"}]}<\/script>\n<!-- \/ Yoast SEO plugin. -->","yoast_head_json":{"title":"Recursos - Seminario Cr\u00f3nicas y fuentes de origen ind\u00edgena del siglo XVI novohispano","robots":{"index":"index","follow":"follow","max-snippet":"max-snippet:-1","max-image-preview":"max-image-preview:large","max-video-preview":"max-video-preview:-1"},"canonical":"https:\/\/blogs.acatlan.unam.mx\/scronicas\/recursos\/","og_locale":"es_ES","og_type":"article","og_title":"Recursos - Seminario Cr\u00f3nicas y fuentes de origen ind\u00edgena del siglo XVI novohispano","og_description":"Por el momento tenemos dificultades para hecerles llegar nuestros recursos de investigaci\u00f3n, a la brevedad les haremos saber la nueva forma en que lo llevaremos a cabo.","og_url":"https:\/\/blogs.acatlan.unam.mx\/scronicas\/recursos\/","og_site_name":"Seminario Cr\u00f3nicas y fuentes de origen ind\u00edgena del siglo XVI novohispano","article_modified_time":"2023-09-21T02:15:26+00:00","twitter_card":"summary_large_image","schema":{"@context":"https:\/\/schema.org","@graph":[{"@type":"WebPage","@id":"https:\/\/blogs.acatlan.unam.mx\/scronicas\/recursos\/","url":"https:\/\/blogs.acatlan.unam.mx\/scronicas\/recursos\/","name":"Recursos - Seminario Cr\u00f3nicas y fuentes de origen ind\u00edgena del siglo XVI novohispano","isPartOf":{"@id":"https:\/\/blogs.acatlan.unam.mx\/scronicas\/#website"},"datePublished":"2014-05-28T01:02:11+00:00","dateModified":"2023-09-21T02:15:26+00:00","breadcrumb":{"@id":"https:\/\/blogs.acatlan.unam.mx\/scronicas\/recursos\/#breadcrumb"},"inLanguage":"es","potentialAction":[{"@type":"ReadAction","target":["https:\/\/blogs.acatlan.unam.mx\/scronicas\/recursos\/"]}]},{"@type":"BreadcrumbList","@id":"https:\/\/blogs.acatlan.unam.mx\/scronicas\/recursos\/#breadcrumb","itemListElement":[{"@type":"ListItem","position":1,"name":"Portada","item":"https:\/\/blogs.acatlan.unam.mx\/scronicas\/"},{"@type":"ListItem","position":2,"name":"Recursos"}]},{"@type":"WebSite","@id":"https:\/\/blogs.acatlan.unam.mx\/scronicas\/#website","url":"https:\/\/blogs.acatlan.unam.mx\/scronicas\/","name":"Seminario Cr\u00f3nicas y fuentes de origen ind\u00edgena del siglo XVI novohispano","description":"Proyecto PAPIME &quot;Dioses y hombres: sus relaciones a trav\u00e9s de la cosmovisi\u00f3n nahua mesoamericana&quot;. Clave: PE400414","potentialAction":[{"@type":"SearchAction","target":{"@type":"EntryPoint","urlTemplate":"https:\/\/blogs.acatlan.unam.mx\/scronicas\/?s={search_term_string}"},"query-input":{"@type":"PropertyValueSpecification","valueRequired":true,"valueName":"search_term_string"}}],"inLanguage":"es"}]}},"_links":{"self":[{"href":"https:\/\/blogs.acatlan.unam.mx\/scronicas\/wp-json\/wp\/v2\/pages\/65","targetHints":{"allow":["GET"]}}],"collection":[{"href":"https:\/\/blogs.acatlan.unam.mx\/scronicas\/wp-json\/wp\/v2\/pages"}],"about":[{"href":"https:\/\/blogs.acatlan.unam.mx\/scronicas\/wp-json\/wp\/v2\/types\/page"}],"author":[{"embeddable":true,"href":"https:\/\/blogs.acatlan.unam.mx\/scronicas\/wp-json\/wp\/v2\/users\/28"}],"replies":[{"embeddable":true,"href":"https:\/\/blogs.acatlan.unam.mx\/scronicas\/wp-json\/wp\/v2\/comments?post=65"}],"version-history":[{"count":7,"href":"https:\/\/blogs.acatlan.unam.mx\/scronicas\/wp-json\/wp\/v2\/pages\/65\/revisions"}],"predecessor-version":[{"id":75,"href":"https:\/\/blogs.acatlan.unam.mx\/scronicas\/wp-json\/wp\/v2\/pages\/65\/revisions\/75"}],"wp:attachment":[{"href":"https:\/\/blogs.acatlan.unam.mx\/scronicas\/wp-json\/wp\/v2\/media?parent=65"}],"curies":[{"name":"wp","href":"https:\/\/api.w.org\/{rel}","templated":true}]}}