{"id":106,"date":"2015-01-23T21:09:15","date_gmt":"2015-01-23T21:09:15","guid":{"rendered":"http:\/\/blogs.acatlan.unam.mx\/scronicas\/?page_id=106"},"modified":"2023-09-21T02:15:25","modified_gmt":"2023-09-21T02:15:25","slug":"tonatiuh","status":"publish","type":"page","link":"https:\/\/blogs.acatlan.unam.mx\/scronicas\/notitle\/tonatiuh\/","title":{"rendered":"Tonatiuh"},"content":{"rendered":"<p>Tonatiuh es el nombre del dios solar de la cultura nahua, entre su iconograf\u00eda m\u00e1s representativa destaca el disco solar, el cual vemos tras su espalda, la pintura facial y corporal roja, as\u00ed como tambi\u00e9n el cabello rubio.<\/p>\n<p>En la siguiente escena vemos a Tonatiuh sentado sobre su trono, presidiendo una escena ritual realizada en su nombre, destaca, abajo del trono, la fecha calend\u00e1rica por el signo del d\u00eda &#8220;Movimiento&#8221;(Olin, en N\u00e1huatl) enlazado con el numeral 4 y que indica el d\u00eda de nacimiento de este dios, as\u00ed como tambi\u00e9n otro nombre de \u00e9ste.<\/p>\n<p>&nbsp;<\/p>\n<p><a href=\"http:\/\/blogs.acatlan.unam.mx\/scronicas\/files\/2015\/01\/marzo13-090.jpg\"><img loading=\"lazy\" decoding=\"async\" src=\"data:image\/gif;base64,R0lGODlhAQABAIAAAAAAAP\/\/\/ywAAAAAAQABAAACAUwAOw==\" fifu-lazy=\"1\" fifu-data-sizes=\"auto\" fifu-data-srcset=\"https:\/\/i1.wp.com\/blogs.acatlan.unam.mx\/scronicas\/files\/2015\/01\/marzo13-090.jpg?ssl=1&w=75&resize=75&ssl=1 75w, https:\/\/i1.wp.com\/blogs.acatlan.unam.mx\/scronicas\/files\/2015\/01\/marzo13-090.jpg?ssl=1&w=100&resize=100&ssl=1 100w, https:\/\/i1.wp.com\/blogs.acatlan.unam.mx\/scronicas\/files\/2015\/01\/marzo13-090.jpg?ssl=1&w=150&resize=150&ssl=1 150w, https:\/\/i1.wp.com\/blogs.acatlan.unam.mx\/scronicas\/files\/2015\/01\/marzo13-090.jpg?ssl=1&w=240&resize=240&ssl=1 240w, https:\/\/i1.wp.com\/blogs.acatlan.unam.mx\/scronicas\/files\/2015\/01\/marzo13-090.jpg?ssl=1&w=320&resize=320&ssl=1 320w, https:\/\/i1.wp.com\/blogs.acatlan.unam.mx\/scronicas\/files\/2015\/01\/marzo13-090.jpg?ssl=1&w=500&resize=500&ssl=1 500w, https:\/\/i1.wp.com\/blogs.acatlan.unam.mx\/scronicas\/files\/2015\/01\/marzo13-090.jpg?ssl=1&w=640&resize=640&ssl=1 640w, https:\/\/i1.wp.com\/blogs.acatlan.unam.mx\/scronicas\/files\/2015\/01\/marzo13-090.jpg?ssl=1&w=800&resize=800&ssl=1 800w, https:\/\/i1.wp.com\/blogs.acatlan.unam.mx\/scronicas\/files\/2015\/01\/marzo13-090.jpg?ssl=1&w=1024&resize=1024&ssl=1 1024w, https:\/\/i1.wp.com\/blogs.acatlan.unam.mx\/scronicas\/files\/2015\/01\/marzo13-090.jpg?ssl=1&w=1280&resize=1280&ssl=1 1280w, https:\/\/i1.wp.com\/blogs.acatlan.unam.mx\/scronicas\/files\/2015\/01\/marzo13-090.jpg?ssl=1&w=1600&resize=1600&ssl=1 1600w\" class=\" size-full wp-image-107 aligncenter\" fifu-data-src=\"https:\/\/i1.wp.com\/blogs.acatlan.unam.mx\/scronicas\/files\/2015\/01\/marzo13-090.jpg?ssl=1\" alt=\"marzo13 090\" width=\"498\" height=\"711\" \/><\/a><\/p>\n","protected":false},"excerpt":{"rendered":"<p>Tonatiuh es el nombre del dios solar de la cultura nahua, entre su iconograf\u00eda m\u00e1s representativa destaca el disco solar, el cual vemos tras su espalda, la pintura facial y corporal roja, as\u00ed como tambi\u00e9n el cabello rubio. En la siguiente escena vemos a Tonatiuh sentado sobre su trono, presidiendo una escena ritual realizada en &hellip; <a href=\"https:\/\/blogs.acatlan.unam.mx\/scronicas\/notitle\/tonatiuh\/\" class=\"more-link\">Seguir leyendo <span class=\"screen-reader-text\">Tonatiuh<\/span> <span class=\"meta-nav\">&rarr;<\/span><\/a><\/p>\n","protected":false},"author":28,"featured_media":0,"parent":83,"menu_order":1,"comment_status":"closed","ping_status":"open","template":"","meta":{"_exactmetrics_skip_tracking":false,"_exactmetrics_sitenote_active":false,"_exactmetrics_sitenote_note":"","_exactmetrics_sitenote_category":0,"footnotes":""},"class_list":["post-106","page","type-page","status-publish","hentry"],"yoast_head":"<!-- This site is optimized with the Yoast SEO plugin v24.7 - https:\/\/yoast.com\/wordpress\/plugins\/seo\/ -->\n<title>Tonatiuh - Seminario Cr\u00f3nicas y fuentes de origen ind\u00edgena del siglo XVI novohispano<\/title>\n<meta name=\"robots\" content=\"index, follow, max-snippet:-1, max-image-preview:large, max-video-preview:-1\" \/>\n<link rel=\"canonical\" href=\"https:\/\/blogs.acatlan.unam.mx\/scronicas\/notitle\/tonatiuh\/\" \/>\n<meta property=\"og:locale\" content=\"es_ES\" \/>\n<meta property=\"og:type\" content=\"article\" \/>\n<meta property=\"og:title\" content=\"Tonatiuh - Seminario Cr\u00f3nicas y fuentes de origen ind\u00edgena del siglo XVI novohispano\" \/>\n<meta property=\"og:description\" content=\"Tonatiuh es el nombre del dios solar de la cultura nahua, entre su iconograf\u00eda m\u00e1s representativa destaca el disco solar, el cual vemos tras su espalda, la pintura facial y corporal roja, as\u00ed como tambi\u00e9n el cabello rubio. En la siguiente escena vemos a Tonatiuh sentado sobre su trono, presidiendo una escena ritual realizada en &hellip; Seguir leyendo Tonatiuh &rarr;\" \/>\n<meta property=\"og:url\" content=\"https:\/\/blogs.acatlan.unam.mx\/scronicas\/notitle\/tonatiuh\/\" \/>\n<meta property=\"og:site_name\" content=\"Seminario Cr\u00f3nicas y fuentes de origen ind\u00edgena del siglo XVI novohispano\" \/>\n<meta property=\"article:modified_time\" content=\"2023-09-21T02:15:25+00:00\" \/>\n<meta property=\"og:image\" content=\"http:\/\/blogs.acatlan.unam.mx\/scronicas\/files\/2015\/01\/marzo13-090.jpg\" \/>\n<meta name=\"twitter:card\" content=\"summary_large_image\" \/>\n<meta name=\"twitter:label1\" content=\"Tiempo de lectura\" \/>\n\t<meta name=\"twitter:data1\" content=\"1 minuto\" \/>\n<script type=\"application\/ld+json\" class=\"yoast-schema-graph\">{\"@context\":\"https:\/\/schema.org\",\"@graph\":[{\"@type\":\"WebPage\",\"@id\":\"https:\/\/blogs.acatlan.unam.mx\/scronicas\/notitle\/tonatiuh\/\",\"url\":\"https:\/\/blogs.acatlan.unam.mx\/scronicas\/notitle\/tonatiuh\/\",\"name\":\"Tonatiuh - Seminario Cr\u00f3nicas y fuentes de origen ind\u00edgena del siglo XVI novohispano\",\"isPartOf\":{\"@id\":\"https:\/\/blogs.acatlan.unam.mx\/scronicas\/#website\"},\"primaryImageOfPage\":{\"@id\":\"https:\/\/blogs.acatlan.unam.mx\/scronicas\/notitle\/tonatiuh\/#primaryimage\"},\"image\":{\"@id\":\"https:\/\/blogs.acatlan.unam.mx\/scronicas\/notitle\/tonatiuh\/#primaryimage\"},\"thumbnailUrl\":\"http:\/\/blogs.acatlan.unam.mx\/scronicas\/files\/2015\/01\/marzo13-090.jpg\",\"datePublished\":\"2015-01-23T21:09:15+00:00\",\"dateModified\":\"2023-09-21T02:15:25+00:00\",\"breadcrumb\":{\"@id\":\"https:\/\/blogs.acatlan.unam.mx\/scronicas\/notitle\/tonatiuh\/#breadcrumb\"},\"inLanguage\":\"es\",\"potentialAction\":[{\"@type\":\"ReadAction\",\"target\":[\"https:\/\/blogs.acatlan.unam.mx\/scronicas\/notitle\/tonatiuh\/\"]}]},{\"@type\":\"ImageObject\",\"inLanguage\":\"es\",\"@id\":\"https:\/\/blogs.acatlan.unam.mx\/scronicas\/notitle\/tonatiuh\/#primaryimage\",\"url\":\"https:\/\/blogs.acatlan.unam.mx\/scronicas\/files\/2015\/01\/marzo13-090.jpg\",\"contentUrl\":\"https:\/\/blogs.acatlan.unam.mx\/scronicas\/files\/2015\/01\/marzo13-090.jpg\",\"width\":498,\"height\":711},{\"@type\":\"BreadcrumbList\",\"@id\":\"https:\/\/blogs.acatlan.unam.mx\/scronicas\/notitle\/tonatiuh\/#breadcrumb\",\"itemListElement\":[{\"@type\":\"ListItem\",\"position\":1,\"name\":\"Portada\",\"item\":\"https:\/\/blogs.acatlan.unam.mx\/scronicas\/\"},{\"@type\":\"ListItem\",\"position\":2,\"name\":\"Art\u00edculos del Seminario\",\"item\":\"https:\/\/blogs.acatlan.unam.mx\/scronicas\/notitle\/\"},{\"@type\":\"ListItem\",\"position\":3,\"name\":\"Tonatiuh\"}]},{\"@type\":\"WebSite\",\"@id\":\"https:\/\/blogs.acatlan.unam.mx\/scronicas\/#website\",\"url\":\"https:\/\/blogs.acatlan.unam.mx\/scronicas\/\",\"name\":\"Seminario Cr\u00f3nicas y fuentes de origen ind\u00edgena del siglo XVI novohispano\",\"description\":\"Proyecto PAPIME &quot;Dioses y hombres: sus relaciones a trav\u00e9s de la cosmovisi\u00f3n nahua mesoamericana&quot;. Clave: PE400414\",\"potentialAction\":[{\"@type\":\"SearchAction\",\"target\":{\"@type\":\"EntryPoint\",\"urlTemplate\":\"https:\/\/blogs.acatlan.unam.mx\/scronicas\/?s={search_term_string}\"},\"query-input\":{\"@type\":\"PropertyValueSpecification\",\"valueRequired\":true,\"valueName\":\"search_term_string\"}}],\"inLanguage\":\"es\"}]}<\/script>\n<!-- \/ Yoast SEO plugin. -->","yoast_head_json":{"title":"Tonatiuh - Seminario Cr\u00f3nicas y fuentes de origen ind\u00edgena del siglo XVI novohispano","robots":{"index":"index","follow":"follow","max-snippet":"max-snippet:-1","max-image-preview":"max-image-preview:large","max-video-preview":"max-video-preview:-1"},"canonical":"https:\/\/blogs.acatlan.unam.mx\/scronicas\/notitle\/tonatiuh\/","og_locale":"es_ES","og_type":"article","og_title":"Tonatiuh - Seminario Cr\u00f3nicas y fuentes de origen ind\u00edgena del siglo XVI novohispano","og_description":"Tonatiuh es el nombre del dios solar de la cultura nahua, entre su iconograf\u00eda m\u00e1s representativa destaca el disco solar, el cual vemos tras su espalda, la pintura facial y corporal roja, as\u00ed como tambi\u00e9n el cabello rubio. En la siguiente escena vemos a Tonatiuh sentado sobre su trono, presidiendo una escena ritual realizada en &hellip; Seguir leyendo Tonatiuh &rarr;","og_url":"https:\/\/blogs.acatlan.unam.mx\/scronicas\/notitle\/tonatiuh\/","og_site_name":"Seminario Cr\u00f3nicas y fuentes de origen ind\u00edgena del siglo XVI novohispano","article_modified_time":"2023-09-21T02:15:25+00:00","og_image":[{"url":"http:\/\/blogs.acatlan.unam.mx\/scronicas\/files\/2015\/01\/marzo13-090.jpg","type":"","width":"","height":""}],"twitter_card":"summary_large_image","twitter_misc":{"Tiempo de lectura":"1 minuto"},"schema":{"@context":"https:\/\/schema.org","@graph":[{"@type":"WebPage","@id":"https:\/\/blogs.acatlan.unam.mx\/scronicas\/notitle\/tonatiuh\/","url":"https:\/\/blogs.acatlan.unam.mx\/scronicas\/notitle\/tonatiuh\/","name":"Tonatiuh - Seminario Cr\u00f3nicas y fuentes de origen ind\u00edgena del siglo XVI novohispano","isPartOf":{"@id":"https:\/\/blogs.acatlan.unam.mx\/scronicas\/#website"},"primaryImageOfPage":{"@id":"https:\/\/blogs.acatlan.unam.mx\/scronicas\/notitle\/tonatiuh\/#primaryimage"},"image":{"@id":"https:\/\/blogs.acatlan.unam.mx\/scronicas\/notitle\/tonatiuh\/#primaryimage"},"thumbnailUrl":"http:\/\/blogs.acatlan.unam.mx\/scronicas\/files\/2015\/01\/marzo13-090.jpg","datePublished":"2015-01-23T21:09:15+00:00","dateModified":"2023-09-21T02:15:25+00:00","breadcrumb":{"@id":"https:\/\/blogs.acatlan.unam.mx\/scronicas\/notitle\/tonatiuh\/#breadcrumb"},"inLanguage":"es","potentialAction":[{"@type":"ReadAction","target":["https:\/\/blogs.acatlan.unam.mx\/scronicas\/notitle\/tonatiuh\/"]}]},{"@type":"ImageObject","inLanguage":"es","@id":"https:\/\/blogs.acatlan.unam.mx\/scronicas\/notitle\/tonatiuh\/#primaryimage","url":"https:\/\/blogs.acatlan.unam.mx\/scronicas\/files\/2015\/01\/marzo13-090.jpg","contentUrl":"https:\/\/blogs.acatlan.unam.mx\/scronicas\/files\/2015\/01\/marzo13-090.jpg","width":498,"height":711},{"@type":"BreadcrumbList","@id":"https:\/\/blogs.acatlan.unam.mx\/scronicas\/notitle\/tonatiuh\/#breadcrumb","itemListElement":[{"@type":"ListItem","position":1,"name":"Portada","item":"https:\/\/blogs.acatlan.unam.mx\/scronicas\/"},{"@type":"ListItem","position":2,"name":"Art\u00edculos del Seminario","item":"https:\/\/blogs.acatlan.unam.mx\/scronicas\/notitle\/"},{"@type":"ListItem","position":3,"name":"Tonatiuh"}]},{"@type":"WebSite","@id":"https:\/\/blogs.acatlan.unam.mx\/scronicas\/#website","url":"https:\/\/blogs.acatlan.unam.mx\/scronicas\/","name":"Seminario Cr\u00f3nicas y fuentes de origen ind\u00edgena del siglo XVI novohispano","description":"Proyecto PAPIME &quot;Dioses y hombres: sus relaciones a trav\u00e9s de la cosmovisi\u00f3n nahua mesoamericana&quot;. Clave: PE400414","potentialAction":[{"@type":"SearchAction","target":{"@type":"EntryPoint","urlTemplate":"https:\/\/blogs.acatlan.unam.mx\/scronicas\/?s={search_term_string}"},"query-input":{"@type":"PropertyValueSpecification","valueRequired":true,"valueName":"search_term_string"}}],"inLanguage":"es"}]}},"_links":{"self":[{"href":"https:\/\/blogs.acatlan.unam.mx\/scronicas\/wp-json\/wp\/v2\/pages\/106","targetHints":{"allow":["GET"]}}],"collection":[{"href":"https:\/\/blogs.acatlan.unam.mx\/scronicas\/wp-json\/wp\/v2\/pages"}],"about":[{"href":"https:\/\/blogs.acatlan.unam.mx\/scronicas\/wp-json\/wp\/v2\/types\/page"}],"author":[{"embeddable":true,"href":"https:\/\/blogs.acatlan.unam.mx\/scronicas\/wp-json\/wp\/v2\/users\/28"}],"replies":[{"embeddable":true,"href":"https:\/\/blogs.acatlan.unam.mx\/scronicas\/wp-json\/wp\/v2\/comments?post=106"}],"version-history":[{"count":2,"href":"https:\/\/blogs.acatlan.unam.mx\/scronicas\/wp-json\/wp\/v2\/pages\/106\/revisions"}],"predecessor-version":[{"id":110,"href":"https:\/\/blogs.acatlan.unam.mx\/scronicas\/wp-json\/wp\/v2\/pages\/106\/revisions\/110"}],"up":[{"embeddable":true,"href":"https:\/\/blogs.acatlan.unam.mx\/scronicas\/wp-json\/wp\/v2\/pages\/83"}],"wp:attachment":[{"href":"https:\/\/blogs.acatlan.unam.mx\/scronicas\/wp-json\/wp\/v2\/media?parent=106"}],"curies":[{"name":"wp","href":"https:\/\/api.w.org\/{rel}","templated":true}]}}