{"id":32,"date":"2025-03-04T15:55:43","date_gmt":"2025-03-04T21:55:43","guid":{"rendered":"https:\/\/blogs.acatlan.unam.mx\/memoria\/?page_id=32"},"modified":"2025-03-18T12:30:51","modified_gmt":"2025-03-18T18:30:51","slug":"agradecimientos","status":"publish","type":"page","link":"https:\/\/blogs.acatlan.unam.mx\/memoria\/agradecimientos\/","title":{"rendered":"Agradecimientos Especiales"},"content":{"rendered":"\n<h3 class=\"wp-block-heading\"><\/h3>\n\n\n\n<ul class=\"wp-block-list\">\n<li>Dr. Dar\u00edo Rivera Vargas<\/li>\n\n\n\n<li>Dr. Jaime Pe\u00f1a Ram\u00edrez<\/li>\n\n\n\n<li>Dra. Laura P\u00e1ez D\u00edaz de Le\u00f3n<\/li>\n\n\n\n<li>Dra. Luc\u00eda Elena Acosta Ugalde<\/li>\n\n\n\n<li>Dra. Mar\u00eda del Carmen Gonz\u00e1lez Videgaray<\/li>\n\n\n\n<li>Ing. Andr\u00e9s Roberto Arag\u00f3n Olvera<\/li>\n\n\n\n<li>Ing. Carlos Arce Le\u00f3n<\/li>\n\n\n\n<li>Ing. Pedro Agust\u00edn Valera Negrete<\/li>\n\n\n\n<li>Lic. Ariadna Uribe Ortiz<\/li>\n\n\n\n<li>Lic. Evangelina Guadalupe Guerrero Sep\u00falveda<\/li>\n\n\n\n<li>Lic. Fernando Israel Gonz\u00e1lez Trejo<\/li>\n\n\n\n<li>Lic. Jos\u00e9 Gerardo P\u00e9rez Aguilar<\/li>\n\n\n\n<li>Lic. Juan Ram\u00f3n Jurado Segura<\/li>\n\n\n\n<li>Mtra. Carmen Cano Gord\u00f3n<\/li>\n\n\n\n<li>Mtra. Elizabeth Margarita Cordero Guti\u00e9rrez<\/li>\n\n\n\n<li>Mtra. Hermelinda Osorio Carranza<\/li>\n\n\n\n<li>Mtra. Leticia Urbina Ordu\u00f1a<\/li>\n\n\n\n<li>Mtra. Margarita Delgado Mart\u00ednez<\/li>\n\n\n\n<li>Mtra. Mar\u00eda Luisa Morales Mart\u00ednez<\/li>\n\n\n\n<li>Mtra. Sara Luz Alvarado Aranda<\/li>\n\n\n\n<li>Mtro. Adalberto L\u00f3pez L\u00f3pez<\/li>\n\n\n\n<li>Mtro. Esteban Pi\u00f1a P\u00e9rez<\/li>\n\n\n\n<li>Mtro. Fernando Mart\u00ednez Ram\u00edrez<\/li>\n\n\n\n<li>Mtro. Hugo Arturo Cardoso Vargas<\/li>\n\n\n\n<li>Mtro. Javier Vitaliano Montesinos Santiago<\/li>\n\n\n\n<li>Mtro. Jorge Luis Su\u00e1rez Madariaga<\/li>\n\n\n\n<li>Mtro. Manuel Omar P\u00e1ez Sosa<\/li>\n\n\n\n<li>Mtro. Vladimir Salazar Arag\u00f3n<\/li>\n\n\n\n<li>Prof. Francisco Javier P\u00e9rez Manzanero<\/li>\n\n\n\n<li>Sr. Mario Gonz\u00e1lez<\/li>\n\n\n\n<li>Sr. Marcos Covarrubias &#8220;El Cuais&#8221;<\/li>\n\n\n\n<li>Sr. Ra\u00fal Sol\u00eds J\u00e1come<\/li>\n\n\n\n<li>Sr. Venancio V\u00e9lez Robles<\/li>\n\n\n\n<li>Sr. V\u00edctor Francisco Ju\u00e1rez Peredo<\/li>\n\n\n\n<li>Sra. Valentina Carre\u00f1o &#8220;Do\u00f1a Vale&#8221;<\/li>\n\n\n\n<li>Profr. Neftal\u00ed Enrique Pe\u00f1aflor Valdez \u271f<\/li>\n<\/ul>\n\n\n\n<ul class=\"wp-block-list\">\n<li>Alejandro S\u00e1nchez Magdaleno<\/li>\n\n\n\n<li>Andrea Garc\u00eda Gonz\u00e1lez<\/li>\n\n\n\n<li>Dafne Elizabeth Zepeda Gonz\u00e1lez<\/li>\n\n\n\n<li>Erick S\u00e1nchez Garc\u00eda<\/li>\n\n\n\n<li>Gregorio Jim\u00e9nez Escobar<\/li>\n\n\n\n<li>Humberto Arturo Jara Astorga<\/li>\n\n\n\n<li>Israel Araujo Guerrero<\/li>\n\n\n\n<li>Karla Daniela Lagunas Cruz<\/li>\n\n\n\n<li>Lizbeth Janely Garcia Vazquez<\/li>\n\n\n\n<li>Sebasti\u00e1n Mendoza Reyes<\/li>\n\n\n\n<li>Ximena M\u00e1rquez Bola\u00f1os<\/li>\n<\/ul>\n","protected":false},"excerpt":{"rendered":"","protected":false},"author":1,"featured_media":0,"parent":0,"menu_order":0,"comment_status":"closed","ping_status":"closed","template":"","meta":{"_exactmetrics_skip_tracking":false,"_exactmetrics_sitenote_active":false,"_exactmetrics_sitenote_note":"","_exactmetrics_sitenote_category":0,"footnotes":""},"class_list":["post-32","page","type-page","status-publish","hentry"],"yoast_head":"<!-- This site is optimized with the Yoast SEO plugin v24.7 - https:\/\/yoast.com\/wordpress\/plugins\/seo\/ -->\n<title>Agradecimientos Especiales - Memoria colectiva de la FES Acatl\u00e1n<\/title>\n<meta name=\"robots\" content=\"index, follow, max-snippet:-1, max-image-preview:large, max-video-preview:-1\" \/>\n<link rel=\"canonical\" href=\"https:\/\/blogs.acatlan.unam.mx\/memoria\/agradecimientos\/\" \/>\n<meta property=\"og:locale\" content=\"es_ES\" \/>\n<meta property=\"og:type\" content=\"article\" \/>\n<meta property=\"og:title\" content=\"Agradecimientos Especiales - Memoria colectiva de la FES Acatl\u00e1n\" \/>\n<meta property=\"og:url\" content=\"https:\/\/blogs.acatlan.unam.mx\/memoria\/agradecimientos\/\" \/>\n<meta property=\"og:site_name\" content=\"Memoria colectiva de la FES Acatl\u00e1n\" \/>\n<meta property=\"article:modified_time\" content=\"2025-03-18T18:30:51+00:00\" \/>\n<meta name=\"twitter:card\" content=\"summary_large_image\" \/>\n<meta name=\"twitter:label1\" content=\"Tiempo de lectura\" \/>\n\t<meta name=\"twitter:data1\" content=\"1 minuto\" \/>\n<script type=\"application\/ld+json\" class=\"yoast-schema-graph\">{\"@context\":\"https:\/\/schema.org\",\"@graph\":[{\"@type\":\"WebPage\",\"@id\":\"https:\/\/blogs.acatlan.unam.mx\/memoria\/agradecimientos\/\",\"url\":\"https:\/\/blogs.acatlan.unam.mx\/memoria\/agradecimientos\/\",\"name\":\"Agradecimientos Especiales - Memoria colectiva de la FES Acatl\u00e1n\",\"isPartOf\":{\"@id\":\"https:\/\/blogs.acatlan.unam.mx\/memoria\/#website\"},\"datePublished\":\"2025-03-04T21:55:43+00:00\",\"dateModified\":\"2025-03-18T18:30:51+00:00\",\"breadcrumb\":{\"@id\":\"https:\/\/blogs.acatlan.unam.mx\/memoria\/agradecimientos\/#breadcrumb\"},\"inLanguage\":\"es\",\"potentialAction\":[{\"@type\":\"ReadAction\",\"target\":[\"https:\/\/blogs.acatlan.unam.mx\/memoria\/agradecimientos\/\"]}]},{\"@type\":\"BreadcrumbList\",\"@id\":\"https:\/\/blogs.acatlan.unam.mx\/memoria\/agradecimientos\/#breadcrumb\",\"itemListElement\":[{\"@type\":\"ListItem\",\"position\":1,\"name\":\"Portada\",\"item\":\"https:\/\/blogs.acatlan.unam.mx\/memoria\/\"},{\"@type\":\"ListItem\",\"position\":2,\"name\":\"Agradecimientos Especiales\"}]},{\"@type\":\"WebSite\",\"@id\":\"https:\/\/blogs.acatlan.unam.mx\/memoria\/#website\",\"url\":\"https:\/\/blogs.acatlan.unam.mx\/memoria\/\",\"name\":\"Memoria colectiva de la FES Acatl\u00e1n\",\"description\":\"\",\"potentialAction\":[{\"@type\":\"SearchAction\",\"target\":{\"@type\":\"EntryPoint\",\"urlTemplate\":\"https:\/\/blogs.acatlan.unam.mx\/memoria\/?s={search_term_string}\"},\"query-input\":{\"@type\":\"PropertyValueSpecification\",\"valueRequired\":true,\"valueName\":\"search_term_string\"}}],\"inLanguage\":\"es\"}]}<\/script>\n<!-- \/ Yoast SEO plugin. -->","yoast_head_json":{"title":"Agradecimientos Especiales - Memoria colectiva de la FES Acatl\u00e1n","robots":{"index":"index","follow":"follow","max-snippet":"max-snippet:-1","max-image-preview":"max-image-preview:large","max-video-preview":"max-video-preview:-1"},"canonical":"https:\/\/blogs.acatlan.unam.mx\/memoria\/agradecimientos\/","og_locale":"es_ES","og_type":"article","og_title":"Agradecimientos Especiales - Memoria colectiva de la FES Acatl\u00e1n","og_url":"https:\/\/blogs.acatlan.unam.mx\/memoria\/agradecimientos\/","og_site_name":"Memoria colectiva de la FES Acatl\u00e1n","article_modified_time":"2025-03-18T18:30:51+00:00","twitter_card":"summary_large_image","twitter_misc":{"Tiempo de lectura":"1 minuto"},"schema":{"@context":"https:\/\/schema.org","@graph":[{"@type":"WebPage","@id":"https:\/\/blogs.acatlan.unam.mx\/memoria\/agradecimientos\/","url":"https:\/\/blogs.acatlan.unam.mx\/memoria\/agradecimientos\/","name":"Agradecimientos Especiales - Memoria colectiva de la FES Acatl\u00e1n","isPartOf":{"@id":"https:\/\/blogs.acatlan.unam.mx\/memoria\/#website"},"datePublished":"2025-03-04T21:55:43+00:00","dateModified":"2025-03-18T18:30:51+00:00","breadcrumb":{"@id":"https:\/\/blogs.acatlan.unam.mx\/memoria\/agradecimientos\/#breadcrumb"},"inLanguage":"es","potentialAction":[{"@type":"ReadAction","target":["https:\/\/blogs.acatlan.unam.mx\/memoria\/agradecimientos\/"]}]},{"@type":"BreadcrumbList","@id":"https:\/\/blogs.acatlan.unam.mx\/memoria\/agradecimientos\/#breadcrumb","itemListElement":[{"@type":"ListItem","position":1,"name":"Portada","item":"https:\/\/blogs.acatlan.unam.mx\/memoria\/"},{"@type":"ListItem","position":2,"name":"Agradecimientos Especiales"}]},{"@type":"WebSite","@id":"https:\/\/blogs.acatlan.unam.mx\/memoria\/#website","url":"https:\/\/blogs.acatlan.unam.mx\/memoria\/","name":"Memoria colectiva de la FES Acatl\u00e1n","description":"","potentialAction":[{"@type":"SearchAction","target":{"@type":"EntryPoint","urlTemplate":"https:\/\/blogs.acatlan.unam.mx\/memoria\/?s={search_term_string}"},"query-input":{"@type":"PropertyValueSpecification","valueRequired":true,"valueName":"search_term_string"}}],"inLanguage":"es"}]}},"_links":{"self":[{"href":"https:\/\/blogs.acatlan.unam.mx\/memoria\/wp-json\/wp\/v2\/pages\/32","targetHints":{"allow":["GET"]}}],"collection":[{"href":"https:\/\/blogs.acatlan.unam.mx\/memoria\/wp-json\/wp\/v2\/pages"}],"about":[{"href":"https:\/\/blogs.acatlan.unam.mx\/memoria\/wp-json\/wp\/v2\/types\/page"}],"author":[{"embeddable":true,"href":"https:\/\/blogs.acatlan.unam.mx\/memoria\/wp-json\/wp\/v2\/users\/1"}],"replies":[{"embeddable":true,"href":"https:\/\/blogs.acatlan.unam.mx\/memoria\/wp-json\/wp\/v2\/comments?post=32"}],"version-history":[{"count":5,"href":"https:\/\/blogs.acatlan.unam.mx\/memoria\/wp-json\/wp\/v2\/pages\/32\/revisions"}],"predecessor-version":[{"id":365,"href":"https:\/\/blogs.acatlan.unam.mx\/memoria\/wp-json\/wp\/v2\/pages\/32\/revisions\/365"}],"wp:attachment":[{"href":"https:\/\/blogs.acatlan.unam.mx\/memoria\/wp-json\/wp\/v2\/media?parent=32"}],"curies":[{"name":"wp","href":"https:\/\/api.w.org\/{rel}","templated":true}]}}