{"id":2,"date":"2025-01-26T02:45:45","date_gmt":"2025-01-26T01:45:45","guid":{"rendered":"https:\/\/blogs.acatlan.unam.mx\/memoria\/?page_id=2"},"modified":"2025-01-26T05:29:28","modified_gmt":"2025-01-26T04:29:28","slug":"pagina-ejemplo","status":"publish","type":"page","link":"https:\/\/blogs.acatlan.unam.mx\/memoria\/pagina-ejemplo\/","title":{"rendered":"Historia de la FES Acatl\u00e1n"},"content":{"rendered":"<div class=\"row\">\n<div class=\"mb-3 col-sm-12\">\n<p>El 17 de marzo de 1975, la Escuela Nacional de Estudios Profesionales (ENEP) Acatl\u00e1n abri\u00f3 sus puertas en el municipio de Naucalpan, Estado de M\u00e9xico, para responder a la necesidad de la Universidad Nacional Aut\u00f3noma de M\u00e9xico de beneficiar a mayor n\u00famero de estudiantes con la educaci\u00f3n universitaria; introducir innovaciones educativas; impulsar la interdisciplina y la multidisciplina; vincular la investigaci\u00f3n y la docencia; integrar la teor\u00eda y la pr\u00e1ctica y vincularse con el entorno. Hoy, convertida en Facultad de Estudios Superiores, Acatl\u00e1n ha logrado consolidarse como una entidad universitaria tanto en lo acad\u00e9mico, como en lo cultural y deportivo.<\/p>\n<p>A trav\u00e9s de estos a\u00f1os de quehacer universitario, no s\u00f3lo ha tenido avances en lo cuantitativo, sino sobre todo en lo cualitativo. El aumento de su matr\u00edcula, de su planta de profesores, as\u00ed como el crecimiento de su infraestructura, han ido a la par con la calidad educativa que imparte, lo que la ha posicionado como una de las mejores instituciones de educaci\u00f3n superior de la zona noroeste del \u00e1rea metropolitana, gracias al trabajo comprometido de toda la comunidad que la conforma.<\/p>\n<p>El Consejo Universitario de la UNAM le reconoci\u00f3 a la ENEP Acatl\u00e1n la consolidaci\u00f3n acad\u00e9mica y cultural alcanzada durante su existencia, por lo que el 5 de marzo de 2004 le otorg\u00f3 el rango y denominaci\u00f3n de Facultad de Estudios Superiores.<\/p>\n<p>En consecuencia, la Facultad de Estudios Superiores Acatl\u00e1n est\u00e1 considerada como uno de los centros educativos m\u00e1s importantes de la zona noroeste del \u00e1rea metropolitana y uno de los espacios alternativos a Ciudad Universitaria. Actualmente cuenta con una comunidad cercana a 20,000 universitarios.<\/p>\n<\/div>\n<\/div>\n","protected":false},"excerpt":{"rendered":"<p>El 17 de marzo de 1975, la Escuela Nacional de Estudios Profesionales (ENEP) Acatl\u00e1n abri\u00f3 sus puertas en el municipio de Naucalpan, Estado de M\u00e9xico, para responder a la necesidad&hellip;<\/p>\n","protected":false},"author":85,"featured_media":0,"parent":0,"menu_order":0,"comment_status":"closed","ping_status":"open","template":"","meta":{"_exactmetrics_skip_tracking":false,"_exactmetrics_sitenote_active":false,"_exactmetrics_sitenote_note":"","_exactmetrics_sitenote_category":0,"footnotes":""},"class_list":["post-2","page","type-page","status-publish","hentry"],"yoast_head":"<!-- This site is optimized with the Yoast SEO plugin v24.7 - https:\/\/yoast.com\/wordpress\/plugins\/seo\/ -->\n<title>Historia de la FES Acatl\u00e1n - Memoria colectiva de la FES Acatl\u00e1n<\/title>\n<meta name=\"robots\" content=\"index, follow, max-snippet:-1, max-image-preview:large, max-video-preview:-1\" \/>\n<link rel=\"canonical\" href=\"https:\/\/blogs.acatlan.unam.mx\/memoria\/pagina-ejemplo\/\" \/>\n<meta property=\"og:locale\" content=\"es_ES\" \/>\n<meta property=\"og:type\" content=\"article\" \/>\n<meta property=\"og:title\" content=\"Historia de la FES Acatl\u00e1n - Memoria colectiva de la FES Acatl\u00e1n\" \/>\n<meta property=\"og:description\" content=\"El 17 de marzo de 1975, la Escuela Nacional de Estudios Profesionales (ENEP) Acatl\u00e1n abri\u00f3 sus puertas en el municipio de Naucalpan, Estado de M\u00e9xico, para responder a la necesidad&hellip;\" \/>\n<meta property=\"og:url\" content=\"https:\/\/blogs.acatlan.unam.mx\/memoria\/pagina-ejemplo\/\" \/>\n<meta property=\"og:site_name\" content=\"Memoria colectiva de la FES Acatl\u00e1n\" \/>\n<meta property=\"article:modified_time\" content=\"2025-01-26T04:29:28+00:00\" \/>\n<meta name=\"twitter:card\" content=\"summary_large_image\" \/>\n<meta name=\"twitter:label1\" content=\"Tiempo de lectura\" \/>\n\t<meta name=\"twitter:data1\" content=\"2 minutos\" \/>\n<script type=\"application\/ld+json\" class=\"yoast-schema-graph\">{\"@context\":\"https:\/\/schema.org\",\"@graph\":[{\"@type\":\"WebPage\",\"@id\":\"https:\/\/blogs.acatlan.unam.mx\/memoria\/pagina-ejemplo\/\",\"url\":\"https:\/\/blogs.acatlan.unam.mx\/memoria\/pagina-ejemplo\/\",\"name\":\"Historia de la FES Acatl\u00e1n - Memoria colectiva de la FES Acatl\u00e1n\",\"isPartOf\":{\"@id\":\"https:\/\/blogs.acatlan.unam.mx\/memoria\/#website\"},\"datePublished\":\"2025-01-26T01:45:45+00:00\",\"dateModified\":\"2025-01-26T04:29:28+00:00\",\"breadcrumb\":{\"@id\":\"https:\/\/blogs.acatlan.unam.mx\/memoria\/pagina-ejemplo\/#breadcrumb\"},\"inLanguage\":\"es\",\"potentialAction\":[{\"@type\":\"ReadAction\",\"target\":[\"https:\/\/blogs.acatlan.unam.mx\/memoria\/pagina-ejemplo\/\"]}]},{\"@type\":\"BreadcrumbList\",\"@id\":\"https:\/\/blogs.acatlan.unam.mx\/memoria\/pagina-ejemplo\/#breadcrumb\",\"itemListElement\":[{\"@type\":\"ListItem\",\"position\":1,\"name\":\"Portada\",\"item\":\"https:\/\/blogs.acatlan.unam.mx\/memoria\/\"},{\"@type\":\"ListItem\",\"position\":2,\"name\":\"Historia de la FES Acatl\u00e1n\"}]},{\"@type\":\"WebSite\",\"@id\":\"https:\/\/blogs.acatlan.unam.mx\/memoria\/#website\",\"url\":\"https:\/\/blogs.acatlan.unam.mx\/memoria\/\",\"name\":\"Memoria colectiva de la FES Acatl\u00e1n\",\"description\":\"\",\"potentialAction\":[{\"@type\":\"SearchAction\",\"target\":{\"@type\":\"EntryPoint\",\"urlTemplate\":\"https:\/\/blogs.acatlan.unam.mx\/memoria\/?s={search_term_string}\"},\"query-input\":{\"@type\":\"PropertyValueSpecification\",\"valueRequired\":true,\"valueName\":\"search_term_string\"}}],\"inLanguage\":\"es\"}]}<\/script>\n<!-- \/ Yoast SEO plugin. -->","yoast_head_json":{"title":"Historia de la FES Acatl\u00e1n - Memoria colectiva de la FES Acatl\u00e1n","robots":{"index":"index","follow":"follow","max-snippet":"max-snippet:-1","max-image-preview":"max-image-preview:large","max-video-preview":"max-video-preview:-1"},"canonical":"https:\/\/blogs.acatlan.unam.mx\/memoria\/pagina-ejemplo\/","og_locale":"es_ES","og_type":"article","og_title":"Historia de la FES Acatl\u00e1n - Memoria colectiva de la FES Acatl\u00e1n","og_description":"El 17 de marzo de 1975, la Escuela Nacional de Estudios Profesionales (ENEP) Acatl\u00e1n abri\u00f3 sus puertas en el municipio de Naucalpan, Estado de M\u00e9xico, para responder a la necesidad&hellip;","og_url":"https:\/\/blogs.acatlan.unam.mx\/memoria\/pagina-ejemplo\/","og_site_name":"Memoria colectiva de la FES Acatl\u00e1n","article_modified_time":"2025-01-26T04:29:28+00:00","twitter_card":"summary_large_image","twitter_misc":{"Tiempo de lectura":"2 minutos"},"schema":{"@context":"https:\/\/schema.org","@graph":[{"@type":"WebPage","@id":"https:\/\/blogs.acatlan.unam.mx\/memoria\/pagina-ejemplo\/","url":"https:\/\/blogs.acatlan.unam.mx\/memoria\/pagina-ejemplo\/","name":"Historia de la FES Acatl\u00e1n - Memoria colectiva de la FES Acatl\u00e1n","isPartOf":{"@id":"https:\/\/blogs.acatlan.unam.mx\/memoria\/#website"},"datePublished":"2025-01-26T01:45:45+00:00","dateModified":"2025-01-26T04:29:28+00:00","breadcrumb":{"@id":"https:\/\/blogs.acatlan.unam.mx\/memoria\/pagina-ejemplo\/#breadcrumb"},"inLanguage":"es","potentialAction":[{"@type":"ReadAction","target":["https:\/\/blogs.acatlan.unam.mx\/memoria\/pagina-ejemplo\/"]}]},{"@type":"BreadcrumbList","@id":"https:\/\/blogs.acatlan.unam.mx\/memoria\/pagina-ejemplo\/#breadcrumb","itemListElement":[{"@type":"ListItem","position":1,"name":"Portada","item":"https:\/\/blogs.acatlan.unam.mx\/memoria\/"},{"@type":"ListItem","position":2,"name":"Historia de la FES Acatl\u00e1n"}]},{"@type":"WebSite","@id":"https:\/\/blogs.acatlan.unam.mx\/memoria\/#website","url":"https:\/\/blogs.acatlan.unam.mx\/memoria\/","name":"Memoria colectiva de la FES Acatl\u00e1n","description":"","potentialAction":[{"@type":"SearchAction","target":{"@type":"EntryPoint","urlTemplate":"https:\/\/blogs.acatlan.unam.mx\/memoria\/?s={search_term_string}"},"query-input":{"@type":"PropertyValueSpecification","valueRequired":true,"valueName":"search_term_string"}}],"inLanguage":"es"}]}},"_links":{"self":[{"href":"https:\/\/blogs.acatlan.unam.mx\/memoria\/wp-json\/wp\/v2\/pages\/2","targetHints":{"allow":["GET"]}}],"collection":[{"href":"https:\/\/blogs.acatlan.unam.mx\/memoria\/wp-json\/wp\/v2\/pages"}],"about":[{"href":"https:\/\/blogs.acatlan.unam.mx\/memoria\/wp-json\/wp\/v2\/types\/page"}],"author":[{"embeddable":true,"href":"https:\/\/blogs.acatlan.unam.mx\/memoria\/wp-json\/wp\/v2\/users\/85"}],"replies":[{"embeddable":true,"href":"https:\/\/blogs.acatlan.unam.mx\/memoria\/wp-json\/wp\/v2\/comments?post=2"}],"version-history":[{"count":1,"href":"https:\/\/blogs.acatlan.unam.mx\/memoria\/wp-json\/wp\/v2\/pages\/2\/revisions"}],"predecessor-version":[{"id":27,"href":"https:\/\/blogs.acatlan.unam.mx\/memoria\/wp-json\/wp\/v2\/pages\/2\/revisions\/27"}],"wp:attachment":[{"href":"https:\/\/blogs.acatlan.unam.mx\/memoria\/wp-json\/wp\/v2\/media?parent=2"}],"curies":[{"name":"wp","href":"https:\/\/api.w.org\/{rel}","templated":true}]}}