{"id":212,"date":"2019-10-24T19:08:29","date_gmt":"2019-10-24T19:08:29","guid":{"rendered":"http:\/\/blogs.acatlan.unam.mx\/literaturaindigena\/?page_id=212"},"modified":"2019-10-24T20:53:33","modified_gmt":"2019-10-24T20:53:33","slug":"miguel-angel-may-may-maya","status":"publish","type":"page","link":"https:\/\/blogs.acatlan.unam.mx\/literaturaindigena\/miguel-angel-may-may-maya\/","title":{"rendered":"Miguel \u00c1ngel May May (maya)"},"content":{"rendered":"<p><span style=\"font-weight: 400\">(Kimbil\u00e1, Izamal, Yucat\u00e1n, 1959)<\/span><\/p>\n<p><span style=\"font-weight: 400\">Escritor, editor y promotor cultural maya. Cuenta con estudios de Ciencias Antropol\u00f3gicas en la Universidad de Aut\u00f3noma de Yucat\u00e1n (UADY). Responsable de \u00e1rea en la Unidad Regional de Culturas Populares del Instituto Nacional para la Educaci\u00f3n de los Adultos (INEA).\u00a0 Es productor y conductor del programa de radio Ik\u2019il T\u2019aan (Palabras al Viento). Colabora tambi\u00e9n en el Instituto para el Desarrollo de la Cultura Maya de Yucat\u00e1n INDEMAYA.<\/span><\/p>\n<p><span style=\"font-weight: 400\">Ha dirigido el peri\u00f3dico maya <\/span><i><span style=\"font-weight: 400\">U Yajal Maaya Winiko\u2019ob<\/span><\/i><span style=\"font-weight: 400\"> (El Despertar de los Mayas) y el suplemento biling\u00fce <\/span><i><span style=\"font-weight: 400\">U K\u2019aayil Maaya T\u2019aan<\/span><\/i><span style=\"font-weight: 400\"> (El Canto de la Lengua Maya).\u00a0<\/span><\/p>\n<p><span style=\"font-weight: 400\">Form\u00f3 parte del comit\u00e9 nacional de Escritores en Lenguas Ind\u00edgenas (ELIAC) y ha sido miembro de la Liga de Resistencia de los Pueblos Mayas.<\/span><\/p>\n<p><span style=\"font-weight: 400\">Autor de los libros <\/span><i><span style=\"font-weight: 400\">Monograf\u00eda de Kimbil\u00e1<\/span><\/i><span style=\"font-weight: 400\"> (1981); <\/span><i><span style=\"font-weight: 400\">Descripci\u00f3n de la ceremonia Ch\u2019a\u2019 Ch\u00e1ak en Chacmay<\/span><\/i><span style=\"font-weight: 400\"> (1984); <\/span><i><span style=\"font-weight: 400\">La formaci\u00f3n de escritores en Lengua Maya<\/span><\/i><span style=\"font-weight: 400\"> (1992); <\/span><i><span style=\"font-weight: 400\">Breve rese\u00f1a de Kimbil\u00e1<\/span><\/i><span style=\"font-weight: 400\"> (1994) y <\/span><i><span style=\"font-weight: 400\">Diez relatos mayas<\/span><\/i><span style=\"font-weight: 400\"> (1994).. Ha participado en seminarios y encuentros. Tradujo textos literarios y jur\u00eddicos al idioma espa\u00f1ol y ha impartido talleres de redacci\u00f3n y creaci\u00f3n literaria en lengua maya en Yucat\u00e1n y Quintana Roo.\u00a0<\/span><\/p>\n<p><span style=\"font-weight: 400\">Fue becario del Fondo Nacional para la Cultura y las Artes (FONCA) en 1992. En 1998 se le otorg\u00f3 la Medalla al M\u00e9rito Art\u00edstico por el Gobierno del Estado.<\/span><\/p>\n<p>&nbsp;<\/p>\n<p><b>Narraciones:\u00a0<\/b><\/p>\n<ul>\n<li style=\"font-weight: 400\"><a href=\"https:\/\/drive.google.com\/file\/d\/1GTSzJnZdsmTtuxZb5P6pqdJ-oDiZ64wt\/view?usp=sharing\" target=\"_blank\" rel=\"noopener\"><span style=\"font-weight: 400\">Juan y\u00e9etel junt\u00faul X-T\u00e1abay (Juan y la X-Tabay)<\/span><\/a><\/li>\n<li style=\"font-weight: 400\"><a href=\"https:\/\/drive.google.com\/file\/d\/10pKQ-QrSMseDaEd17f38ofMgqAnsm8HR\/view?usp=sharing\" target=\"_blank\" rel=\"noopener\"><span style=\"font-weight: 400\">K\u2019a\u2019aw y\u00e9etel mukuy (Dos peque\u00f1os amigos)<\/span><\/a><\/li>\n<li style=\"font-weight: 400\"><a href=\"https:\/\/drive.google.com\/file\/d\/1BYHJOX3uNoka8AVjeH7ODYNpcpeYKHZX\/view?usp=sharing\" target=\"_blank\" rel=\"noopener\"><span style=\"font-weight: 400\">In etail chan ch\u2019\u00edich\u2019 (Mi amigo el pajarito)<\/span><\/a><\/li>\n<\/ul>\n","protected":false},"excerpt":{"rendered":"<p>(Kimbil\u00e1, Izamal, Yucat\u00e1n, 1959) Escritor, editor y promotor cultural maya. Cuenta con estudios de Ciencias Antropol\u00f3gicas en la Universidad de Aut\u00f3noma de Yucat\u00e1n (UADY). Responsable de \u00e1rea en la Unidad Regional de Culturas Populares del Instituto Nacional para la Educaci\u00f3n &hellip; <a href=\"https:\/\/blogs.acatlan.unam.mx\/literaturaindigena\/miguel-angel-may-may-maya\/\">Sigue leyendo <span class=\"meta-nav\">&rarr;<\/span><\/a><\/p>\n","protected":false},"author":66,"featured_media":0,"parent":0,"menu_order":0,"comment_status":"closed","ping_status":"closed","template":"","meta":{"_exactmetrics_skip_tracking":false,"_exactmetrics_sitenote_active":false,"_exactmetrics_sitenote_note":"","_exactmetrics_sitenote_category":0,"footnotes":""},"class_list":["post-212","page","type-page","status-publish","hentry"],"yoast_head":"<!-- This site is optimized with the Yoast SEO plugin v24.7 - https:\/\/yoast.com\/wordpress\/plugins\/seo\/ -->\n<title>Miguel \u00c1ngel May May (maya) - Aproximaci\u00f3n a la literatura en lenguas ind\u00edgenas mexicanas<\/title>\n<meta name=\"robots\" content=\"index, follow, max-snippet:-1, max-image-preview:large, max-video-preview:-1\" \/>\n<link rel=\"canonical\" href=\"https:\/\/blogs.acatlan.unam.mx\/literaturaindigena\/miguel-angel-may-may-maya\/\" \/>\n<meta property=\"og:locale\" content=\"es_ES\" \/>\n<meta property=\"og:type\" content=\"article\" \/>\n<meta property=\"og:title\" content=\"Miguel \u00c1ngel May May (maya) - Aproximaci\u00f3n a la literatura en lenguas ind\u00edgenas mexicanas\" \/>\n<meta property=\"og:description\" content=\"(Kimbil\u00e1, Izamal, Yucat\u00e1n, 1959) Escritor, editor y promotor cultural maya. Cuenta con estudios de Ciencias Antropol\u00f3gicas en la Universidad de Aut\u00f3noma de Yucat\u00e1n (UADY). Responsable de \u00e1rea en la Unidad Regional de Culturas Populares del Instituto Nacional para la Educaci\u00f3n &hellip; Sigue leyendo &rarr;\" \/>\n<meta property=\"og:url\" content=\"https:\/\/blogs.acatlan.unam.mx\/literaturaindigena\/miguel-angel-may-may-maya\/\" \/>\n<meta property=\"og:site_name\" content=\"Aproximaci\u00f3n a la literatura en lenguas ind\u00edgenas mexicanas\" \/>\n<meta property=\"article:modified_time\" content=\"2019-10-24T20:53:33+00:00\" \/>\n<meta name=\"twitter:card\" content=\"summary_large_image\" \/>\n<meta name=\"twitter:label1\" content=\"Tiempo de lectura\" \/>\n\t<meta name=\"twitter:data1\" content=\"1 minuto\" \/>\n<script type=\"application\/ld+json\" class=\"yoast-schema-graph\">{\"@context\":\"https:\/\/schema.org\",\"@graph\":[{\"@type\":\"WebPage\",\"@id\":\"https:\/\/blogs.acatlan.unam.mx\/literaturaindigena\/miguel-angel-may-may-maya\/\",\"url\":\"https:\/\/blogs.acatlan.unam.mx\/literaturaindigena\/miguel-angel-may-may-maya\/\",\"name\":\"Miguel \u00c1ngel May May (maya) - Aproximaci\u00f3n a la literatura en lenguas ind\u00edgenas mexicanas\",\"isPartOf\":{\"@id\":\"https:\/\/blogs.acatlan.unam.mx\/literaturaindigena\/#website\"},\"datePublished\":\"2019-10-24T19:08:29+00:00\",\"dateModified\":\"2019-10-24T20:53:33+00:00\",\"breadcrumb\":{\"@id\":\"https:\/\/blogs.acatlan.unam.mx\/literaturaindigena\/miguel-angel-may-may-maya\/#breadcrumb\"},\"inLanguage\":\"es\",\"potentialAction\":[{\"@type\":\"ReadAction\",\"target\":[\"https:\/\/blogs.acatlan.unam.mx\/literaturaindigena\/miguel-angel-may-may-maya\/\"]}]},{\"@type\":\"BreadcrumbList\",\"@id\":\"https:\/\/blogs.acatlan.unam.mx\/literaturaindigena\/miguel-angel-may-may-maya\/#breadcrumb\",\"itemListElement\":[{\"@type\":\"ListItem\",\"position\":1,\"name\":\"Portada\",\"item\":\"https:\/\/blogs.acatlan.unam.mx\/literaturaindigena\/\"},{\"@type\":\"ListItem\",\"position\":2,\"name\":\"Miguel \u00c1ngel May May (maya)\"}]},{\"@type\":\"WebSite\",\"@id\":\"https:\/\/blogs.acatlan.unam.mx\/literaturaindigena\/#website\",\"url\":\"https:\/\/blogs.acatlan.unam.mx\/literaturaindigena\/\",\"name\":\"Aproximaci\u00f3n a la literatura en lenguas ind\u00edgenas mexicanas\",\"description\":\"Blog derivado del proyecto \u201cAproximaci\u00f3n a la literatura en lenguas ind\u00edgenas mexicanas\u201d  FES Acatl\u00e1n\",\"potentialAction\":[{\"@type\":\"SearchAction\",\"target\":{\"@type\":\"EntryPoint\",\"urlTemplate\":\"https:\/\/blogs.acatlan.unam.mx\/literaturaindigena\/?s={search_term_string}\"},\"query-input\":{\"@type\":\"PropertyValueSpecification\",\"valueRequired\":true,\"valueName\":\"search_term_string\"}}],\"inLanguage\":\"es\"}]}<\/script>\n<!-- \/ Yoast SEO plugin. -->","yoast_head_json":{"title":"Miguel \u00c1ngel May May (maya) - Aproximaci\u00f3n a la literatura en lenguas ind\u00edgenas mexicanas","robots":{"index":"index","follow":"follow","max-snippet":"max-snippet:-1","max-image-preview":"max-image-preview:large","max-video-preview":"max-video-preview:-1"},"canonical":"https:\/\/blogs.acatlan.unam.mx\/literaturaindigena\/miguel-angel-may-may-maya\/","og_locale":"es_ES","og_type":"article","og_title":"Miguel \u00c1ngel May May (maya) - Aproximaci\u00f3n a la literatura en lenguas ind\u00edgenas mexicanas","og_description":"(Kimbil\u00e1, Izamal, Yucat\u00e1n, 1959) Escritor, editor y promotor cultural maya. Cuenta con estudios de Ciencias Antropol\u00f3gicas en la Universidad de Aut\u00f3noma de Yucat\u00e1n (UADY). Responsable de \u00e1rea en la Unidad Regional de Culturas Populares del Instituto Nacional para la Educaci\u00f3n &hellip; Sigue leyendo &rarr;","og_url":"https:\/\/blogs.acatlan.unam.mx\/literaturaindigena\/miguel-angel-may-may-maya\/","og_site_name":"Aproximaci\u00f3n a la literatura en lenguas ind\u00edgenas mexicanas","article_modified_time":"2019-10-24T20:53:33+00:00","twitter_card":"summary_large_image","twitter_misc":{"Tiempo de lectura":"1 minuto"},"schema":{"@context":"https:\/\/schema.org","@graph":[{"@type":"WebPage","@id":"https:\/\/blogs.acatlan.unam.mx\/literaturaindigena\/miguel-angel-may-may-maya\/","url":"https:\/\/blogs.acatlan.unam.mx\/literaturaindigena\/miguel-angel-may-may-maya\/","name":"Miguel \u00c1ngel May May (maya) - Aproximaci\u00f3n a la literatura en lenguas ind\u00edgenas mexicanas","isPartOf":{"@id":"https:\/\/blogs.acatlan.unam.mx\/literaturaindigena\/#website"},"datePublished":"2019-10-24T19:08:29+00:00","dateModified":"2019-10-24T20:53:33+00:00","breadcrumb":{"@id":"https:\/\/blogs.acatlan.unam.mx\/literaturaindigena\/miguel-angel-may-may-maya\/#breadcrumb"},"inLanguage":"es","potentialAction":[{"@type":"ReadAction","target":["https:\/\/blogs.acatlan.unam.mx\/literaturaindigena\/miguel-angel-may-may-maya\/"]}]},{"@type":"BreadcrumbList","@id":"https:\/\/blogs.acatlan.unam.mx\/literaturaindigena\/miguel-angel-may-may-maya\/#breadcrumb","itemListElement":[{"@type":"ListItem","position":1,"name":"Portada","item":"https:\/\/blogs.acatlan.unam.mx\/literaturaindigena\/"},{"@type":"ListItem","position":2,"name":"Miguel \u00c1ngel May May (maya)"}]},{"@type":"WebSite","@id":"https:\/\/blogs.acatlan.unam.mx\/literaturaindigena\/#website","url":"https:\/\/blogs.acatlan.unam.mx\/literaturaindigena\/","name":"Aproximaci\u00f3n a la literatura en lenguas ind\u00edgenas mexicanas","description":"Blog derivado del proyecto \u201cAproximaci\u00f3n a la literatura en lenguas ind\u00edgenas mexicanas\u201d  FES Acatl\u00e1n","potentialAction":[{"@type":"SearchAction","target":{"@type":"EntryPoint","urlTemplate":"https:\/\/blogs.acatlan.unam.mx\/literaturaindigena\/?s={search_term_string}"},"query-input":{"@type":"PropertyValueSpecification","valueRequired":true,"valueName":"search_term_string"}}],"inLanguage":"es"}]}},"_links":{"self":[{"href":"https:\/\/blogs.acatlan.unam.mx\/literaturaindigena\/wp-json\/wp\/v2\/pages\/212","targetHints":{"allow":["GET"]}}],"collection":[{"href":"https:\/\/blogs.acatlan.unam.mx\/literaturaindigena\/wp-json\/wp\/v2\/pages"}],"about":[{"href":"https:\/\/blogs.acatlan.unam.mx\/literaturaindigena\/wp-json\/wp\/v2\/types\/page"}],"author":[{"embeddable":true,"href":"https:\/\/blogs.acatlan.unam.mx\/literaturaindigena\/wp-json\/wp\/v2\/users\/66"}],"replies":[{"embeddable":true,"href":"https:\/\/blogs.acatlan.unam.mx\/literaturaindigena\/wp-json\/wp\/v2\/comments?post=212"}],"version-history":[{"count":4,"href":"https:\/\/blogs.acatlan.unam.mx\/literaturaindigena\/wp-json\/wp\/v2\/pages\/212\/revisions"}],"predecessor-version":[{"id":288,"href":"https:\/\/blogs.acatlan.unam.mx\/literaturaindigena\/wp-json\/wp\/v2\/pages\/212\/revisions\/288"}],"wp:attachment":[{"href":"https:\/\/blogs.acatlan.unam.mx\/literaturaindigena\/wp-json\/wp\/v2\/media?parent=212"}],"curies":[{"name":"wp","href":"https:\/\/api.w.org\/{rel}","templated":true}]}}