{"id":590,"date":"2019-05-21T20:07:02","date_gmt":"2019-05-22T01:07:02","guid":{"rendered":"http:\/\/blogs.acatlan.unam.mx\/filosofia\/?page_id=590"},"modified":"2020-08-30T21:44:13","modified_gmt":"2020-08-31T02:44:13","slug":"encuesta-a-egresados-de-filosofia","status":"publish","type":"page","link":"https:\/\/blogs.acatlan.unam.mx\/filosofia\/encuesta-a-egresados-de-filosofia\/","title":{"rendered":"Encuesta a Egresados de Filosof\u00eda"},"content":{"rendered":"<p>&nbsp;<\/p>\n<p>La informaci\u00f3n que nos proporciones ser\u00e1 muy valiosa para evaluar nuestro programa de estudios y poder efectuarle mejor\u00edas. Por lo anterior, te agradecemos que te tomes el tiempo para responder este formulario:<\/p>\n<p><a href=\"https:\/\/forms.gle\/em7KR2NcWXdqkE686\" target=\"_blank\" rel=\"noopener\">https:\/\/forms.gle\/em7KR2NcWXdqkE686<\/a><\/p>\n<p>&nbsp;<\/p>\n<p><a href=\"https:\/\/forms.gle\/em7KR2NcWXdqkE686\" target=\"_blank\" rel=\"noopener\"><img loading=\"lazy\" decoding=\"async\" class=\"aligncenter wp-image-933\" src=\"https:\/\/blogs.acatlan.unam.mx\/filosofia\/files\/2020\/08\/Egresados-150x150.png\" alt=\"\" width=\"600\" height=\"547\" srcset=\"https:\/\/blogs.acatlan.unam.mx\/filosofia\/files\/2020\/08\/Egresados-300x273.png 300w, https:\/\/blogs.acatlan.unam.mx\/filosofia\/files\/2020\/08\/Egresados.png 643w\" sizes=\"auto, (max-width: 600px) 100vw, 600px\" \/><\/a><\/p>\n<p>&nbsp;<\/p>\n","protected":false},"excerpt":{"rendered":"<p>&nbsp; La informaci\u00f3n que nos proporciones ser\u00e1 muy valiosa para evaluar nuestro programa de estudios y poder efectuarle mejor\u00edas. Por lo anterior, te agradecemos que te tomes el tiempo para responder este formulario: https:\/\/forms.gle\/em7KR2NcWXdqkE686 &nbsp; &nbsp;<\/p>\n","protected":false},"author":56,"featured_media":0,"parent":0,"menu_order":0,"comment_status":"closed","ping_status":"closed","template":"","meta":{"_exactmetrics_skip_tracking":false,"_exactmetrics_sitenote_active":false,"_exactmetrics_sitenote_note":"","_exactmetrics_sitenote_category":0,"footnotes":""},"class_list":["post-590","page","type-page","status-publish","hentry"],"yoast_head":"<!-- This site is optimized with the Yoast SEO plugin v24.7 - https:\/\/yoast.com\/wordpress\/plugins\/seo\/ -->\n<title>Encuesta a Egresados de Filosof\u00eda - Secci\u00f3n de Filosof\u00eda | Acatl\u00e1n<\/title>\n<meta name=\"robots\" content=\"index, follow, max-snippet:-1, max-image-preview:large, max-video-preview:-1\" \/>\n<link rel=\"canonical\" href=\"https:\/\/blogs.acatlan.unam.mx\/filosofia\/encuesta-a-egresados-de-filosofia\/\" \/>\n<meta property=\"og:locale\" content=\"es_ES\" \/>\n<meta property=\"og:type\" content=\"article\" \/>\n<meta property=\"og:title\" content=\"Encuesta a Egresados de Filosof\u00eda - Secci\u00f3n de Filosof\u00eda | Acatl\u00e1n\" \/>\n<meta property=\"og:description\" content=\"&nbsp; La informaci\u00f3n que nos proporciones ser\u00e1 muy valiosa para evaluar nuestro programa de estudios y poder efectuarle mejor\u00edas. Por lo anterior, te agradecemos que te tomes el tiempo para responder este formulario: https:\/\/forms.gle\/em7KR2NcWXdqkE686 &nbsp; &nbsp;\" \/>\n<meta property=\"og:url\" content=\"https:\/\/blogs.acatlan.unam.mx\/filosofia\/encuesta-a-egresados-de-filosofia\/\" \/>\n<meta property=\"og:site_name\" content=\"Secci\u00f3n de Filosof\u00eda | Acatl\u00e1n\" \/>\n<meta property=\"article:modified_time\" content=\"2020-08-31T02:44:13+00:00\" \/>\n<meta property=\"og:image\" content=\"http:\/\/blogs.acatlan.unam.mx\/filosofia\/files\/2020\/08\/Egresados-150x150.png\" \/>\n<meta name=\"twitter:card\" content=\"summary_large_image\" \/>\n<script type=\"application\/ld+json\" class=\"yoast-schema-graph\">{\"@context\":\"https:\/\/schema.org\",\"@graph\":[{\"@type\":\"WebPage\",\"@id\":\"https:\/\/blogs.acatlan.unam.mx\/filosofia\/encuesta-a-egresados-de-filosofia\/\",\"url\":\"https:\/\/blogs.acatlan.unam.mx\/filosofia\/encuesta-a-egresados-de-filosofia\/\",\"name\":\"Encuesta a Egresados de Filosof\u00eda - Secci\u00f3n de Filosof\u00eda | Acatl\u00e1n\",\"isPartOf\":{\"@id\":\"https:\/\/blogs.acatlan.unam.mx\/filosofia\/#website\"},\"primaryImageOfPage\":{\"@id\":\"https:\/\/blogs.acatlan.unam.mx\/filosofia\/encuesta-a-egresados-de-filosofia\/#primaryimage\"},\"image\":{\"@id\":\"https:\/\/blogs.acatlan.unam.mx\/filosofia\/encuesta-a-egresados-de-filosofia\/#primaryimage\"},\"thumbnailUrl\":\"http:\/\/blogs.acatlan.unam.mx\/filosofia\/files\/2020\/08\/Egresados-150x150.png\",\"datePublished\":\"2019-05-22T01:07:02+00:00\",\"dateModified\":\"2020-08-31T02:44:13+00:00\",\"breadcrumb\":{\"@id\":\"https:\/\/blogs.acatlan.unam.mx\/filosofia\/encuesta-a-egresados-de-filosofia\/#breadcrumb\"},\"inLanguage\":\"es\",\"potentialAction\":[{\"@type\":\"ReadAction\",\"target\":[\"https:\/\/blogs.acatlan.unam.mx\/filosofia\/encuesta-a-egresados-de-filosofia\/\"]}]},{\"@type\":\"ImageObject\",\"inLanguage\":\"es\",\"@id\":\"https:\/\/blogs.acatlan.unam.mx\/filosofia\/encuesta-a-egresados-de-filosofia\/#primaryimage\",\"url\":\"http:\/\/blogs.acatlan.unam.mx\/filosofia\/files\/2020\/08\/Egresados-150x150.png\",\"contentUrl\":\"http:\/\/blogs.acatlan.unam.mx\/filosofia\/files\/2020\/08\/Egresados-150x150.png\"},{\"@type\":\"BreadcrumbList\",\"@id\":\"https:\/\/blogs.acatlan.unam.mx\/filosofia\/encuesta-a-egresados-de-filosofia\/#breadcrumb\",\"itemListElement\":[{\"@type\":\"ListItem\",\"position\":1,\"name\":\"Portada\",\"item\":\"https:\/\/blogs.acatlan.unam.mx\/filosofia\/\"},{\"@type\":\"ListItem\",\"position\":2,\"name\":\"Encuesta a Egresados de Filosof\u00eda\"}]},{\"@type\":\"WebSite\",\"@id\":\"https:\/\/blogs.acatlan.unam.mx\/filosofia\/#website\",\"url\":\"https:\/\/blogs.acatlan.unam.mx\/filosofia\/\",\"name\":\"Secci\u00f3n de Filosof\u00eda | Acatl\u00e1n\",\"description\":\"Espacio web de la licenciatura en Filosof\u00eda de la FES Acatl\u00e1n\",\"potentialAction\":[{\"@type\":\"SearchAction\",\"target\":{\"@type\":\"EntryPoint\",\"urlTemplate\":\"https:\/\/blogs.acatlan.unam.mx\/filosofia\/?s={search_term_string}\"},\"query-input\":{\"@type\":\"PropertyValueSpecification\",\"valueRequired\":true,\"valueName\":\"search_term_string\"}}],\"inLanguage\":\"es\"}]}<\/script>\n<!-- \/ Yoast SEO plugin. -->","yoast_head_json":{"title":"Encuesta a Egresados de Filosof\u00eda - Secci\u00f3n de Filosof\u00eda | Acatl\u00e1n","robots":{"index":"index","follow":"follow","max-snippet":"max-snippet:-1","max-image-preview":"max-image-preview:large","max-video-preview":"max-video-preview:-1"},"canonical":"https:\/\/blogs.acatlan.unam.mx\/filosofia\/encuesta-a-egresados-de-filosofia\/","og_locale":"es_ES","og_type":"article","og_title":"Encuesta a Egresados de Filosof\u00eda - Secci\u00f3n de Filosof\u00eda | Acatl\u00e1n","og_description":"&nbsp; La informaci\u00f3n que nos proporciones ser\u00e1 muy valiosa para evaluar nuestro programa de estudios y poder efectuarle mejor\u00edas. Por lo anterior, te agradecemos que te tomes el tiempo para responder este formulario: https:\/\/forms.gle\/em7KR2NcWXdqkE686 &nbsp; &nbsp;","og_url":"https:\/\/blogs.acatlan.unam.mx\/filosofia\/encuesta-a-egresados-de-filosofia\/","og_site_name":"Secci\u00f3n de Filosof\u00eda | Acatl\u00e1n","article_modified_time":"2020-08-31T02:44:13+00:00","og_image":[{"url":"http:\/\/blogs.acatlan.unam.mx\/filosofia\/files\/2020\/08\/Egresados-150x150.png","type":"","width":"","height":""}],"twitter_card":"summary_large_image","schema":{"@context":"https:\/\/schema.org","@graph":[{"@type":"WebPage","@id":"https:\/\/blogs.acatlan.unam.mx\/filosofia\/encuesta-a-egresados-de-filosofia\/","url":"https:\/\/blogs.acatlan.unam.mx\/filosofia\/encuesta-a-egresados-de-filosofia\/","name":"Encuesta a Egresados de Filosof\u00eda - Secci\u00f3n de Filosof\u00eda | Acatl\u00e1n","isPartOf":{"@id":"https:\/\/blogs.acatlan.unam.mx\/filosofia\/#website"},"primaryImageOfPage":{"@id":"https:\/\/blogs.acatlan.unam.mx\/filosofia\/encuesta-a-egresados-de-filosofia\/#primaryimage"},"image":{"@id":"https:\/\/blogs.acatlan.unam.mx\/filosofia\/encuesta-a-egresados-de-filosofia\/#primaryimage"},"thumbnailUrl":"http:\/\/blogs.acatlan.unam.mx\/filosofia\/files\/2020\/08\/Egresados-150x150.png","datePublished":"2019-05-22T01:07:02+00:00","dateModified":"2020-08-31T02:44:13+00:00","breadcrumb":{"@id":"https:\/\/blogs.acatlan.unam.mx\/filosofia\/encuesta-a-egresados-de-filosofia\/#breadcrumb"},"inLanguage":"es","potentialAction":[{"@type":"ReadAction","target":["https:\/\/blogs.acatlan.unam.mx\/filosofia\/encuesta-a-egresados-de-filosofia\/"]}]},{"@type":"ImageObject","inLanguage":"es","@id":"https:\/\/blogs.acatlan.unam.mx\/filosofia\/encuesta-a-egresados-de-filosofia\/#primaryimage","url":"http:\/\/blogs.acatlan.unam.mx\/filosofia\/files\/2020\/08\/Egresados-150x150.png","contentUrl":"http:\/\/blogs.acatlan.unam.mx\/filosofia\/files\/2020\/08\/Egresados-150x150.png"},{"@type":"BreadcrumbList","@id":"https:\/\/blogs.acatlan.unam.mx\/filosofia\/encuesta-a-egresados-de-filosofia\/#breadcrumb","itemListElement":[{"@type":"ListItem","position":1,"name":"Portada","item":"https:\/\/blogs.acatlan.unam.mx\/filosofia\/"},{"@type":"ListItem","position":2,"name":"Encuesta a Egresados de Filosof\u00eda"}]},{"@type":"WebSite","@id":"https:\/\/blogs.acatlan.unam.mx\/filosofia\/#website","url":"https:\/\/blogs.acatlan.unam.mx\/filosofia\/","name":"Secci\u00f3n de Filosof\u00eda | Acatl\u00e1n","description":"Espacio web de la licenciatura en Filosof\u00eda de la FES Acatl\u00e1n","potentialAction":[{"@type":"SearchAction","target":{"@type":"EntryPoint","urlTemplate":"https:\/\/blogs.acatlan.unam.mx\/filosofia\/?s={search_term_string}"},"query-input":{"@type":"PropertyValueSpecification","valueRequired":true,"valueName":"search_term_string"}}],"inLanguage":"es"}]}},"_links":{"self":[{"href":"https:\/\/blogs.acatlan.unam.mx\/filosofia\/wp-json\/wp\/v2\/pages\/590","targetHints":{"allow":["GET"]}}],"collection":[{"href":"https:\/\/blogs.acatlan.unam.mx\/filosofia\/wp-json\/wp\/v2\/pages"}],"about":[{"href":"https:\/\/blogs.acatlan.unam.mx\/filosofia\/wp-json\/wp\/v2\/types\/page"}],"author":[{"embeddable":true,"href":"https:\/\/blogs.acatlan.unam.mx\/filosofia\/wp-json\/wp\/v2\/users\/56"}],"replies":[{"embeddable":true,"href":"https:\/\/blogs.acatlan.unam.mx\/filosofia\/wp-json\/wp\/v2\/comments?post=590"}],"version-history":[{"count":11,"href":"https:\/\/blogs.acatlan.unam.mx\/filosofia\/wp-json\/wp\/v2\/pages\/590\/revisions"}],"predecessor-version":[{"id":934,"href":"https:\/\/blogs.acatlan.unam.mx\/filosofia\/wp-json\/wp\/v2\/pages\/590\/revisions\/934"}],"wp:attachment":[{"href":"https:\/\/blogs.acatlan.unam.mx\/filosofia\/wp-json\/wp\/v2\/media?parent=590"}],"curies":[{"name":"wp","href":"https:\/\/api.w.org\/{rel}","templated":true}]}}