{"id":95,"date":"2025-10-31T04:13:19","date_gmt":"2025-10-31T03:13:19","guid":{"rendered":"https:\/\/blogs.acatlan.unam.mx\/filmedieval\/?page_id=95"},"modified":"2026-04-09T22:46:41","modified_gmt":"2026-04-09T20:46:41","slug":"actividades-semestrales","status":"publish","type":"page","link":"https:\/\/blogs.acatlan.unam.mx\/filmedieval\/actividades-semestrales\/","title":{"rendered":"Actividades semestrales"},"content":{"rendered":"\n<p class=\"has-theme-palette-3-color has-dark-gray-background-color has-text-color has-background has-link-color has-large-font-size wp-elements-e5c31322874be91d0725df2a8a42d418\">Lectura de textos con perspectiva de g\u00e9nero <\/p>\n\n\n\n<div class=\"wp-block-columns is-layout-flex wp-container-core-columns-is-layout-9d6595d7 wp-block-columns-is-layout-flex\">\n<div class=\"wp-block-column is-layout-flow wp-block-column-is-layout-flow\">\n<figure class=\"wp-block-embed is-type-photo is-provider-flickr wp-block-embed-flickr\"><div class=\"wp-block-embed__wrapper\">\n<a href=\"https:\/\/flic.kr\/p\/2rHxNUo\"><img loading=\"lazy\" decoding=\"async\" src=\"https:\/\/live.staticflickr.com\/65535\/54947794334_94a145e43b_c.jpg\" alt=\"1251d1aa-3fd0-42f2-bf68-8a99490efdc5\" width=\"518\" height=\"800\" \/><\/a>\n<\/div><\/figure>\n\n\n\n<p class=\"has-theme-palette-3-color has-dark-gray-background-color has-text-color has-background has-link-color wp-elements-023bec3ca02f890f961a405c802da295\">Cuerpo y comunidad en el paleocristianismo. Dra Camila Joselevich  29 de agosto 2025<\/p>\n<\/div>\n\n\n\n<div class=\"wp-block-column is-layout-flow wp-block-column-is-layout-flow\">\n<figure class=\"wp-block-embed is-type-photo is-provider-flickr wp-block-embed-flickr\"><div class=\"wp-block-embed__wrapper\">\n<a href=\"https:\/\/flic.kr\/p\/2rHxMPN\"><img loading=\"lazy\" decoding=\"async\" src=\"https:\/\/live.staticflickr.com\/65535\/54947790704_479384e3c6_c.jpg\" alt=\"IMG_4404\" width=\"628\" height=\"800\" \/><\/a>\n<\/div><\/figure>\n\n\n\n<p class=\"has-theme-palette-3-color has-dark-gray-background-color has-text-color has-background has-link-color wp-elements-d998b825c11b26f4be41057e8cf9e231\">Lectura de textos. <em>Di\u00e1logo sobre el alma y la resurrecci\u00f3n<\/em>&nbsp; Gregorio de Nisa y Macrina. Dr. Alonzo Loza y Dra. Laura Soto  12 de septiembre de 2025<\/p>\n<\/div>\n\n\n\n<div class=\"wp-block-column is-layout-flow wp-block-column-is-layout-flow\">\n<figure class=\"wp-block-embed is-type-photo is-provider-flickr wp-block-embed-flickr\"><div class=\"wp-block-embed__wrapper\">\n<a href=\"https:\/\/flic.kr\/p\/2rHwtD3\"><img loading=\"lazy\" decoding=\"async\" src=\"https:\/\/live.staticflickr.com\/65535\/54947534416_dba7716631_c.jpg\" alt=\"IMG_4646\" width=\"522\" height=\"800\" \/><\/a>\n<\/div><\/figure>\n\n\n\n<p class=\"has-theme-palette-3-color has-dark-gray-background-color has-text-color has-background has-link-color wp-elements-038ac5236274ed36aac4be499b32207f\">Faltonia Betitia Proba. Dra. Laura Soto 26 de septiembre de 2025<\/p>\n<\/div>\n<\/div>\n\n\n\n<div class=\"wp-block-columns is-layout-flex wp-container-core-columns-is-layout-9d6595d7 wp-block-columns-is-layout-flex\">\n<div class=\"wp-block-column is-layout-flow wp-block-column-is-layout-flow\">\n<figure class=\"wp-block-embed is-type-photo is-provider-flickr wp-block-embed-flickr\"><div class=\"wp-block-embed__wrapper\">\n<a href=\"https:\/\/flic.kr\/p\/2rHxMPT\"><img loading=\"lazy\" decoding=\"async\" src=\"https:\/\/live.staticflickr.com\/65535\/54947790709_ecc09548af_c.jpg\" alt=\"4e2bd8fe-46f7-400e-89f0-13bbbf9d72bf\" width=\"533\" height=\"800\" \/><\/a>\n<\/div><\/figure>\n\n\n\n<p class=\"has-theme-palette-3-color has-dark-gray-background-color has-text-color has-background has-link-color wp-elements-a6e74e62d5e6291303a199ebc25d69e1\">Lectura de textos. Gregorio de Nisa y Macrina. Dr. Alonzo Loza y Dra. Laura Soto 10 de octubre 2025<\/p>\n<\/div>\n\n\n\n<div class=\"wp-block-column is-layout-flow wp-block-column-is-layout-flow\">\n<figure class=\"wp-block-embed is-type-photo is-provider-flickr wp-block-embed-flickr\"><div class=\"wp-block-embed__wrapper\">\n<a href=\"https:\/\/flic.kr\/p\/2rHxZ2D\"><img loading=\"lazy\" decoding=\"async\" src=\"https:\/\/live.staticflickr.com\/65535\/54947828395_11c415e766_c.jpg\" alt=\"Fil\u00f3sofas medievales en la historia de la filsoof\u00eda - 1\" width=\"600\" height=\"800\" \/><\/a>\n<\/div><\/figure>\n\n\n\n<p class=\"has-theme-palette-3-color has-dark-gray-background-color has-text-color has-background has-link-color wp-elements-392a50bf958f88bf72b609d9e4313d55\">Santa Mar\u00eda Egipciaca y las madres del desierto. Dr. Ernesto Gallardo. 7 de noviembre de 2025<\/p>\n<\/div>\n\n\n\n<div class=\"wp-block-column is-layout-flow wp-block-column-is-layout-flow\">\n<figure class=\"wp-block-embed is-type-photo is-provider-flickr wp-block-embed-flickr\"><div class=\"wp-block-embed__wrapper\">\n<a href=\"https:\/\/flic.kr\/p\/2rHxrx4\"><img loading=\"lazy\" decoding=\"async\" src=\"https:\/\/live.staticflickr.com\/65535\/54947722453_c4a5428fd4_c.jpg\" alt=\"IMG_5309\" width=\"650\" height=\"800\" \/><\/a>\n<\/div><\/figure>\n\n\n\n<p class=\"has-theme-palette-3-color has-dark-gray-background-color has-text-color has-background has-link-color wp-elements-2cc4402eee682fa8a57284d355d37b7a\">Portus philosophia. Dr. Miguel Santiago Flores 10 de noviembre de 2025<\/p>\n<\/div>\n<\/div>\n\n\n\n<div class=\"wp-block-columns is-layout-flex wp-container-core-columns-is-layout-9d6595d7 wp-block-columns-is-layout-flex\">\n<div class=\"wp-block-column is-layout-flow wp-block-column-is-layout-flow\">\n<figure class=\"wp-block-embed is-type-photo is-provider-flickr wp-block-embed-flickr\"><div class=\"wp-block-embed__wrapper\">\n<a href=\"https:\/\/flic.kr\/p\/2rHwqF4\"><img loading=\"lazy\" decoding=\"async\" src=\"https:\/\/live.staticflickr.com\/65535\/54947524441_fd484f8f11_c.jpg\" alt=\"IMG_5475\" width=\"518\" height=\"800\" \/><\/a>\n<\/div><\/figure>\n\n\n\n<p class=\"has-theme-palette-3-color has-dark-gray-background-color has-text-color has-background has-link-color wp-elements-3fb2e21b2407fc72804b14ba7a0f482b\">Ingenio y artificio de las mujeres: el caso de las poetisas medievales de Al-Andalus. Dra. Karla Flores 21 de noviembre<\/p>\n<\/div>\n\n\n\n<div class=\"wp-block-column is-layout-flow wp-block-column-is-layout-flow\">\n<figure class=\"wp-block-embed is-type-photo is-provider-flickr wp-block-embed-flickr\"><div class=\"wp-block-embed__wrapper\">\n<a href=\"https:\/\/www.flickr.com\/photos\/204397874@N03\/55197454721\/in\/dateposted-public\/\"><img loading=\"lazy\" decoding=\"async\" src=\"https:\/\/live.staticflickr.com\/65535\/55197454721_c058b6dc16_c.jpg\" alt=\"El Todo es uno: Cleopatra, alquimista y fil\u00f3sofa.\" width=\"518\" height=\"800\" \/><\/a>\n<\/div><\/figure>\n\n\n\n<p>El Todo es uno: Cleopatra, alquimista y fil\u00f3sofa. Dr. Marcelo P\u00e9rez Silva.<\/p>\n<\/div>\n\n\n\n<div class=\"wp-block-column is-layout-flow wp-block-column-is-layout-flow\">\n<figure class=\"wp-block-embed is-type-photo is-provider-flickr wp-block-embed-flickr\"><div class=\"wp-block-embed__wrapper\">\n<a href=\"https:\/\/www.flickr.com\/photos\/204397874@N03\/55197710239\/in\/dateposted-public\/\"><img loading=\"lazy\" decoding=\"async\" src=\"https:\/\/live.staticflickr.com\/65535\/55197710239_c76089ebe0_c.jpg\" alt=\"Cuerpo y g\u00e9nero; la filosof\u00eda de Hildegarda de Bingen\" width=\"600\" height=\"800\" \/><\/a>\n<\/div><\/figure>\n\n\n\n<p>Cuerpo y g\u00e9nero: la filosof\u00eda de Hildegarda de Bingen. Dra. Laura Alicia Soto.<\/p>\n<\/div>\n<\/div>\n\n\n\n<div class=\"wp-block-columns is-layout-flex wp-container-core-columns-is-layout-9d6595d7 wp-block-columns-is-layout-flex\">\n<div class=\"wp-block-column is-layout-flow wp-block-column-is-layout-flow\">\n<figure class=\"wp-block-embed is-type-photo is-provider-flickr wp-block-embed-flickr\"><div class=\"wp-block-embed__wrapper\">\n<a href=\"https:\/\/www.flickr.com\/photos\/204397874@N03\/55197714004\/in\/dateposted-public\/\"><img loading=\"lazy\" decoding=\"async\" src=\"https:\/\/live.staticflickr.com\/65535\/55197714004_acdaa2801a_c.jpg\" alt=\"Corporeidad femenina despu\u00e9s de la muerte. Una aproximaci\u00f3n desde Macrina la joven\" width=\"518\" height=\"800\" \/><\/a>\n<\/div><\/figure>\n\n\n\n<p>Corporeidad femenina despu\u00e9s de la muerte. Dra. Ma Elena Garc\u00eda Pel\u00e1ez.<\/p>\n<\/div>\n\n\n\n<div class=\"wp-block-column is-layout-flow wp-block-column-is-layout-flow\">\n<figure class=\"wp-block-embed is-type-photo is-provider-flickr wp-block-embed-flickr\"><div class=\"wp-block-embed__wrapper\">\n<a href=\"https:\/\/www.flickr.com\/photos\/204397874@N03\/55196576892\/in\/dateposted-public\/\"><img loading=\"lazy\" decoding=\"async\" src=\"https:\/\/live.staticflickr.com\/65535\/55196576892_8f58758754_c.jpg\" alt=\"RABI\u00b4A AL-\u00b4ADAWIYYA. Arquetipo del ascetismo suf\u00ed femenino en la transici\u00f3n del Califato Omeya al Abas\u00ed\" width=\"518\" height=\"800\" \/><\/a>\n<\/div><\/figure>\n\n\n\n<p>RABI\u00b4A AL-\u00b4ADAWIYYA. Arquetipo del ascetismo suf\u00ed femenino en la transici\u00f3n del Califato Omeya al Abas\u00edDra. Paulina Pezzat.<\/p>\n<\/div>\n\n\n\n<div class=\"wp-block-column is-layout-flow wp-block-column-is-layout-flow\">\n<figure class=\"wp-block-embed is-type-photo is-provider-flickr wp-block-embed-flickr\"><div class=\"wp-block-embed__wrapper\">\n<a href=\"https:\/\/www.flickr.com\/photos\/204397874@N03\/55196579242\/in\/dateposted-public\/\"><img loading=\"lazy\" decoding=\"async\" src=\"https:\/\/live.staticflickr.com\/65535\/55196579242_b13a8fea3f_c.jpg\" alt=\"Humanismo, g\u00e9nero y vida espiritual: la carta como espacio de interlocuci\u00f3n entre Juan de \u00c1vila y las mujeres\" width=\"518\" height=\"800\" \/><\/a>\n<\/div><\/figure>\n\n\n\n<p>Humanismo, g\u00e9nero y vida espiritual: la carta como espacio de interlocuci\u00f3n entre Juan de \u00c1vila y las mujeres. Dr. Miguel Anxo Pena Gonz\u00e1lez.<\/p>\n<\/div>\n<\/div>\n","protected":false},"excerpt":{"rendered":"<p>Lectura de textos con perspectiva de g\u00e9nero Cuerpo y comunidad en el paleocristianismo. Dra Camila Joselevich 29 de agosto 2025 Lectura de textos. Di\u00e1logo sobre el alma y la resurrecci\u00f3n&nbsp; Gregorio de Nisa y Macrina. Dr. Alonzo Loza y Dra. Laura Soto 12 de septiembre de 2025 Faltonia Betitia Proba. Dra. Laura Soto 26 de&#8230;<\/p>\n","protected":false},"author":94,"featured_media":0,"parent":0,"menu_order":0,"comment_status":"closed","ping_status":"closed","template":"","meta":{"_exactmetrics_skip_tracking":false,"_exactmetrics_sitenote_active":false,"_exactmetrics_sitenote_note":"","_exactmetrics_sitenote_category":0,"_kad_post_transparent":"","_kad_post_title":"","_kad_post_layout":"","_kad_post_sidebar_id":"","_kad_post_content_style":"","_kad_post_vertical_padding":"","_kad_post_feature":"","_kad_post_feature_position":"","_kad_post_header":false,"_kad_post_footer":false,"footnotes":""},"class_list":["post-95","page","type-page","status-publish","hentry"],"yoast_head":"<!-- This site is optimized with the Yoast SEO plugin v24.7 - https:\/\/yoast.com\/wordpress\/plugins\/seo\/ -->\n<title>Actividades semestrales - Filosof\u00eda medieval<\/title>\n<meta name=\"robots\" content=\"index, follow, max-snippet:-1, max-image-preview:large, max-video-preview:-1\" \/>\n<link rel=\"canonical\" href=\"https:\/\/blogs.acatlan.unam.mx\/filmedieval\/actividades-semestrales\/\" \/>\n<meta property=\"og:locale\" content=\"es_ES\" \/>\n<meta property=\"og:type\" content=\"article\" \/>\n<meta property=\"og:title\" content=\"Actividades semestrales - Filosof\u00eda medieval\" \/>\n<meta property=\"og:description\" content=\"Lectura de textos con perspectiva de g\u00e9nero Cuerpo y comunidad en el paleocristianismo. Dra Camila Joselevich 29 de agosto 2025 Lectura de textos. Di\u00e1logo sobre el alma y la resurrecci\u00f3n&nbsp; Gregorio de Nisa y Macrina. Dr. Alonzo Loza y Dra. Laura Soto 12 de septiembre de 2025 Faltonia Betitia Proba. Dra. Laura Soto 26 de...\" \/>\n<meta property=\"og:url\" content=\"https:\/\/blogs.acatlan.unam.mx\/filmedieval\/actividades-semestrales\/\" \/>\n<meta property=\"og:site_name\" content=\"Filosof\u00eda medieval\" \/>\n<meta property=\"article:modified_time\" content=\"2026-04-09T20:46:41+00:00\" \/>\n<meta name=\"twitter:card\" content=\"summary_large_image\" \/>\n<meta name=\"twitter:label1\" content=\"Tiempo de lectura\" \/>\n\t<meta name=\"twitter:data1\" content=\"1 minuto\" \/>\n<script type=\"application\/ld+json\" class=\"yoast-schema-graph\">{\"@context\":\"https:\/\/schema.org\",\"@graph\":[{\"@type\":\"WebPage\",\"@id\":\"https:\/\/blogs.acatlan.unam.mx\/filmedieval\/actividades-semestrales\/\",\"url\":\"https:\/\/blogs.acatlan.unam.mx\/filmedieval\/actividades-semestrales\/\",\"name\":\"Actividades semestrales - Filosof\u00eda medieval\",\"isPartOf\":{\"@id\":\"https:\/\/blogs.acatlan.unam.mx\/filmedieval\/#website\"},\"datePublished\":\"2025-10-31T03:13:19+00:00\",\"dateModified\":\"2026-04-09T20:46:41+00:00\",\"breadcrumb\":{\"@id\":\"https:\/\/blogs.acatlan.unam.mx\/filmedieval\/actividades-semestrales\/#breadcrumb\"},\"inLanguage\":\"es\",\"potentialAction\":[{\"@type\":\"ReadAction\",\"target\":[\"https:\/\/blogs.acatlan.unam.mx\/filmedieval\/actividades-semestrales\/\"]}]},{\"@type\":\"BreadcrumbList\",\"@id\":\"https:\/\/blogs.acatlan.unam.mx\/filmedieval\/actividades-semestrales\/#breadcrumb\",\"itemListElement\":[{\"@type\":\"ListItem\",\"position\":1,\"name\":\"Portada\",\"item\":\"https:\/\/blogs.acatlan.unam.mx\/filmedieval\/\"},{\"@type\":\"ListItem\",\"position\":2,\"name\":\"Actividades semestrales\"}]},{\"@type\":\"WebSite\",\"@id\":\"https:\/\/blogs.acatlan.unam.mx\/filmedieval\/#website\",\"url\":\"https:\/\/blogs.acatlan.unam.mx\/filmedieval\/\",\"name\":\"Filosof\u00eda medieval\",\"description\":\"UNAM-FES Acatl\u00e1n\",\"potentialAction\":[{\"@type\":\"SearchAction\",\"target\":{\"@type\":\"EntryPoint\",\"urlTemplate\":\"https:\/\/blogs.acatlan.unam.mx\/filmedieval\/?s={search_term_string}\"},\"query-input\":{\"@type\":\"PropertyValueSpecification\",\"valueRequired\":true,\"valueName\":\"search_term_string\"}}],\"inLanguage\":\"es\"}]}<\/script>\n<!-- \/ Yoast SEO plugin. -->","yoast_head_json":{"title":"Actividades semestrales - Filosof\u00eda medieval","robots":{"index":"index","follow":"follow","max-snippet":"max-snippet:-1","max-image-preview":"max-image-preview:large","max-video-preview":"max-video-preview:-1"},"canonical":"https:\/\/blogs.acatlan.unam.mx\/filmedieval\/actividades-semestrales\/","og_locale":"es_ES","og_type":"article","og_title":"Actividades semestrales - Filosof\u00eda medieval","og_description":"Lectura de textos con perspectiva de g\u00e9nero Cuerpo y comunidad en el paleocristianismo. Dra Camila Joselevich 29 de agosto 2025 Lectura de textos. Di\u00e1logo sobre el alma y la resurrecci\u00f3n&nbsp; Gregorio de Nisa y Macrina. Dr. Alonzo Loza y Dra. Laura Soto 12 de septiembre de 2025 Faltonia Betitia Proba. Dra. Laura Soto 26 de...","og_url":"https:\/\/blogs.acatlan.unam.mx\/filmedieval\/actividades-semestrales\/","og_site_name":"Filosof\u00eda medieval","article_modified_time":"2026-04-09T20:46:41+00:00","twitter_card":"summary_large_image","twitter_misc":{"Tiempo de lectura":"1 minuto"},"schema":{"@context":"https:\/\/schema.org","@graph":[{"@type":"WebPage","@id":"https:\/\/blogs.acatlan.unam.mx\/filmedieval\/actividades-semestrales\/","url":"https:\/\/blogs.acatlan.unam.mx\/filmedieval\/actividades-semestrales\/","name":"Actividades semestrales - Filosof\u00eda medieval","isPartOf":{"@id":"https:\/\/blogs.acatlan.unam.mx\/filmedieval\/#website"},"datePublished":"2025-10-31T03:13:19+00:00","dateModified":"2026-04-09T20:46:41+00:00","breadcrumb":{"@id":"https:\/\/blogs.acatlan.unam.mx\/filmedieval\/actividades-semestrales\/#breadcrumb"},"inLanguage":"es","potentialAction":[{"@type":"ReadAction","target":["https:\/\/blogs.acatlan.unam.mx\/filmedieval\/actividades-semestrales\/"]}]},{"@type":"BreadcrumbList","@id":"https:\/\/blogs.acatlan.unam.mx\/filmedieval\/actividades-semestrales\/#breadcrumb","itemListElement":[{"@type":"ListItem","position":1,"name":"Portada","item":"https:\/\/blogs.acatlan.unam.mx\/filmedieval\/"},{"@type":"ListItem","position":2,"name":"Actividades semestrales"}]},{"@type":"WebSite","@id":"https:\/\/blogs.acatlan.unam.mx\/filmedieval\/#website","url":"https:\/\/blogs.acatlan.unam.mx\/filmedieval\/","name":"Filosof\u00eda medieval","description":"UNAM-FES Acatl\u00e1n","potentialAction":[{"@type":"SearchAction","target":{"@type":"EntryPoint","urlTemplate":"https:\/\/blogs.acatlan.unam.mx\/filmedieval\/?s={search_term_string}"},"query-input":{"@type":"PropertyValueSpecification","valueRequired":true,"valueName":"search_term_string"}}],"inLanguage":"es"}]}},"_links":{"self":[{"href":"https:\/\/blogs.acatlan.unam.mx\/filmedieval\/wp-json\/wp\/v2\/pages\/95","targetHints":{"allow":["GET"]}}],"collection":[{"href":"https:\/\/blogs.acatlan.unam.mx\/filmedieval\/wp-json\/wp\/v2\/pages"}],"about":[{"href":"https:\/\/blogs.acatlan.unam.mx\/filmedieval\/wp-json\/wp\/v2\/types\/page"}],"author":[{"embeddable":true,"href":"https:\/\/blogs.acatlan.unam.mx\/filmedieval\/wp-json\/wp\/v2\/users\/94"}],"replies":[{"embeddable":true,"href":"https:\/\/blogs.acatlan.unam.mx\/filmedieval\/wp-json\/wp\/v2\/comments?post=95"}],"version-history":[{"count":30,"href":"https:\/\/blogs.acatlan.unam.mx\/filmedieval\/wp-json\/wp\/v2\/pages\/95\/revisions"}],"predecessor-version":[{"id":908,"href":"https:\/\/blogs.acatlan.unam.mx\/filmedieval\/wp-json\/wp\/v2\/pages\/95\/revisions\/908"}],"wp:attachment":[{"href":"https:\/\/blogs.acatlan.unam.mx\/filmedieval\/wp-json\/wp\/v2\/media?parent=95"}],"curies":[{"name":"wp","href":"https:\/\/api.w.org\/{rel}","templated":true}]}}