{"id":333,"date":"2026-02-20T18:58:36","date_gmt":"2026-02-20T17:58:36","guid":{"rendered":"https:\/\/blogs.acatlan.unam.mx\/filmedieval\/?page_id=333"},"modified":"2026-04-06T18:32:45","modified_gmt":"2026-04-06T16:32:45","slug":"congreso-estudiantil","status":"publish","type":"page","link":"https:\/\/blogs.acatlan.unam.mx\/filmedieval\/congreso-estudiantil\/","title":{"rendered":"Congreso estudiantil"},"content":{"rendered":"\n<div class=\"wp-block-group wp-container-content-9cfa9a5a is-vertical is-content-justification-left is-layout-flex wp-container-core-group-is-layout-26a9dc12 wp-block-group-is-layout-flex\" style=\"margin-top:var(--wp--preset--spacing--40);margin-bottom:var(--wp--preset--spacing--40);padding-top:var(--wp--preset--spacing--40);padding-right:0;padding-bottom:var(--wp--preset--spacing--40);padding-left:0\">\n<p class=\"has-text-align-left has-black-color has-text-color\" style=\"font-size:35px;font-style:normal;font-weight:700;line-height:1;text-transform:none\">CONVOCATORIA COLOQUIO ESTUDIANTIL&nbsp;<\/p>\n\n\n\n<p class=\"has-dark-gray-color has-text-color has-link-color has-small-font-size wp-elements-3dcdaa78298719c4cca06b6467e1b6d6\"><strong>Fil\u00f3sofas, humanistas y cient\u00edficas en la historia de la filosof\u00eda<\/strong><\/p>\n\n\n\n<p class=\"has-medium-font-size\"><strong>4 AL 6 DE MAYO DE 2026&nbsp;<\/strong><\/p>\n<\/div>\n\n\n\n<div class=\"wp-block-group is-vertical is-content-justification-center is-layout-flex wp-container-core-group-is-layout-4b2eccd6 wp-block-group-is-layout-flex\">\n<figure class=\"wp-block-embed is-type-photo is-provider-flickr wp-block-embed-flickr\"><div class=\"wp-block-embed__wrapper\">\n<a href=\"https:\/\/flic.kr\/p\/2rZjYXq\"><img loading=\"lazy\" decoding=\"async\" src=\"https:\/\/live.staticflickr.com\/65535\/55126355630_321e27fba7_z.jpg\" alt=\"Captura de pantalla 2026-03-02 a las 9.02.00\u202fp.\u202fm.\" width=\"640\" height=\"274\" \/><\/a>\n<\/div><\/figure>\n\n\n\n<p class=\"has-dark-brown-color has-light-brown-background-color has-text-color has-background has-link-color wp-elements-52266d388251cfc9293e88dc627e5ba0\" style=\"font-size:11px\">El Proyecto&nbsp;<em>PAIDI 012\/25&nbsp;<\/em><em>Fil\u00f3sofas medievales en la Historia de la filosof\u00eda: un enfoque con perspectiva de g\u00e9nero<\/em>&nbsp;de la Facultad de Estudios Superiores Acatl\u00e1n invita a lxs estudiantes de Licenciatura y Posgrado en Filosof\u00eda o de \u00e1reas afines a las humanidades a participar de forma presencial en el&nbsp;<em>Coloquio Nacional Fil\u00f3sofas, humanistas y cient\u00edficas en la historia de la filosof\u00eda<\/em>&nbsp;con el prop\u00f3sito de visibilizar el estudio de las mujeres fil\u00f3sofas y los temas con perspectivas de g\u00e9nero en la historia del pensamiento filos\u00f3fico.&nbsp;<\/p>\n<\/div>\n\n\n\n<div class=\"wp-block-columns is-layout-flex wp-container-core-columns-is-layout-9d6595d7 wp-block-columns-is-layout-flex\">\n<div class=\"wp-block-column is-layout-flow wp-block-column-is-layout-flow\">\n<div class=\"wp-block-group is-vertical is-content-justification-left is-layout-flex wp-container-core-group-is-layout-c0ca7d81 wp-block-group-is-layout-flex\">\n<p class=\"has-medium-font-size\" style=\"font-style:normal;font-weight:700;text-decoration:underline;text-transform:none\">Bases para participar:<\/p>\n\n\n\n<p class=\"has-small-font-size\">1. Estar inscritx en una Licenciatura, Maestr\u00eda o Posgrado en Filosof\u00eda o en \u00e1reas afines a las humanidades en cualquier Universidad\/ Escuela\/ Instituto Nacional.<\/p>\n\n\n\n<p class=\"has-small-font-size\">2. Enviar una propuesta de ponencia en archivo pdf con los siguientes datos:<\/p>\n\n\n\n<p class=\"has-small-font-size\">2.1. Nombre, adscripci\u00f3n con semestre o grado (acompa\u00f1ado con la tira de materias o constancia de su inscripci\u00f3n) y correo electr\u00f3nico.<\/p>\n\n\n\n<p class=\"has-small-font-size\">2.2.&nbsp;T\u00edtulo de la ponencia.<\/p>\n\n\n\n<p class=\"has-small-font-size\">2.3. Un breve&nbsp;resumen donde se expongan los objetivos, la tesis y una s\u00edntesis de la estructura de la ponencia.&nbsp;<\/p>\n\n\n\n<p class=\"has-small-font-size\">2.4. Un avance de su investigaci\u00f3n en un m\u00ednimo de 3 cuartillas sobre los siguientes temas:&nbsp;<\/p>\n\n\n\n<ul class=\"wp-block-list\">\n<li class=\"has-small-font-size\">a) Fil\u00f3sofas, humanistas o cient\u00edficas en la Tardo Antig\u00fcedad y la Edad Media.<\/li>\n\n\n\n<li class=\"has-small-font-size\">b) Fil\u00f3sofas, humanistas o cient\u00edficas de la Modernidad y el mundo contempor\u00e1neo.<\/li>\n\n\n\n<li class=\"has-small-font-size\">c) Perspectivas de g\u00e9nero en la historia de la filosof\u00eda.<\/li>\n<\/ul>\n\n\n\n<p class=\"has-small-font-size\">Evento gratuito. Se seleccionar\u00e1n las propuestas con base en el cumplimiento de los requisitos y la disponibilidad de espacios. <\/p>\n<\/div>\n<\/div>\n\n\n\n<div class=\"wp-block-column is-layout-flow wp-block-column-is-layout-flow\">\n<div class=\"wp-block-group is-vertical is-layout-flex wp-container-core-group-is-layout-8cf370e7 wp-block-group-is-layout-flex\">\n<p class=\"has-medium-font-size\" style=\"font-style:normal;font-weight:700;text-decoration:underline\"><strong>Fechas<\/strong>:<\/p>\n\n\n\n<p class=\"has-small-font-size\">Recepci\u00f3n de propuestas: Hasta el 23 de marzo de 2026<\/p>\n\n\n\n<p class=\"has-small-font-size\">Aceptaci\u00f3n de las ponencias: Del 5 al 10 de abril de 2026<\/p>\n\n\n\n<p class=\"has-small-font-size\">Publicaci\u00f3n del programa: 30 de abril de 2026&nbsp;<\/p>\n\n\n\n<p class=\"has-small-font-size\">Coloquio: Del 4 al 6 de mayo de 2026 en la Facultad de Estudios Superiores Acatl\u00e1n.\u00a0<\/p>\n<\/div>\n<\/div>\n<\/div>\n\n\n\n<div class=\"wp-block-group is-vertical is-content-justification-center is-layout-flex wp-container-core-group-is-layout-4b2eccd6 wp-block-group-is-layout-flex\">\n<p class=\"has-light-brown-background-color has-background has-large-font-size\" style=\"margin-bottom:0;font-style:normal;font-weight:700;text-decoration:underline\">Env\u00edo de propuestas a trav\u00e9s del formulario:&nbsp;<\/p>\n\n\n\n<p class=\"has-light-brown-background-color has-background has-medium-font-size\"><a href=\"https:\/\/forms.gle\/BriabqdffiJwZxXMA\">https:\/\/forms.gle\/BriabqdffiJwZxXMA<\/a><\/p>\n<\/div>\n\n\n\n<div class=\"wp-block-group is-vertical is-content-justification-center is-layout-flex wp-container-core-group-is-layout-4b2eccd6 wp-block-group-is-layout-flex\">\n<figure class=\"wp-block-embed is-type-photo is-provider-flickr wp-block-embed-flickr\"><div class=\"wp-block-embed__wrapper\">\n<a href=\"https:\/\/flic.kr\/p\/2rZjWvS\"><img loading=\"lazy\" decoding=\"async\" src=\"https:\/\/live.staticflickr.com\/65535\/55126347420_7dd48ab973_c.jpg\" alt=\"CONVOCATORIA COLOQUIO ESTUDIANTES - 1\" width=\"600\" height=\"800\" \/><\/a>\n<\/div><\/figure>\n<\/div>\n\n\n\n<div class=\"wp-block-group is-vertical is-layout-flex wp-container-core-group-is-layout-8cf370e7 wp-block-group-is-layout-flex\">\n<p class=\"has-small-font-size\" style=\"margin-bottom:0\">Correo:&nbsp;<\/p>\n\n\n\n<p class=\"has-small-font-size\">fimedieval@acatlan.unam.mx<\/p>\n\n\n\n<p class=\"has-small-font-size\">Coordina: Dra. Laura Alicia Soto Rangel<\/p>\n<\/div>\n","protected":false},"excerpt":{"rendered":"<p>CONVOCATORIA COLOQUIO ESTUDIANTIL&nbsp; Fil\u00f3sofas, humanistas y cient\u00edficas en la historia de la filosof\u00eda 4 AL 6 DE MAYO DE 2026&nbsp; El Proyecto&nbsp;PAIDI 012\/25&nbsp;Fil\u00f3sofas medievales en la Historia de la filosof\u00eda: un enfoque con perspectiva de g\u00e9nero&nbsp;de la Facultad de Estudios Superiores Acatl\u00e1n invita a lxs estudiantes de Licenciatura y Posgrado en Filosof\u00eda o de \u00e1reas&#8230;<\/p>\n","protected":false},"author":94,"featured_media":0,"parent":0,"menu_order":0,"comment_status":"closed","ping_status":"closed","template":"","meta":{"_exactmetrics_skip_tracking":false,"_exactmetrics_sitenote_active":false,"_exactmetrics_sitenote_note":"","_exactmetrics_sitenote_category":0,"_kad_post_transparent":"","_kad_post_title":"","_kad_post_layout":"","_kad_post_sidebar_id":"","_kad_post_content_style":"","_kad_post_vertical_padding":"","_kad_post_feature":"","_kad_post_feature_position":"","_kad_post_header":false,"_kad_post_footer":false,"footnotes":""},"class_list":["post-333","page","type-page","status-publish","hentry"],"yoast_head":"<!-- This site is optimized with the Yoast SEO plugin v24.7 - https:\/\/yoast.com\/wordpress\/plugins\/seo\/ -->\n<title>Congreso estudiantil - Filosof\u00eda medieval<\/title>\n<meta name=\"robots\" content=\"index, follow, max-snippet:-1, max-image-preview:large, max-video-preview:-1\" \/>\n<link rel=\"canonical\" href=\"https:\/\/blogs.acatlan.unam.mx\/filmedieval\/congreso-estudiantil\/\" \/>\n<meta property=\"og:locale\" content=\"es_ES\" \/>\n<meta property=\"og:type\" content=\"article\" \/>\n<meta property=\"og:title\" content=\"Congreso estudiantil - Filosof\u00eda medieval\" \/>\n<meta property=\"og:description\" content=\"CONVOCATORIA COLOQUIO ESTUDIANTIL&nbsp; Fil\u00f3sofas, humanistas y cient\u00edficas en la historia de la filosof\u00eda 4 AL 6 DE MAYO DE 2026&nbsp; El Proyecto&nbsp;PAIDI 012\/25&nbsp;Fil\u00f3sofas medievales en la Historia de la filosof\u00eda: un enfoque con perspectiva de g\u00e9nero&nbsp;de la Facultad de Estudios Superiores Acatl\u00e1n invita a lxs estudiantes de Licenciatura y Posgrado en Filosof\u00eda o de \u00e1reas...\" \/>\n<meta property=\"og:url\" content=\"https:\/\/blogs.acatlan.unam.mx\/filmedieval\/congreso-estudiantil\/\" \/>\n<meta property=\"og:site_name\" content=\"Filosof\u00eda medieval\" \/>\n<meta property=\"article:modified_time\" content=\"2026-04-06T16:32:45+00:00\" \/>\n<meta name=\"twitter:card\" content=\"summary_large_image\" \/>\n<meta name=\"twitter:label1\" content=\"Tiempo de lectura\" \/>\n\t<meta name=\"twitter:data1\" content=\"2 minutos\" \/>\n<script type=\"application\/ld+json\" class=\"yoast-schema-graph\">{\"@context\":\"https:\/\/schema.org\",\"@graph\":[{\"@type\":\"WebPage\",\"@id\":\"https:\/\/blogs.acatlan.unam.mx\/filmedieval\/congreso-estudiantil\/\",\"url\":\"https:\/\/blogs.acatlan.unam.mx\/filmedieval\/congreso-estudiantil\/\",\"name\":\"Congreso estudiantil - Filosof\u00eda medieval\",\"isPartOf\":{\"@id\":\"https:\/\/blogs.acatlan.unam.mx\/filmedieval\/#website\"},\"datePublished\":\"2026-02-20T17:58:36+00:00\",\"dateModified\":\"2026-04-06T16:32:45+00:00\",\"breadcrumb\":{\"@id\":\"https:\/\/blogs.acatlan.unam.mx\/filmedieval\/congreso-estudiantil\/#breadcrumb\"},\"inLanguage\":\"es\",\"potentialAction\":[{\"@type\":\"ReadAction\",\"target\":[\"https:\/\/blogs.acatlan.unam.mx\/filmedieval\/congreso-estudiantil\/\"]}]},{\"@type\":\"BreadcrumbList\",\"@id\":\"https:\/\/blogs.acatlan.unam.mx\/filmedieval\/congreso-estudiantil\/#breadcrumb\",\"itemListElement\":[{\"@type\":\"ListItem\",\"position\":1,\"name\":\"Portada\",\"item\":\"https:\/\/blogs.acatlan.unam.mx\/filmedieval\/\"},{\"@type\":\"ListItem\",\"position\":2,\"name\":\"Congreso estudiantil\"}]},{\"@type\":\"WebSite\",\"@id\":\"https:\/\/blogs.acatlan.unam.mx\/filmedieval\/#website\",\"url\":\"https:\/\/blogs.acatlan.unam.mx\/filmedieval\/\",\"name\":\"Filosof\u00eda medieval\",\"description\":\"UNAM-FES Acatl\u00e1n\",\"potentialAction\":[{\"@type\":\"SearchAction\",\"target\":{\"@type\":\"EntryPoint\",\"urlTemplate\":\"https:\/\/blogs.acatlan.unam.mx\/filmedieval\/?s={search_term_string}\"},\"query-input\":{\"@type\":\"PropertyValueSpecification\",\"valueRequired\":true,\"valueName\":\"search_term_string\"}}],\"inLanguage\":\"es\"}]}<\/script>\n<!-- \/ Yoast SEO plugin. -->","yoast_head_json":{"title":"Congreso estudiantil - Filosof\u00eda medieval","robots":{"index":"index","follow":"follow","max-snippet":"max-snippet:-1","max-image-preview":"max-image-preview:large","max-video-preview":"max-video-preview:-1"},"canonical":"https:\/\/blogs.acatlan.unam.mx\/filmedieval\/congreso-estudiantil\/","og_locale":"es_ES","og_type":"article","og_title":"Congreso estudiantil - Filosof\u00eda medieval","og_description":"CONVOCATORIA COLOQUIO ESTUDIANTIL&nbsp; Fil\u00f3sofas, humanistas y cient\u00edficas en la historia de la filosof\u00eda 4 AL 6 DE MAYO DE 2026&nbsp; El Proyecto&nbsp;PAIDI 012\/25&nbsp;Fil\u00f3sofas medievales en la Historia de la filosof\u00eda: un enfoque con perspectiva de g\u00e9nero&nbsp;de la Facultad de Estudios Superiores Acatl\u00e1n invita a lxs estudiantes de Licenciatura y Posgrado en Filosof\u00eda o de \u00e1reas...","og_url":"https:\/\/blogs.acatlan.unam.mx\/filmedieval\/congreso-estudiantil\/","og_site_name":"Filosof\u00eda medieval","article_modified_time":"2026-04-06T16:32:45+00:00","twitter_card":"summary_large_image","twitter_misc":{"Tiempo de lectura":"2 minutos"},"schema":{"@context":"https:\/\/schema.org","@graph":[{"@type":"WebPage","@id":"https:\/\/blogs.acatlan.unam.mx\/filmedieval\/congreso-estudiantil\/","url":"https:\/\/blogs.acatlan.unam.mx\/filmedieval\/congreso-estudiantil\/","name":"Congreso estudiantil - Filosof\u00eda medieval","isPartOf":{"@id":"https:\/\/blogs.acatlan.unam.mx\/filmedieval\/#website"},"datePublished":"2026-02-20T17:58:36+00:00","dateModified":"2026-04-06T16:32:45+00:00","breadcrumb":{"@id":"https:\/\/blogs.acatlan.unam.mx\/filmedieval\/congreso-estudiantil\/#breadcrumb"},"inLanguage":"es","potentialAction":[{"@type":"ReadAction","target":["https:\/\/blogs.acatlan.unam.mx\/filmedieval\/congreso-estudiantil\/"]}]},{"@type":"BreadcrumbList","@id":"https:\/\/blogs.acatlan.unam.mx\/filmedieval\/congreso-estudiantil\/#breadcrumb","itemListElement":[{"@type":"ListItem","position":1,"name":"Portada","item":"https:\/\/blogs.acatlan.unam.mx\/filmedieval\/"},{"@type":"ListItem","position":2,"name":"Congreso estudiantil"}]},{"@type":"WebSite","@id":"https:\/\/blogs.acatlan.unam.mx\/filmedieval\/#website","url":"https:\/\/blogs.acatlan.unam.mx\/filmedieval\/","name":"Filosof\u00eda medieval","description":"UNAM-FES Acatl\u00e1n","potentialAction":[{"@type":"SearchAction","target":{"@type":"EntryPoint","urlTemplate":"https:\/\/blogs.acatlan.unam.mx\/filmedieval\/?s={search_term_string}"},"query-input":{"@type":"PropertyValueSpecification","valueRequired":true,"valueName":"search_term_string"}}],"inLanguage":"es"}]}},"_links":{"self":[{"href":"https:\/\/blogs.acatlan.unam.mx\/filmedieval\/wp-json\/wp\/v2\/pages\/333","targetHints":{"allow":["GET"]}}],"collection":[{"href":"https:\/\/blogs.acatlan.unam.mx\/filmedieval\/wp-json\/wp\/v2\/pages"}],"about":[{"href":"https:\/\/blogs.acatlan.unam.mx\/filmedieval\/wp-json\/wp\/v2\/types\/page"}],"author":[{"embeddable":true,"href":"https:\/\/blogs.acatlan.unam.mx\/filmedieval\/wp-json\/wp\/v2\/users\/94"}],"replies":[{"embeddable":true,"href":"https:\/\/blogs.acatlan.unam.mx\/filmedieval\/wp-json\/wp\/v2\/comments?post=333"}],"version-history":[{"count":25,"href":"https:\/\/blogs.acatlan.unam.mx\/filmedieval\/wp-json\/wp\/v2\/pages\/333\/revisions"}],"predecessor-version":[{"id":883,"href":"https:\/\/blogs.acatlan.unam.mx\/filmedieval\/wp-json\/wp\/v2\/pages\/333\/revisions\/883"}],"wp:attachment":[{"href":"https:\/\/blogs.acatlan.unam.mx\/filmedieval\/wp-json\/wp\/v2\/media?parent=333"}],"curies":[{"name":"wp","href":"https:\/\/api.w.org\/{rel}","templated":true}]}}