{"id":319,"date":"2026-01-06T01:35:30","date_gmt":"2026-01-06T00:35:30","guid":{"rendered":"https:\/\/blogs.acatlan.unam.mx\/filmedieval\/?page_id=319"},"modified":"2026-03-31T20:06:10","modified_gmt":"2026-03-31T18:06:10","slug":"cursos","status":"publish","type":"page","link":"https:\/\/blogs.acatlan.unam.mx\/filmedieval\/cursos\/","title":{"rendered":"Cursos"},"content":{"rendered":"\n<div class=\"wp-block-group\"><div class=\"wp-block-group__inner-container is-layout-constrained wp-block-group-is-layout-constrained\">\n<div style=\"height:50px\" aria-hidden=\"true\" class=\"wp-block-spacer\"><\/div>\n\n\n\n<h2 class=\"wp-block-heading alignwide has-medium-font-size\" style=\"font-style:normal;font-weight:400;line-height:1.1\">CURSO- TALLER INTERSEMESTRAL FIL\u00d3SOFAS EN LA HISTORIA DE LA FILOSOF\u00cdA MEDIEVAL Y DEL RENACIMIENTO&nbsp;&nbsp;&nbsp;<br><\/h2>\n\n\n\n<h3 class=\"wp-block-heading alignwide\" style=\"font-size:20px;font-style:normal;font-weight:400;line-height:1.1\">Duraci\u00f3n: 20 hrs.&nbsp;<\/h3>\n\n\n\n<p class=\"has-small-font-size\">Del 19 al 23 de enero de 2026 de 10:00 a 14:00 hrs.<\/p>\n\n\n\n<div class=\"wp-block-columns alignwide is-layout-flex wp-container-core-columns-is-layout-9d6595d7 wp-block-columns-is-layout-flex\">\n<div class=\"wp-block-column is-layout-flow wp-block-column-is-layout-flow\">\n<p style=\"font-size:10px\">M\u00c1S INFORMACI\u00d3N EN: FIMEDIEVAL@ACATLAN.UNAM.MX<\/p>\n<\/div>\n\n\n\n<div class=\"wp-block-column is-layout-flow wp-block-column-is-layout-flow\">\n<p class=\"has-text-align-right\" style=\"font-size:12px\">Facebook Seminario de Filosof\u00eda Medieval<\/p>\n<\/div>\n\n\n\n<div class=\"wp-block-column is-layout-flow wp-block-column-is-layout-flow\"><\/div>\n<\/div>\n\n\n\n<div style=\"height:100px\" aria-hidden=\"true\" class=\"wp-block-spacer\"><\/div>\n<\/div><\/div>\n\n\n\n<p class=\"has-dark-brown-color has-text-color has-link-color has-small-font-size wp-elements-4edb15a5f48d1fbf42aea691ed3e9bc1\">En el marco de los valores universitarios a favor de una educaci\u00f3n igualitaria, incluyente y libre de violencias de g\u00e9nero que promueve la Universidad Nacional Aut\u00f3noma de M\u00e9xico&nbsp;y la Facultad de Estudios Superiores Acatl\u00e1n, el presente curso est\u00e1 encaminado a brindar conocimientos amplios sobre los or\u00edgenes de las perspectivas de g\u00e9nero.&nbsp;<\/p>\n\n\n\n<p class=\"has-dark-brown-color has-text-color has-link-color has-small-font-size wp-elements-2cf3f12627331982d8c483b767e5859c\">La historia de la filosof\u00eda ha sido construida en gran medida desde un enfoque que ha minimizado las aportaciones del pensamiento filos\u00f3fico y humanista de las mujeres. Ante ello, la perspectiva de g\u00e9nero ha sido impulsada desde el siglo pasado para reflexionar y sacar a la luz los escritos humanistas y sociales donde las mujeres han tenido un impacto relevante en la historia de la filosof\u00eda y las humanidades. Del siglo pasado destacan las investigaciones presididas por Mary Ellen Waithe (1995) sobre el an\u00e1lisis de fil\u00f3sofas en la Antig\u00fcedad y la Edad Media. En el mismo tenor, Chance (2005), Lawler (2018) y Hutton (2021) han dedicado esfuerzos a reflexionar sobre fil\u00f3sofas medievales y del renacimiento.&nbsp;<\/p>\n\n\n\n<p class=\"has-dark-brown-color has-text-color has-link-color has-small-font-size wp-elements-085063945e5d40f5bdc85082c1299380\">Un \u00e1rea de oportunidad para profundizar en estos alcances es la historia de la filosof\u00eda medieval y&nbsp;renacentista. Lejos de los prejuicios sobre la Edad Media como una \u00e9poca oscurantista, estudios del siglo pasado han destacado la relevancia y el impacto del periodo medieval en la conformaci\u00f3n de la&nbsp;historia de la&nbsp;filosof\u00eda, por medio de conceptos jur\u00eddicos, epist\u00e9micos, ontol\u00f3gicos y sociales. Por ello, el presente taller pretende vislumbrar la diversidad de pensadoras y fil\u00f3sofas de dichos periodos, enfocadas espec\u00edficamente desde una perspectiva de g\u00e9nero con responsabilidad social.<\/p>\n\n\n\n<p class=\"has-dark-brown-color has-text-color has-link-color has-small-font-size wp-elements-b83a8d492bc9ed903534135dc704aea9\">Objetivos particulares:<\/p>\n\n\n\n<ol class=\"wp-block-list\">\n<li class=\"has-dark-brown-color has-text-color has-link-color has-small-font-size wp-elements-190fdb5a2f3d82539098dcf7915450ad\">Visibilizar la relevancia de pensadoras y fil\u00f3sofas en la historia de la filosof\u00eda.<\/li>\n\n\n\n<li class=\"has-small-font-size\">Promover valores a favor de la paz, equidad social y educativa para una hermen\u00e9utica de la historia de la filosof\u00eda.<\/li>\n<\/ol>\n\n\n\n<p class=\"has-dark-brown-color has-text-color has-link-color has-small-font-size wp-elements-1558c45687c1f5cdc5b4d6ec51c20152\">Duraci\u00f3n: 20 hrs.&nbsp;<\/p>\n\n\n\n<figure class=\"wp-block-table has-small-font-size\"><table class=\"has-off-white-background-color has-background\"><tbody><tr><td><em>N\u00famero&nbsp;&nbsp;<\/em><em>horas&nbsp;<\/em><\/td><td><em>Contenidos tem\u00e1ticos<\/em><\/td><\/tr><tr><td>&nbsp;4<\/td><td>&nbsp;<strong>Tema 1. Perspectiva de g\u00e9nero contempor\u00e1nea para la Historia de la Filosof\u00eda<\/strong>&nbsp;<br>Presenta: Lic. Betsab\u00e9 Castro Ru\u00edz y Dra. Laura Soto Rangel<br>&nbsp;Lecturas:<br>Auffret S\u00e9verine, \u201cArqueolog\u00eda y problem\u00e1tica de las ideas feministas\u201d en&nbsp;<em>La gran historia del feminismo<\/em>, Ateneo, Argentina, 2019.&nbsp;<br>Varela Nuria,&nbsp;<em>Feminismo para principiantes<\/em>, Bolsillo, Espa\u00f1a, 2008.&nbsp;<br>Centro de Investigaciones y de Estudios de G\u00e9nero. UNAM.&nbsp;<a href=\"https:\/\/cieg.unam.mx\/\">https:\/\/cieg.unam.mx<\/a>&nbsp;<br>Lunes 19 de enero de 2026&nbsp;<\/td><\/tr><tr><td>4<\/td><td><strong>Tema 2. Fil\u00f3sofas en la Tardo-Antig\u00fcedad&nbsp;<\/strong><br>Presenta:&nbsp;&nbsp;Dra. Laura Soto Rangel<br>&nbsp;Lecturas:<br>Marina Bruzzese<em>. Las fil\u00f3sofas<\/em>, Espa\u00f1a, C\u00e1tedra, 1996, p. 44 a 59.<br>Purificaci\u00f3n Ubric Rabaneda<em>. \u201c<\/em>Ammas, las madres del desierto: \u00bfMaestras espirituales con voz propia?\u201den&nbsp;<em>Hijas de Eva:&nbsp;mujeres y religi\u00f3n en la Antig\u00fcedad.&nbsp;<\/em>Espa\u00f1a, Universidad de Sevilla, 2015, p. 175-190.&nbsp;<br>&nbsp;Martes 20 de enero de 2026&nbsp;<\/td><\/tr><tr><td>4<\/td><td>&nbsp;<strong>Tema 3.&nbsp;Fil\u00f3sofas medievales<\/strong>&nbsp;<br>Presenta: Dra. Laura Soto Rangel&nbsp;<br>Lecturas:&nbsp;<br>Marina Bruzzese<em>. Las fil\u00f3sofas<\/em>, Espa\u00f1a, C\u00e1tedra, 1996, p. 65 a 86.<br>&nbsp;Ingeborg Gleichauf,&nbsp;<em>Mujeres fil\u00f3sofas en la Historia. Desde la Antig\u00fcedad hasta el siglo XXI<\/em>, Espa\u00f1a, Icaria, 2010, p. 25 a 44.&nbsp;&nbsp;<br>Mi\u00e9rcoles 21 de enero de 2026<br>Jueves 22 de enero de 2026&nbsp;<\/td><\/tr><tr><td>&nbsp;4<\/td><td>&nbsp;<strong>Tema 4.&nbsp;Fil\u00f3sofas renacentistas<\/strong>&nbsp;<br>Presenta: Dra. Laura Soto Rangel&nbsp;<br>Lectura:<br>&nbsp;Ingeborg Gleichauf,&nbsp;<em>Mujeres fil\u00f3sofas en la Historia. Desde la Antig\u00fcedad hasta el siglo XXI<\/em>, Espa\u00f1a, Icaria, 2010, p. 45 a 56.&nbsp;<br>Viernes 23 de enero de 2026&nbsp;<\/td><\/tr><\/tbody><\/table><\/figure>\n\n\n\n<p class=\"has-small-font-size\"><\/p>\n\n\n\n<p class=\"has-small-font-size\">Curso intersemestral dirigido a estudiantes y p\u00fablico en general.&nbsp;<\/p>\n\n\n\n<p class=\"has-small-font-size\"><strong>Estrategias did\u00e1cticas&nbsp;<\/strong><\/p>\n\n\n\n<p class=\"has-small-font-size\">Se&nbsp;guiar\u00e1 y expondr\u00e1 cada una de las sesiones con ayuda de la participaci\u00f3n del grupo. Para fomentar la discusi\u00f3n, se realizar\u00e1n actividades individuales y colaborativas en sesiones sincr\u00f3nicas&nbsp;y asincr\u00f3nicas, tomando en cuenta el an\u00e1lisis de los temas basados en las lecturas.&nbsp;<\/p>\n\n\n\n<ul class=\"wp-block-list\">\n<li class=\"has-small-font-size\">Lectura de textos<\/li>\n\n\n\n<li class=\"has-small-font-size\">Elaboraci\u00f3n de actividades&nbsp;en clase<\/li>\n\n\n\n<li class=\"has-small-font-size\">Elaboraci\u00f3n de una infograf\u00eda&nbsp;<\/li>\n<\/ul>\n\n\n\n<p class=\"has-small-font-size\"><strong>Bibliograf\u00eda complementaria&nbsp;<\/strong><\/p>\n\n\n\n<p class=\"has-small-font-size\"><strong>Aquino, Tom\u00e1s de.<\/strong>&nbsp;(1952).&nbsp;<em>Suma contra gentiles<\/em>. Ed. Laureano Robles, Biblioteca de Autores Cristianos, Madrid.<\/p>\n\n\n\n<p class=\"has-small-font-size\"><strong>Aquino, Tom\u00e1s de.<\/strong>&nbsp;(1954).&nbsp;<em>De propositionibus modalibus<\/em>. Ed. Roberto Busa, en&nbsp;<em>Corpus Thomisticum<\/em>.&nbsp;<a href=\"https:\/\/www.corpusthomisticum.org\/dpp.html\">https:\/\/www.corpusthomisticum.org\/dpp.html<\/a>. [Consultado 20 de diciembre de 2023].<\/p>\n\n\n\n<p class=\"has-small-font-size\"><strong>Aquino, Tom\u00e1s de.<\/strong>&nbsp;(1962).&nbsp;<em>Expositio libri Peryermeneias<\/em>. Trad. Oesterle Jean, Marquette University Press, Milwaukee.<\/p>\n\n\n\n<p class=\"has-small-font-size\"><strong>Aquino, Tom\u00e1s de.<\/strong>&nbsp;(1989).&nbsp;<em>Opera Omnia iussu Leonis XIII, P.M.<\/em>&nbsp;Ed. Comisio Leonina-J, Vrin, Roma-Paris.<\/p>\n\n\n\n<p class=\"has-small-font-size\"><strong>Aquino, Tom\u00e1s de.<\/strong>&nbsp;(1990).&nbsp;<em>Suma Teol\u00f3gica<\/em>. Trad. Jos\u00e9 Martorell, Biblioteca de Autores Cristianos, Madrid.<\/p>\n\n\n\n<p class=\"has-small-font-size\"><strong>Aquino, Tom\u00e1s.<\/strong>&nbsp;(1994).&nbsp;<em>Suma de Teolog\u00eda<\/em>, II, II, Espa\u00f1a, BAC.<\/p>\n\n\n\n<p class=\"has-small-font-size\"><strong>Arruza, Cinzia, y Fraser, Nancy.<\/strong>&nbsp;(2019).&nbsp;<em>Manifiesto de un feminismo para el 99%<\/em>. Herder, Espa\u00f1a.<\/p>\n\n\n\n<p class=\"has-small-font-size\"><strong>Auffret, S\u00e9verine.<\/strong>&nbsp;(2019). &nbsp;<em>La gran historia del feminismo<\/em>, Ateneo, Argentina.<\/p>\n\n\n\n<p class=\"has-small-font-size\"><strong>Beuchot, Mauricio.<\/strong>&nbsp;(1996). \u201cEl sistema l\u00f3gico argumentativo de Tom\u00e1s de Aquino\u201d,&nbsp;<em>Revista Ergos, Nueva \u00c9poca<\/em>, n. 2.&nbsp;<a href=\"https:\/\/cdigital.uv.mx\/handle\/123456789\/36590\">https:\/\/cdigital.uv.mx\/handle\/123456789\/36590<\/a>. [Consultado 30 de abril de 2024].<\/p>\n\n\n\n<p class=\"has-small-font-size\"><strong>Beuchot, Mauricio.<\/strong>&nbsp;(2012).&nbsp;<em>La hermen\u00e9utica en la Edad Media<\/em>. M\u00e9xico, UNAM.<\/p>\n\n\n\n<p class=\"has-small-font-size\"><strong>Brumberg-Chaumont, Julie.<\/strong>&nbsp;(2026). \u201cThe Legacy of Ancient Logic in the Middle Ages\u201d, en&nbsp;<em>The Cambridge Companion to Medieval Logic<\/em>, coords. Duthil Catarina, Cambridge University Press, USA, pp. 19\u201328.<\/p>\n\n\n\n<p class=\"has-small-font-size\"><strong>Bruzzese, Marina.<\/strong>&nbsp;(1996).&nbsp;<em>Las fil\u00f3sofas<\/em>. Espa\u00f1a, C\u00e1tedra.<\/p>\n\n\n\n<p class=\"has-small-font-size\"><strong>Cabrera, Isabel, y Silva, Carmen.<\/strong>&nbsp;(2006).&nbsp;<em>Umbrales de la m\u00edstica<\/em>. M\u00e9xico, UNAM.<\/p>\n\n\n\n<p class=\"has-small-font-size\"><strong>Cabrera, Isabel, y Silva, Carmen.<\/strong>&nbsp;(2019). \u201cTres momentos de la m\u00edstica cristiana\u201d, en Lizaola Julieta (ed.),&nbsp;<em>Religiosidad y cultura. El fen\u00f3meno religioso y la concepci\u00f3n del mundo<\/em>. M\u00e9xico, UNAM.<\/p>\n\n\n\n<p class=\"has-small-font-size\"><strong>Cirlot, Victoria.<\/strong>&nbsp;(2008).&nbsp;<em>La mirada interior: escritoras m\u00edsticas y visionarias en la Edad Media<\/em>. Espa\u00f1a, Siruela.<\/p>\n\n\n\n<p class=\"has-small-font-size\"><strong>Cirlot, Victoria.<\/strong>&nbsp;(2012).&nbsp;<em>Hildegard von Bingen y la tradici\u00f3n visionaria de Occidente<\/em>. Espa\u00f1a, Herder.<\/p>\n\n\n\n<p class=\"has-small-font-size\"><strong>Cook, Roy.<\/strong>&nbsp;(2009).&nbsp;<em>A dictionary of philosophical logic<\/em>. Edinburgh University Press, Gran Breta\u00f1a.<\/p>\n\n\n\n<p class=\"has-small-font-size\"><strong>Craig, William.<\/strong>&nbsp;(1994). \u201cRobert Adams&#8217;s New Anti-Molinist Argument\u201d,&nbsp;<em>Philosophy and Phenomenological Research<\/em>, 54(4), pp. 857\u2013861.<\/p>\n\n\n\n<p class=\"has-small-font-size\"><strong>Forman, Robert.<\/strong>&nbsp;(1990).&nbsp;<em>The Problem of Pure Consciousness: Mysticism and Philosophy<\/em>. USA, Oxford University Press.<\/p>\n\n\n\n<p class=\"has-small-font-size\"><strong>Garc\u00eda, \u00c1ngel.<\/strong>&nbsp;(2012). \u201cLa consignificaci\u00f3n verbal. Perihermeneias, 18b 8\u201310, Ammonio, Boecio y Tom\u00e1s de Aquino\u201d,&nbsp;<em>Revista Espa\u00f1ola de Filosof\u00eda Medieval<\/em>, 19.&nbsp;<a href=\"https:\/\/dialnet.unirioja.es\/servlet\/articulo?codigo=4131156\">https:\/\/dialnet.unirioja.es\/servlet\/articulo?codigo=4131156<\/a>. [Consultado 20 de abril de 2024].<\/p>\n\n\n\n<p class=\"has-small-font-size\"><strong>Gleichauf, Ingeborg.<\/strong>&nbsp;(2010).&nbsp;<em>Mujeres fil\u00f3sofas en la Historia. Desde la Antig\u00fcedad hasta el siglo XXI<\/em>. Espa\u00f1a, Icaria.<\/p>\n\n\n\n<p class=\"has-small-font-size\"><strong>G\u00f3ngora, Mar\u00eda Eugenia.<\/strong>&nbsp;(2007). \u201cElisabeth de Sch\u00f6nau: autoridad visionaria y la presencia de los Santos\u201d,&nbsp;<em>Revista chilena de literatura<\/em>, 71, pp. 43\u201362.<\/p>\n\n\n\n<p class=\"has-small-font-size\"><strong>Guti\u00e9rrez, Griselda.<\/strong>&nbsp;(2002).&nbsp;<em>Feminismo en M\u00e9xico<\/em>. UNAM, M\u00e9xico.<\/p>\n\n\n\n<p class=\"has-small-font-size\"><strong>Hildegard of Bingen.<\/strong>&nbsp;(2007).&nbsp;<em>Unknown language<\/em>. Trad. Higley Sarah, USA, Palgrave MacMillan.<\/p>\n\n\n\n<p class=\"has-small-font-size\"><strong>Katz, Steven T.<\/strong>&nbsp;(1992).&nbsp;<em>Mysticism and language<\/em>. USA, Oxford University Press.<\/p>\n\n\n\n<p class=\"has-small-font-size\"><strong>Kienzle, Beverly Mayne.<\/strong>&nbsp;(2014).&nbsp;<em>A companion to Hildegard of Bingen<\/em>. USA, Brill.<\/p>\n\n\n\n<p class=\"has-small-font-size\"><strong>Kretzmann, Norman.<\/strong>&nbsp;(1988).&nbsp;<em>The Cambridge translations of Medieval philosophical texts. Logic and the philosophy of language<\/em>. University of Cambridge, USA.<\/p>\n\n\n\n<p class=\"has-small-font-size\"><strong>Lizaola Julieta&nbsp;<\/strong>(2019),&nbsp;<em>Religiosidad y cultura. El fen\u00f3meno religioso y la concepci\u00f3n del mundo<\/em>. M\u00e9xico, UNAM.<\/p>\n\n\n\n<p class=\"has-small-font-size\"><strong>Lizaola Julieta&nbsp;<\/strong>(<strong>2<\/strong>024). Reflexiones en torno al fen\u00f3meno religioso. M\u00e9xico. UNAM<\/p>\n\n\n\n<p class=\"has-small-font-size\"><strong>Miranda, Rafael.<\/strong>&nbsp;(2012). \u201cFuturos contingentes, bivalencia e indeterminismo epist\u00e9mico\u201d,&nbsp;<em>Revista Prax. Filos.<\/em>, Cali, n. 35, pp. 59\u201382.&nbsp;<a href=\"http:\/\/www.scielo.org.co\/scielo.php?script=sci_arttext&amp;pid=S0120-46882012000200003&amp;lng=en&amp;nrm=iso\">http:\/\/www.scielo.org.co\/scielo.php?script=sci_arttext&amp;pid=S0120-46882012000200003&amp;lng=en&amp;nrm=iso<\/a>. [Consultado 12 de enero de 2024].<\/p>\n\n\n\n<p class=\"has-small-font-size\"><strong>Paglia, Camille.<\/strong>&nbsp;(2018).&nbsp;<em>Feminismo, pasado y presente<\/em>. Espa\u00f1a, Titibillus.<\/p>\n\n\n\n<p class=\"has-small-font-size\"><strong>P\u00e9rez, Larisa.<\/strong>&nbsp;(2014). \u201cCuerpos y desplazamientos. Retos feministas en un marco pos\/descolonial\u201d,&nbsp;<em>Cuadernos Intercambio sobre Centroam\u00e9rica y el Caribe<\/em>, 12(1), pp. 97\u2013115.<\/p>\n\n\n\n<p class=\"has-small-font-size\"><strong>Pitra, Jean B.<\/strong>&nbsp;(1882).&nbsp;<em>Analecta Sanctae Hildegardis<\/em>, VIII, Monte Cassino.<\/p>\n\n\n\n<p class=\"has-small-font-size\"><strong>Soto Rangel Laura<\/strong>&nbsp;(2024). La experiencia visionaria en el fen\u00f3meno m\u00edstico. La m\u00edstica de Hildegarda de Bingen en Lizaola Julieta. Reflexiones en torno al fen\u00f3meno religioso. M\u00e9xico. UNAM.<\/p>\n\n\n\n<p class=\"has-small-font-size\"><strong>Stace, W. T.<\/strong>&nbsp;(1960).&nbsp;<em>Mysticism and Philosophy<\/em>. London, MacMillan.<\/p>\n\n\n\n<p class=\"has-small-font-size\"><strong>Taillefer de Haya, Lidia.<\/strong>&nbsp;(2008).&nbsp;<em>Or\u00edgenes del feminismo. Textos ingleses de los siglos XVI\u2013XVIII<\/em>. Marcea, Espa\u00f1a.<\/p>\n\n\n\n<p class=\"has-small-font-size\"><strong>Ubric Rabaneda, Purificaci\u00f3n.<\/strong>&nbsp;(2015). \u201cAmmas, las madres del desierto: \u00bfMaestras espirituales con voz propia?\u201d, en&nbsp;<em>Hijas de Eva: mujeres y religi\u00f3n en la Antig\u00fcedad<\/em>. Espa\u00f1a, Universidad de Sevilla.<\/p>\n\n\n\n<p class=\"has-small-font-size\"><strong>Uckelman, Sara.<\/strong>&nbsp;(2009).&nbsp;<em>Modalities in Medieval Logic<\/em>. Universiteit van Amsterdam, Amsterdam.<\/p>\n\n\n\n<p class=\"has-small-font-size\"><strong>Varela, Nuria.<\/strong>&nbsp;(2008).&nbsp;<em>Feminismo para principiantes<\/em>. Bolsillo, Espa\u00f1a.<\/p>\n\n\n\n<p class=\"has-small-font-size\"><strong>Velasco Mart\u00edn, Juan.<\/strong>&nbsp;(2003).&nbsp;<em>El fen\u00f3meno m\u00edstico<\/em>. Espa\u00f1a, Trotta.<\/p>\n\n\n\n<p class=\"has-small-font-size\"><strong>Y\u00e9benes, Zenia.<\/strong>&nbsp;(2019). \u201cMors Mystica: cat\u00e1strofe y duelo\u201d, en Lizaola Julieta (ed.),&nbsp;<em>Religiosidad y cultura. El fen\u00f3meno religioso y la concepci\u00f3n del mundo<\/em>. M\u00e9xico, UNAM.<\/p>\n","protected":false},"excerpt":{"rendered":"<p>CURSO- TALLER INTERSEMESTRAL FIL\u00d3SOFAS EN LA HISTORIA DE LA FILOSOF\u00cdA MEDIEVAL Y DEL RENACIMIENTO&nbsp;&nbsp;&nbsp; Duraci\u00f3n: 20 hrs.&nbsp; Del 19 al 23 de enero de 2026 de 10:00 a 14:00 hrs. M\u00c1S INFORMACI\u00d3N EN: FIMEDIEVAL@ACATLAN.UNAM.MX Facebook Seminario de Filosof\u00eda Medieval En el marco de los valores universitarios a favor de una educaci\u00f3n igualitaria, incluyente y libre&#8230;<\/p>\n","protected":false},"author":94,"featured_media":0,"parent":0,"menu_order":0,"comment_status":"closed","ping_status":"closed","template":"","meta":{"_exactmetrics_skip_tracking":false,"_exactmetrics_sitenote_active":false,"_exactmetrics_sitenote_note":"","_exactmetrics_sitenote_category":0,"_kad_post_transparent":"","_kad_post_title":"","_kad_post_layout":"","_kad_post_sidebar_id":"","_kad_post_content_style":"","_kad_post_vertical_padding":"","_kad_post_feature":"","_kad_post_feature_position":"","_kad_post_header":false,"_kad_post_footer":false,"footnotes":""},"class_list":["post-319","page","type-page","status-publish","hentry"],"yoast_head":"<!-- This site is optimized with the Yoast SEO plugin v24.7 - https:\/\/yoast.com\/wordpress\/plugins\/seo\/ -->\n<title>Cursos - Filosof\u00eda medieval<\/title>\n<meta name=\"robots\" content=\"index, follow, max-snippet:-1, max-image-preview:large, max-video-preview:-1\" \/>\n<link rel=\"canonical\" href=\"https:\/\/blogs.acatlan.unam.mx\/filmedieval\/cursos\/\" \/>\n<meta property=\"og:locale\" content=\"es_ES\" \/>\n<meta property=\"og:type\" content=\"article\" \/>\n<meta property=\"og:title\" content=\"Cursos - Filosof\u00eda medieval\" \/>\n<meta property=\"og:description\" content=\"CURSO- TALLER INTERSEMESTRAL FIL\u00d3SOFAS EN LA HISTORIA DE LA FILOSOF\u00cdA MEDIEVAL Y DEL RENACIMIENTO&nbsp;&nbsp;&nbsp; Duraci\u00f3n: 20 hrs.&nbsp; Del 19 al 23 de enero de 2026 de 10:00 a 14:00 hrs. M\u00c1S INFORMACI\u00d3N EN: FIMEDIEVAL@ACATLAN.UNAM.MX Facebook Seminario de Filosof\u00eda Medieval En el marco de los valores universitarios a favor de una educaci\u00f3n igualitaria, incluyente y libre...\" \/>\n<meta property=\"og:url\" content=\"https:\/\/blogs.acatlan.unam.mx\/filmedieval\/cursos\/\" \/>\n<meta property=\"og:site_name\" content=\"Filosof\u00eda medieval\" \/>\n<meta property=\"article:modified_time\" content=\"2026-03-31T18:06:10+00:00\" \/>\n<meta name=\"twitter:card\" content=\"summary_large_image\" \/>\n<meta name=\"twitter:label1\" content=\"Tiempo de lectura\" \/>\n\t<meta name=\"twitter:data1\" content=\"6 minutos\" \/>\n<script type=\"application\/ld+json\" class=\"yoast-schema-graph\">{\"@context\":\"https:\/\/schema.org\",\"@graph\":[{\"@type\":\"WebPage\",\"@id\":\"https:\/\/blogs.acatlan.unam.mx\/filmedieval\/cursos\/\",\"url\":\"https:\/\/blogs.acatlan.unam.mx\/filmedieval\/cursos\/\",\"name\":\"Cursos - Filosof\u00eda medieval\",\"isPartOf\":{\"@id\":\"https:\/\/blogs.acatlan.unam.mx\/filmedieval\/#website\"},\"datePublished\":\"2026-01-06T00:35:30+00:00\",\"dateModified\":\"2026-03-31T18:06:10+00:00\",\"breadcrumb\":{\"@id\":\"https:\/\/blogs.acatlan.unam.mx\/filmedieval\/cursos\/#breadcrumb\"},\"inLanguage\":\"es\",\"potentialAction\":[{\"@type\":\"ReadAction\",\"target\":[\"https:\/\/blogs.acatlan.unam.mx\/filmedieval\/cursos\/\"]}]},{\"@type\":\"BreadcrumbList\",\"@id\":\"https:\/\/blogs.acatlan.unam.mx\/filmedieval\/cursos\/#breadcrumb\",\"itemListElement\":[{\"@type\":\"ListItem\",\"position\":1,\"name\":\"Portada\",\"item\":\"https:\/\/blogs.acatlan.unam.mx\/filmedieval\/\"},{\"@type\":\"ListItem\",\"position\":2,\"name\":\"Cursos\"}]},{\"@type\":\"WebSite\",\"@id\":\"https:\/\/blogs.acatlan.unam.mx\/filmedieval\/#website\",\"url\":\"https:\/\/blogs.acatlan.unam.mx\/filmedieval\/\",\"name\":\"Filosof\u00eda medieval\",\"description\":\"UNAM-FES Acatl\u00e1n\",\"potentialAction\":[{\"@type\":\"SearchAction\",\"target\":{\"@type\":\"EntryPoint\",\"urlTemplate\":\"https:\/\/blogs.acatlan.unam.mx\/filmedieval\/?s={search_term_string}\"},\"query-input\":{\"@type\":\"PropertyValueSpecification\",\"valueRequired\":true,\"valueName\":\"search_term_string\"}}],\"inLanguage\":\"es\"}]}<\/script>\n<!-- \/ Yoast SEO plugin. -->","yoast_head_json":{"title":"Cursos - Filosof\u00eda medieval","robots":{"index":"index","follow":"follow","max-snippet":"max-snippet:-1","max-image-preview":"max-image-preview:large","max-video-preview":"max-video-preview:-1"},"canonical":"https:\/\/blogs.acatlan.unam.mx\/filmedieval\/cursos\/","og_locale":"es_ES","og_type":"article","og_title":"Cursos - Filosof\u00eda medieval","og_description":"CURSO- TALLER INTERSEMESTRAL FIL\u00d3SOFAS EN LA HISTORIA DE LA FILOSOF\u00cdA MEDIEVAL Y DEL RENACIMIENTO&nbsp;&nbsp;&nbsp; Duraci\u00f3n: 20 hrs.&nbsp; Del 19 al 23 de enero de 2026 de 10:00 a 14:00 hrs. M\u00c1S INFORMACI\u00d3N EN: FIMEDIEVAL@ACATLAN.UNAM.MX Facebook Seminario de Filosof\u00eda Medieval En el marco de los valores universitarios a favor de una educaci\u00f3n igualitaria, incluyente y libre...","og_url":"https:\/\/blogs.acatlan.unam.mx\/filmedieval\/cursos\/","og_site_name":"Filosof\u00eda medieval","article_modified_time":"2026-03-31T18:06:10+00:00","twitter_card":"summary_large_image","twitter_misc":{"Tiempo de lectura":"6 minutos"},"schema":{"@context":"https:\/\/schema.org","@graph":[{"@type":"WebPage","@id":"https:\/\/blogs.acatlan.unam.mx\/filmedieval\/cursos\/","url":"https:\/\/blogs.acatlan.unam.mx\/filmedieval\/cursos\/","name":"Cursos - Filosof\u00eda medieval","isPartOf":{"@id":"https:\/\/blogs.acatlan.unam.mx\/filmedieval\/#website"},"datePublished":"2026-01-06T00:35:30+00:00","dateModified":"2026-03-31T18:06:10+00:00","breadcrumb":{"@id":"https:\/\/blogs.acatlan.unam.mx\/filmedieval\/cursos\/#breadcrumb"},"inLanguage":"es","potentialAction":[{"@type":"ReadAction","target":["https:\/\/blogs.acatlan.unam.mx\/filmedieval\/cursos\/"]}]},{"@type":"BreadcrumbList","@id":"https:\/\/blogs.acatlan.unam.mx\/filmedieval\/cursos\/#breadcrumb","itemListElement":[{"@type":"ListItem","position":1,"name":"Portada","item":"https:\/\/blogs.acatlan.unam.mx\/filmedieval\/"},{"@type":"ListItem","position":2,"name":"Cursos"}]},{"@type":"WebSite","@id":"https:\/\/blogs.acatlan.unam.mx\/filmedieval\/#website","url":"https:\/\/blogs.acatlan.unam.mx\/filmedieval\/","name":"Filosof\u00eda medieval","description":"UNAM-FES Acatl\u00e1n","potentialAction":[{"@type":"SearchAction","target":{"@type":"EntryPoint","urlTemplate":"https:\/\/blogs.acatlan.unam.mx\/filmedieval\/?s={search_term_string}"},"query-input":{"@type":"PropertyValueSpecification","valueRequired":true,"valueName":"search_term_string"}}],"inLanguage":"es"}]}},"_links":{"self":[{"href":"https:\/\/blogs.acatlan.unam.mx\/filmedieval\/wp-json\/wp\/v2\/pages\/319","targetHints":{"allow":["GET"]}}],"collection":[{"href":"https:\/\/blogs.acatlan.unam.mx\/filmedieval\/wp-json\/wp\/v2\/pages"}],"about":[{"href":"https:\/\/blogs.acatlan.unam.mx\/filmedieval\/wp-json\/wp\/v2\/types\/page"}],"author":[{"embeddable":true,"href":"https:\/\/blogs.acatlan.unam.mx\/filmedieval\/wp-json\/wp\/v2\/users\/94"}],"replies":[{"embeddable":true,"href":"https:\/\/blogs.acatlan.unam.mx\/filmedieval\/wp-json\/wp\/v2\/comments?post=319"}],"version-history":[{"count":10,"href":"https:\/\/blogs.acatlan.unam.mx\/filmedieval\/wp-json\/wp\/v2\/pages\/319\/revisions"}],"predecessor-version":[{"id":626,"href":"https:\/\/blogs.acatlan.unam.mx\/filmedieval\/wp-json\/wp\/v2\/pages\/319\/revisions\/626"}],"wp:attachment":[{"href":"https:\/\/blogs.acatlan.unam.mx\/filmedieval\/wp-json\/wp\/v2\/media?parent=319"}],"curies":[{"name":"wp","href":"https:\/\/api.w.org\/{rel}","templated":true}]}}